{"id":50468,"date":"2023-11-13T16:32:54","date_gmt":"2023-11-13T08:32:54","guid":{"rendered":"https:\/\/metalstek.com\/ueber-uns\/"},"modified":"2025-05-06T15:07:44","modified_gmt":"2025-05-06T07:07:44","slug":"ueber-uns","status":"publish","type":"page","link":"https:\/\/metalstek.com\/de\/ueber-uns\/","title":{"rendered":"\u00dcber uns"},"content":{"rendered":"\t\t<div data-elementor-type=\"wp-page\" data-elementor-id=\"50468\" class=\"elementor elementor-50468 elementor-80\" data-elementor-post-type=\"page\">\n\t\t\t\t<div class=\"elementor-element elementor-element-eb0399d e-flex e-con-boxed elementor-repeater-item-default_padding elementor-repeater-item-none elementor-repeater-item-none_hover e-con e-parent\" data-id=\"eb0399d\" data-element_type=\"container\" data-settings=\"{&quot;ang_container_spacing_size&quot;:&quot;default_padding&quot;}\" data-core-v316-plus=\"true\">\n\t\t\t\t\t<div class=\"e-con-inner\">\n\t\t<div class=\"elementor-element elementor-element-180244d e-flex e-con-boxed elementor-repeater-item-default_padding elementor-repeater-item-none elementor-repeater-item-none_hover e-con e-child\" data-id=\"180244d\" data-element_type=\"container\" data-settings=\"{&quot;ang_container_spacing_size&quot;:&quot;default_padding&quot;}\">\n\t\t\t\t\t<div class=\"e-con-inner\">\n\t\t<div class=\"elementor-element elementor-element-80f2f7f e-con-full elementor-repeater-item-none elementor-repeater-item-none_hover e-flex elementor-repeater-item-default_padding e-con e-child\" data-id=\"80f2f7f\" data-element_type=\"container\" data-settings=\"{&quot;ang_container_spacing_size&quot;:&quot;default_padding&quot;}\">\n\t\t\t\t<div class=\"elementor-element elementor-element-e7fb45c elementor-repeater-item-none elementor-repeater-item-none_hover elementor-widget elementor-widget-heading\" data-id=\"e7fb45c\" data-element_type=\"widget\" data-widget_type=\"heading.default\">\n\t\t\t\t<div class=\"elementor-widget-container\">\n\t\t\t<style>\/*! elementor - v3.20.0 - 26-03-2024 *\/\n.elementor-heading-title{padding:0;margin:0;line-height:1}.elementor-widget-heading .elementor-heading-title[class*=elementor-size-]>a{color:inherit;font-size:inherit;line-height:inherit}.elementor-widget-heading .elementor-heading-title.elementor-size-small{font-size:15px}.elementor-widget-heading .elementor-heading-title.elementor-size-medium{font-size:19px}.elementor-widget-heading .elementor-heading-title.elementor-size-large{font-size:29px}.elementor-widget-heading .elementor-heading-title.elementor-size-xl{font-size:39px}.elementor-widget-heading .elementor-heading-title.elementor-size-xxl{font-size:59px}<\/style><h1 class=\"elementor-heading-title elementor-size-default\">\u00dcber MetalsTek Engineering<\/h1>\t\t<\/div>\n\t\t\t\t<\/div>\n\t\t\t\t<\/div>\n\t\t\t\t\t<\/div>\n\t\t\t\t<\/div>\n\t\t\t\t\t<\/div>\n\t\t\t\t<\/div>\n\t\t<div class=\"elementor-element elementor-element-6ce2139 e-flex e-con-boxed elementor-repeater-item-default_padding elementor-repeater-item-none elementor-repeater-item-none_hover e-con e-parent\" data-id=\"6ce2139\" data-element_type=\"container\" data-settings=\"{&quot;ang_container_spacing_size&quot;:&quot;default_padding&quot;}\" data-core-v316-plus=\"true\">\n\t\t\t\t\t<div class=\"e-con-inner\">\n\t\t<div class=\"elementor-element elementor-element-d7236cf e-flex e-con-boxed elementor-repeater-item-default_padding elementor-repeater-item-none elementor-repeater-item-none_hover e-con e-child\" data-id=\"d7236cf\" data-element_type=\"container\" data-settings=\"{&quot;ang_container_spacing_size&quot;:&quot;default_padding&quot;}\">\n\t\t\t\t\t<div class=\"e-con-inner\">\n\t\t<div class=\"elementor-element elementor-element-a7b1a16 e-con-full elementor-repeater-item-none elementor-repeater-item-none_hover e-flex elementor-repeater-item-default_padding e-con e-child\" data-id=\"a7b1a16\" data-element_type=\"container\" data-settings=\"{&quot;ang_container_spacing_size&quot;:&quot;default_padding&quot;}\">\n\t\t\t\t<div class=\"elementor-element elementor-element-2322915 elementor-repeater-item-none elementor-repeater-item-none_hover elementor-widget elementor-widget-text-editor\" data-id=\"2322915\" data-element_type=\"widget\" data-widget_type=\"text-editor.default\">\n\t\t\t\t<div class=\"elementor-widget-container\">\n\t\t\t<style>\/*! elementor - v3.20.0 - 26-03-2024 *\/\n.elementor-widget-text-editor.elementor-drop-cap-view-stacked .elementor-drop-cap{background-color:#69727d;color:#fff}.elementor-widget-text-editor.elementor-drop-cap-view-framed .elementor-drop-cap{color:#69727d;border:3px solid;background-color:transparent}.elementor-widget-text-editor:not(.elementor-drop-cap-view-default) .elementor-drop-cap{margin-top:8px}.elementor-widget-text-editor:not(.elementor-drop-cap-view-default) .elementor-drop-cap-letter{width:1em;height:1em}.elementor-widget-text-editor .elementor-drop-cap{float:left;text-align:center;line-height:1;font-size:50px}.elementor-widget-text-editor .elementor-drop-cap-letter{display:inline-block}<\/style>\t\t\t\t<p>MetalsTek Engineering ist ein globales Unternehmen, das sich auf Forschung, Entwicklung, Herstellung und Vertrieb von Hochleistungsmaterialien spezialisiert hat. Wir liefern hochreine Refrakt\u00e4rmaterialien an Forschungseinrichtungen und High-Tech-Unternehmen weltweit. Wir sind stark vertreten in den M\u00e4rkten f\u00fcr Pulver, Legierungen, St\u00e4be, Boote, Tiegel, Elektroden, Platten, Rundst\u00e4be, Bleche, Rohre, Dr\u00e4hte und Sputtertargets. Seit \u00fcber einem Jahrzehnt vertrauen Kunden weltweit auf MetalsTek, um Kosten zu senken, Qualit\u00e4t zu verbessern und Lieferzeiten zu verk\u00fcrzen \u2013 und sich damit einen Wettbewerbsvorteil zu sichern.   <\/p><p>Mit einem klaren Bekenntnis zu pr\u00e4ziser Ingenieurskunst und au\u00dfergew\u00f6hnlicher Qualit\u00e4t steht MetalsTek Engineering seit \u00fcber 10 Jahren an der Spitze der Branche und beliefert verschiedenste Sektoren, die erstklassige Materialien mit herausragenden Eigenschaften ben\u00f6tigen.<\/p>\t\t\t\t\t\t<\/div>\n\t\t\t\t<\/div>\n\t\t\t\t<div class=\"elementor-element elementor-element-c937b2c elementor-repeater-item-none elementor-repeater-item-none_hover elementor-widget elementor-widget-heading\" data-id=\"c937b2c\" data-element_type=\"widget\" data-widget_type=\"heading.default\">\n\t\t\t\t<div class=\"elementor-widget-container\">\n\t\t\t<h3 class=\"elementor-heading-title elementor-size-default\">Kompetenz in Refrakt\u00e4rmetallen<\/h3>\t\t<\/div>\n\t\t\t\t<\/div>\n\t\t\t\t<div class=\"elementor-element elementor-element-a67e4fc elementor-repeater-item-none elementor-repeater-item-none_hover elementor-widget elementor-widget-text-editor\" data-id=\"a67e4fc\" data-element_type=\"widget\" data-widget_type=\"text-editor.default\">\n\t\t\t\t<div class=\"elementor-widget-container\">\n\t\t\t\t\t\t\t<p>Unser Unternehmen ist f\u00fchrend in der Bereitstellung von Refrakt\u00e4rmetallen, die f\u00fcr ihre au\u00dfergew\u00f6hnliche Hitzebest\u00e4ndigkeit und Langlebigkeit bekannt sind. Wir bieten eine umfassende Auswahl an Hochleistungsmaterialien wie Wolfram, Molybd\u00e4n, Niob, Tantal, Rhenium und weiteren Metallen, die f\u00fcr den Einsatz unter extremen Bedingungen in verschiedenen industriellen Anwendungen entwickelt wurden. <\/p>\t\t\t\t\t\t<\/div>\n\t\t\t\t<\/div>\n\t\t\t\t<div class=\"elementor-element elementor-element-3be4c26 elementor-repeater-item-none elementor-repeater-item-none_hover elementor-widget elementor-widget-heading\" data-id=\"3be4c26\" data-element_type=\"widget\" data-widget_type=\"heading.default\">\n\t\t\t\t<div class=\"elementor-widget-container\">\n\t\t\t<h3 class=\"elementor-heading-title elementor-size-default\">Seltene und Basismetalle<\/h3>\t\t<\/div>\n\t\t\t\t<\/div>\n\t\t\t\t<div class=\"elementor-element elementor-element-dcbf558 elementor-repeater-item-none elementor-repeater-item-none_hover elementor-widget elementor-widget-text-editor\" data-id=\"dcbf558\" data-element_type=\"widget\" data-widget_type=\"text-editor.default\">\n\t\t\t\t<div class=\"elementor-widget-container\">\n\t\t\t\t\t\t\t<p>MetalsTek Engineering liefert ein breites Spektrum an seltenen Metallen und gew\u00f6hnlichen Metallen sowie sorgf\u00e4ltig hergestellte Legierungen, die den anspruchsvollen Standards von Branchen entsprechen, die spezifische Eigenschaften und Merkmale ben\u00f6tigen. Unser Bestand umfasst eine breite Palette von Metallen, die eine umfassende L\u00f6sung f\u00fcr verschiedene industrielle Anforderungen gew\u00e4hrleisten. <\/p>\t\t\t\t\t\t<\/div>\n\t\t\t\t<\/div>\n\t\t\t\t<div class=\"elementor-element elementor-element-21dae8a elementor-repeater-item-none elementor-repeater-item-none_hover elementor-widget elementor-widget-heading\" data-id=\"21dae8a\" data-element_type=\"widget\" data-widget_type=\"heading.default\">\n\t\t\t\t<div class=\"elementor-widget-container\">\n\t\t\t<h3 class=\"elementor-heading-title elementor-size-default\">Oxide und Beschichtungsmaterialien<\/h3>\t\t<\/div>\n\t\t\t\t<\/div>\n\t\t\t\t<div class=\"elementor-element elementor-element-b95a883 elementor-repeater-item-none elementor-repeater-item-none_hover elementor-widget elementor-widget-text-editor\" data-id=\"b95a883\" data-element_type=\"widget\" data-widget_type=\"text-editor.default\">\n\t\t\t\t<div class=\"elementor-widget-container\">\n\t\t\t\t\t\t\t<p>Neben Metallen und Legierungen bietet unser Unternehmen auch Oxide und Beschichtungsmaterialien an, die mit h\u00f6chster Sorgfalt gefertigt wurden, um den strengen Anforderungen fortschrittlicher Anwendungen gerecht zu werden. Diese Materialien erf\u00fcllen h\u00f6chste Reinheits- und Leistungsstandards und spielen eine zentrale Rolle in modernsten Technologien und innovativen Prozessen. <\/p>\t\t\t\t\t\t<\/div>\n\t\t\t\t<\/div>\n\t\t\t\t<div class=\"elementor-element elementor-element-ab6f57c elementor-repeater-item-none elementor-repeater-item-none_hover elementor-widget elementor-widget-heading\" data-id=\"ab6f57c\" data-element_type=\"widget\" data-widget_type=\"heading.default\">\n\t\t\t\t<div class=\"elementor-widget-container\">\n\t\t\t<h3 class=\"elementor-heading-title elementor-size-default\">Engagement f\u00fcr Exzellenz<\/h3>\t\t<\/div>\n\t\t\t\t<\/div>\n\t\t\t\t<div class=\"elementor-element elementor-element-46f0e19 elementor-repeater-item-none elementor-repeater-item-none_hover elementor-widget elementor-widget-text-editor\" data-id=\"46f0e19\" data-element_type=\"widget\" data-widget_type=\"text-editor.default\">\n\t\t\t\t<div class=\"elementor-widget-container\">\n\t\t\t\t\t\t\t<p>Bei MetalsTek Engineering ist unser Streben nach Exzellenz in allen Bereichen unserer T\u00e4tigkeit fest verankert. Wir legen gr\u00f6\u00dften Wert auf pr\u00e4zise Fertigung, strenge Qualit\u00e4tskontrollen und einen unvergleichlichen Kundenservice. Unser Expertenteam ist bestrebt, Ihre individuellen Anforderungen zu verstehen und ma\u00dfgeschneiderte L\u00f6sungen zu liefern, die Ihre Erwartungen \u00fcbertreffen.  <\/p>\t\t\t\t\t\t<\/div>\n\t\t\t\t<\/div>\n\t\t\t\t<div class=\"elementor-element elementor-element-9e9452d elementor-repeater-item-none elementor-repeater-item-none_hover elementor-widget elementor-widget-heading\" data-id=\"9e9452d\" data-element_type=\"widget\" data-widget_type=\"heading.default\">\n\t\t\t\t<div class=\"elementor-widget-container\">\n\t\t\t<h3 class=\"elementor-heading-title elementor-size-default\">Industrielle Anwendungen<\/h3>\t\t<\/div>\n\t\t\t\t<\/div>\n\t\t\t\t<div class=\"elementor-element elementor-element-7b5e635 elementor-repeater-item-none elementor-repeater-item-none_hover elementor-widget elementor-widget-text-editor\" data-id=\"7b5e635\" data-element_type=\"widget\" data-widget_type=\"text-editor.default\">\n\t\t\t\t<div class=\"elementor-widget-container\">\n\t\t\t\t\t\t\t<p>Unsere Materialien finden breite Anwendung in verschiedensten Branchen, darunter Luft- und Raumfahrt, Verteidigung, Elektronik, Energie, Hochtemperaturfertigung und Spitzentechnologie. Wir sind stolz darauf, zum Erfolg und zur Innovation unserer Kunden beizutragen, indem wir Materialien liefern, die die Industriestandards erf\u00fcllen und \u00fcbertreffen. <\/p>\n<p>MetalsTek Engineering ist Ihr verl\u00e4sslicher Partner \u2013 mit erstklassigen Materialien, technischer Expertise und dem Anspruch, in jedem Aspekt unserer Dienstleistungen Exzellenz zu liefern. Ob feuerfeste Metalle, seltene Materialien, Hochleistungslegierungen oder ma\u00dfgeschneiderte Produkte \u2013 wir sind Ihre vertrauensw\u00fcrdige Quelle f\u00fcr pr\u00e4zisionsgefertigte L\u00f6sungen, die Fortschritt und Erfolg in Ihrer Branche vorantreiben. <\/p>\t\t\t\t\t\t<\/div>\n\t\t\t\t<\/div>\n\t\t\t\t<\/div>\n\t\t<div class=\"elementor-element elementor-element-e298742 e-con-full e-flex elementor-repeater-item-default_padding elementor-repeater-item-none elementor-repeater-item-none_hover e-con e-child\" data-id=\"e298742\" data-element_type=\"container\" data-settings=\"{&quot;ang_container_spacing_size&quot;:&quot;default_padding&quot;}\">\n\t\t\t\t<div class=\"elementor-element elementor-element-09eef5a elementor-repeater-item-none elementor-repeater-item-none_hover elementor-widget elementor-widget-html\" data-id=\"09eef5a\" data-element_type=\"widget\" data-widget_type=\"html.default\">\n\t\t\t\t<div class=\"elementor-widget-container\">\n\t\t\t<div class=\"father\">\r\n  <div class=\"img-container\">\r\n      <div class=\"box\">\r\n        <img decoding=\"async\" src=\"https:\/\/metalstek.com\/wp-content\/uploads\/2024\/05\/Our-Factory.jpeg\" alt=\"\">\r\n      <\/div>\r\n      <div class=\"box\">\r\n        <img decoding=\"async\" src=\"https:\/\/metalstek.com\/wp-content\/uploads\/2024\/05\/Our-Equipment-e1715395929323.jpeg\" alt=\"\">\r\n      <\/div>\r\n      <div class=\"box\">\r\n        <img decoding=\"async\" src=\"https:\/\/youtu.be\/5Qu-6WCZRVE\" alt=\"\">\r\n      <\/div>\r\n    <\/div>\r\n    \r\n<\/div>\r\n<script>\r\n           let imgContainer = document.querySelector(\".img-container\");\r\n \r\nsetInterval(() => {\r\n        let last = imgContainer.firstElementChild;\r\n        last.remove();\r\n        imgContainer.appendChild(last);\r\n      }, 2500);\r\n<\/script>\t\t<\/div>\n\t\t\t\t<\/div>\n\t\t\t\t<div class=\"elementor-element elementor-element-d5298f1 elementor-repeater-item-none elementor-repeater-item-none_hover elementor-widget elementor-widget-html\" data-id=\"d5298f1\" data-element_type=\"widget\" data-widget_type=\"html.default\">\n\t\t\t\t<div class=\"elementor-widget-container\">\n\t\t\t<div class=\"father\">\r\n  <div id=\"img1-container\">\r\n      <div class=\"box\">\r\n        <img decoding=\"async\" src=\"https:\/\/metalstek.com\/wp-content\/uploads\/2024\/11\/Boron-Pieces-MetalsTek2-jpg.webp\" alt=\"\">\r\n      <\/div>\r\n      <div class=\"box\">\r\n        <img decoding=\"async\" src=\"https:\/\/metalstek.com\/wp-content\/uploads\/2024\/11\/DSC_9094-scaled.webp\" alt=\"\">\r\n      <\/div>\r\n      <div class=\"box\">\r\n        <img decoding=\"async\" src=\"https:\/\/metalstek.com\/wp-content\/uploads\/2024\/11\/Aluminum-Pellets1-jpg.webp\" alt=\"\">\r\n      <\/div>\r\n      <div class=\"box\">\r\n        <img decoding=\"async\" src=\"http:\/\/metalstek.com\/wp-content\/uploads\/2023\/12\/Niobium-Rod2.jpg.webp\" alt=\"\">\r\n      <\/div>\r\n      <div class=\"box\">\r\n        <img decoding=\"async\" src=\"https:\/\/metalstek.com\/wp-content\/uploads\/2024\/11\/DSC_9125-jpg.webp\" alt=\"\">\r\n      <\/div>\r\n      <div class=\"box\">\r\n        <img decoding=\"async\" src=\"http:\/\/metalstek.com\/wp-content\/uploads\/2023\/12\/TZM-Alloy-Nozzle-Tips-for-Hot-Runner-Systems1.jpg.webp\" alt=\"\">\r\n      <\/div>\r\n    <\/div>\r\n    \r\n<\/div>\r\n<script>\r\n           let imgContainer1 = document.querySelector(\"#img1-container\");\r\n \r\nsetInterval(() => {\r\n        let last1 = imgContainer1.firstElementChild;\r\n        last1.remove();\r\n        imgContainer1.appendChild(last1);\r\n      }, 2500);\r\n<\/script>\t\t<\/div>\n\t\t\t\t<\/div>\n\t\t\t\t<div class=\"elementor-element elementor-element-7d42609 elementor-repeater-item-none elementor-repeater-item-none_hover elementor-widget elementor-widget-html\" data-id=\"7d42609\" data-element_type=\"widget\" data-widget_type=\"html.default\">\n\t\t\t\t<div class=\"elementor-widget-container\">\n\t\t\t<div class=\"father\">\r\n  <div id=\"img2-container\">\r\n      <div class=\"box\">\r\n        <img decoding=\"async\" src=\"https:\/\/metalstek.com\/wp-content\/uploads\/2024\/11\/Moly-Parts-for-Furnace-Use2-1-jpg.webp\" alt=\"\">\r\n      <\/div>\r\n      <div class=\"box\">\r\n        <img decoding=\"async\" src=\"https:\/\/metalstek.com\/wp-content\/uploads\/2024\/11\/Moly-Parts-for-Furnace-Use1-jpg.webp\" alt=\"\">\r\n      <\/div>\r\n      <div class=\"box\">\r\n        <img decoding=\"async\" src=\"https:\/\/metalstek.com\/wp-content\/uploads\/2024\/11\/Tungsten-Alloy-WNiFe-MetalsTek13-jpeg.webp\" alt=\"\">\r\n      <\/div>\r\n      <div class=\"box\">\r\n        <img decoding=\"async\" src=\"https:\/\/metalstek.com\/wp-content\/uploads\/2024\/11\/Tungsten-Alloy-WNiFe-MetalsTek20-jpeg.webp\" alt=\"\">\r\n      <\/div>\r\n      <div class=\"box\">\r\n        <img decoding=\"async\" src=\"https:\/\/metalstek.com\/wp-content\/uploads\/2024\/11\/Tungsten-Alloy-WNiFe-MetalsTek8-jpeg.webp\" alt=\"\">\r\n      <\/div>\r\n      <div class=\"box\">\r\n        <img decoding=\"async\" src=\"https:\/\/metalstek.com\/wp-content\/uploads\/2024\/11\/Tungsten-Alloy-WNiFe-MetalsTek7-jpg.webp\" alt=\"\">\r\n      <\/div>\r\n    <\/div>\r\n    \r\n<\/div>\r\n<script>\r\n           let imgContainer2 = document.querySelector(\"#img2-container\");\r\n \r\nsetInterval(() => {\r\n        let last = imgContainer2.firstElementChild;\r\n        last.remove();\r\n        imgContainer2.appendChild(last);\r\n      }, 2500);\r\n<\/script>\t\t<\/div>\n\t\t\t\t<\/div>\n\t\t\t\t<\/div>\n\t\t\t\t\t<\/div>\n\t\t\t\t<\/div>\n\t\t\t\t\t<\/div>\n\t\t\t\t<\/div>\n\t\t<div class=\"elementor-element elementor-element-074686b e-flex e-con-boxed elementor-repeater-item-default_padding elementor-repeater-item-none elementor-repeater-item-none_hover e-con e-parent\" data-id=\"074686b\" data-element_type=\"container\" data-settings=\"{&quot;ang_container_spacing_size&quot;:&quot;default_padding&quot;}\" data-core-v316-plus=\"true\">\n\t\t\t\t\t<div class=\"e-con-inner\">\n\t\t\t\t<div class=\"elementor-element elementor-element-f5f3e4b elementor-repeater-item-none elementor-repeater-item-none_hover elementor-widget elementor-widget-video\" data-id=\"f5f3e4b\" data-element_type=\"widget\" data-settings=\"{&quot;youtube_url&quot;:&quot;https:\\\/\\\/youtu.be\\\/WsEXGch0Zcw&quot;,&quot;video_type&quot;:&quot;youtube&quot;,&quot;controls&quot;:&quot;yes&quot;}\" data-widget_type=\"video.default\">\n\t\t\t\t<div class=\"elementor-widget-container\">\n\t\t\t<style>\/*! elementor - v3.20.0 - 26-03-2024 *\/\n.elementor-widget-video .elementor-widget-container{overflow:hidden;transform:translateZ(0)}.elementor-widget-video .elementor-wrapper{aspect-ratio:var(--video-aspect-ratio)}.elementor-widget-video .elementor-wrapper iframe,.elementor-widget-video .elementor-wrapper video{height:100%;width:100%;display:flex;border:none;background-color:#000}@supports not (aspect-ratio:1\/1){.elementor-widget-video .elementor-wrapper{position:relative;overflow:hidden;height:0;padding-bottom:calc(100% \/ var(--video-aspect-ratio))}.elementor-widget-video .elementor-wrapper iframe,.elementor-widget-video .elementor-wrapper video{position:absolute;top:0;right:0;bottom:0;left:0}}.elementor-widget-video .elementor-open-inline .elementor-custom-embed-image-overlay{position:absolute;top:0;right:0;bottom:0;left:0;background-size:cover;background-position:50%}.elementor-widget-video .elementor-custom-embed-image-overlay{cursor:pointer;text-align:center}.elementor-widget-video .elementor-custom-embed-image-overlay:hover .elementor-custom-embed-play i{opacity:1}.elementor-widget-video .elementor-custom-embed-image-overlay img{display:block;width:100%;aspect-ratio:var(--video-aspect-ratio);-o-object-fit:cover;object-fit:cover;-o-object-position:center center;object-position:center center}@supports not (aspect-ratio:1\/1){.elementor-widget-video .elementor-custom-embed-image-overlay{position:relative;overflow:hidden;height:0;padding-bottom:calc(100% \/ var(--video-aspect-ratio))}.elementor-widget-video .elementor-custom-embed-image-overlay img{position:absolute;top:0;right:0;bottom:0;left:0}}.elementor-widget-video .e-hosted-video .elementor-video{-o-object-fit:cover;object-fit:cover}.e-con-inner>.elementor-widget-video,.e-con>.elementor-widget-video{width:var(--container-widget-width);--flex-grow:var(--container-widget-flex-grow)}<\/style>\t\t<div class=\"elementor-wrapper elementor-open-inline\">\n\t\t\t<div class=\"elementor-video\"><\/div>\t\t<\/div>\n\t\t\t\t<\/div>\n\t\t\t\t<\/div>\n\t\t\t\t<div class=\"elementor-element elementor-element-9eae5ea elementor-repeater-item-none elementor-repeater-item-none_hover elementor-widget elementor-widget-text-editor\" data-id=\"9eae5ea\" data-element_type=\"widget\" data-widget_type=\"text-editor.default\">\n\t\t\t\t<div class=\"elementor-widget-container\">\n\t\t\t\t\t\t\t\t\t\t\t\t\t<\/div>\n\t\t\t\t<\/div>\n\t\t\t\t\t<\/div>\n\t\t\t\t<\/div>\n\t\t\t\t<\/div>\n\t\t","protected":false},"excerpt":{"rendered":"<p>\u00dcber MetalsTek Engineering MetalsTek Engineering ist ein globales Unternehmen, das sich auf Forschung, Entwicklung, Herstellung und Vertrieb von Hochleistungsmaterialien spezialisiert hat. Wir liefern hochreine Refrakt\u00e4rmaterialien an Forschungseinrichtungen und High-Tech-Unternehmen weltweit. Wir sind stark vertreten in den M\u00e4rkten f\u00fcr Pulver, Legierungen, St\u00e4be, Boote, Tiegel, Elektroden, Platten, Rundst\u00e4be, Bleche, Rohre, Dr\u00e4hte und Sputtertargets. Seit \u00fcber einem Jahrzehnt [&hellip;]<\/p>\n","protected":false},"author":1,"featured_media":0,"parent":0,"menu_order":33,"comment_status":"closed","ping_status":"closed","template":"tpl-default-elementor.php","meta":{"_seopress_robots_primary_cat":"","_seopress_titles_title":"MetalsTek ist ein weltweit vertrauensw\u00fcrdiger Hersteller und Lieferant","_seopress_titles_desc":"MetalsTek Engineering ist ein globaler Anbieter und Hersteller von verschiedensten Metallen, Legierungen und Beschichtungsprodukten. Wir fertigen individuell nach Ihren Anforderungen! ","_seopress_robots_index":"","_monsterinsights_skip_tracking":false,"_monsterinsights_sitenote_active":false,"_monsterinsights_sitenote_note":"","_monsterinsights_sitenote_category":0,"footnotes":""},"_links":{"self":[{"href":"https:\/\/metalstek.com\/de\/wp-json\/wp\/v2\/pages\/50468"}],"collection":[{"href":"https:\/\/metalstek.com\/de\/wp-json\/wp\/v2\/pages"}],"about":[{"href":"https:\/\/metalstek.com\/de\/wp-json\/wp\/v2\/types\/page"}],"author":[{"embeddable":true,"href":"https:\/\/metalstek.com\/de\/wp-json\/wp\/v2\/users\/1"}],"replies":[{"embeddable":true,"href":"https:\/\/metalstek.com\/de\/wp-json\/wp\/v2\/comments?post=50468"}],"version-history":[{"count":3,"href":"https:\/\/metalstek.com\/de\/wp-json\/wp\/v2\/pages\/50468\/revisions"}],"predecessor-version":[{"id":54028,"href":"https:\/\/metalstek.com\/de\/wp-json\/wp\/v2\/pages\/50468\/revisions\/54028"}],"wp:attachment":[{"href":"https:\/\/metalstek.com\/de\/wp-json\/wp\/v2\/media?parent=50468"}],"curies":[{"name":"wp","href":"https:\/\/api.w.org\/{rel}","templated":true}]}}