{"id":51024,"date":"2024-05-10T16:23:27","date_gmt":"2024-05-10T08:23:27","guid":{"rendered":"https:\/\/metalstek.com\/tiegel-heizungen\/"},"modified":"2025-06-11T14:14:32","modified_gmt":"2025-06-11T06:14:32","slug":"tiegel-heizungen","status":"publish","type":"page","link":"https:\/\/metalstek.com\/de\/abscheidungsmaterialien\/quellen-der-verdunstung\/tiegel-heizungen\/","title":{"rendered":"Tiegel-Heizungen"},"content":{"rendered":"\t\t<div data-elementor-type=\"wp-page\" data-elementor-id=\"51024\" class=\"elementor elementor-51024 elementor-24969\" data-elementor-post-type=\"page\">\n\t\t\t\t<div class=\"elementor-element elementor-element-7a5d89c e-flex e-con-boxed elementor-repeater-item-default_padding elementor-repeater-item-none elementor-repeater-item-none_hover e-con e-parent\" data-id=\"7a5d89c\" data-element_type=\"container\" data-settings=\"{&quot;ang_container_spacing_size&quot;:&quot;default_padding&quot;}\" data-core-v316-plus=\"true\">\n\t\t\t\t\t<div class=\"e-con-inner\">\n\t\t<div class=\"elementor-element elementor-element-ed34ac8 e-flex e-con-boxed elementor-repeater-item-default_padding elementor-repeater-item-none elementor-repeater-item-none_hover e-con e-child\" data-id=\"ed34ac8\" data-element_type=\"container\" data-settings=\"{&quot;ang_container_spacing_size&quot;:&quot;default_padding&quot;}\">\n\t\t\t\t\t<div class=\"e-con-inner\">\n\t\t\t\t<div class=\"elementor-element elementor-element-9eb6ae6 elementor-repeater-item-none elementor-repeater-item-none_hover elementor-widget elementor-widget-template\" data-id=\"9eb6ae6\" data-element_type=\"widget\" data-widget_type=\"template.default\">\n\t\t\t\t<div class=\"elementor-widget-container\">\n\t\t\t\t\t<div class=\"elementor-template\">\n\t\t\t\t\t<div data-elementor-type=\"container\" data-elementor-id=\"2018\" class=\"elementor elementor-2018\" data-elementor-post-type=\"elementor_library\">\n\t\t\t\t<div class=\"elementor-element elementor-element-566b6908 e-flex e-con-boxed elementor-repeater-item-default_padding elementor-repeater-item-none elementor-repeater-item-none_hover e-con e-parent\" data-id=\"566b6908\" data-element_type=\"container\" data-settings=\"{&quot;background_background&quot;:&quot;video&quot;,&quot;background_video_link&quot;:&quot;https:\\\/\\\/metalstek.com\\\/wp-content\\\/uploads\\\/2024\\\/10\\\/1\\u670810\\u65e5-2.mp4&quot;,&quot;ang_container_spacing_size&quot;:&quot;default_padding&quot;}\" data-core-v316-plus=\"true\">\n\t\t\t\t\t<div class=\"e-con-inner\">\n\t\t<div class=\"elementor-background-video-container elementor-hidden-phone\">\n\t\t\t\t\t\t\t<video class=\"elementor-background-video-hosted elementor-html5-video\" autoplay muted playsinline loop><\/video>\n\t\t\t\t\t<\/div><div class=\"elementor-element elementor-element-20228167 e-con-full e-flex elementor-repeater-item-default_padding elementor-repeater-item-none elementor-repeater-item-none_hover e-con e-child\" data-id=\"20228167\" data-element_type=\"container\" data-settings=\"{&quot;ang_container_spacing_size&quot;:&quot;default_padding&quot;}\">\n\t\t\t\t<div class=\"elementor-element elementor-element-5aad3bb8 elementor-repeater-item-none elementor-repeater-item-none_hover elementor-widget elementor-widget-heading\" data-id=\"5aad3bb8\" data-element_type=\"widget\" id=\"bannerTitle\" data-widget_type=\"heading.default\">\n\t\t\t\t<div class=\"elementor-widget-container\">\n\t\t\t<style>\/*! elementor - v3.20.0 - 26-03-2024 *\/\n.elementor-heading-title{padding:0;margin:0;line-height:1}.elementor-widget-heading .elementor-heading-title[class*=elementor-size-]>a{color:inherit;font-size:inherit;line-height:inherit}.elementor-widget-heading .elementor-heading-title.elementor-size-small{font-size:15px}.elementor-widget-heading .elementor-heading-title.elementor-size-medium{font-size:19px}.elementor-widget-heading .elementor-heading-title.elementor-size-large{font-size:29px}.elementor-widget-heading .elementor-heading-title.elementor-size-xl{font-size:39px}.elementor-widget-heading .elementor-heading-title.elementor-size-xxl{font-size:59px}<\/style><h1 class=\"elementor-heading-title elementor-size-default\">Tiegel-Heizungen<\/h1>\t\t<\/div>\n\t\t\t\t<\/div>\n\t\t\t\t<div class=\"elementor-element elementor-element-75fd0533 elementor-repeater-item-none elementor-repeater-item-none_hover elementor-widget elementor-widget-woocommerce-breadcrumb\" data-id=\"75fd0533\" data-element_type=\"widget\" data-widget_type=\"woocommerce-breadcrumb.default\">\n\t\t\t\t<div class=\"elementor-widget-container\">\n\t\t\t<link rel=\"stylesheet\" href=\"https:\/\/metalstek.com\/wp-content\/plugins\/elementor-pro\/assets\/css\/widget-woocommerce.min.css\"><nav class=\"woocommerce-breadcrumb\" aria-label=\"Breadcrumb\">Startseite<\/nav>\t\t<\/div>\n\t\t\t\t<\/div>\n\t\t\t\t<\/div>\n\t\t\t\t\t<\/div>\n\t\t\t\t<\/div>\n\t\t\t\t<\/div>\n\t\t\t\t<\/div>\n\t\t\t\t<\/div>\n\t\t\t\t<\/div>\n\t\t\t\t\t<\/div>\n\t\t\t\t<\/div>\n\t\t<div class=\"elementor-element elementor-element-805683f e-flex e-con-boxed elementor-repeater-item-default_padding elementor-repeater-item-none elementor-repeater-item-none_hover e-con e-child\" data-id=\"805683f\" data-element_type=\"container\" data-settings=\"{&quot;ang_container_spacing_size&quot;:&quot;default_padding&quot;}\">\n\t\t\t\t\t<div class=\"e-con-inner\">\n\t\t<div class=\"elementor-element elementor-element-c1f2634 e-con-full elementor-repeater-item-none elementor-repeater-item-none_hover e-flex elementor-repeater-item-default_padding e-con e-child\" data-id=\"c1f2634\" data-element_type=\"container\" data-settings=\"{&quot;ang_container_spacing_size&quot;:&quot;default_padding&quot;}\">\n\t\t<a class=\"elementor-element elementor-element-ea12d95 e-con-full e-flex elementor-repeater-item-default_padding elementor-repeater-item-none elementor-repeater-item-none_hover e-con e-child\" data-id=\"ea12d95\" data-element_type=\"container\" data-settings=\"{&quot;ang_container_spacing_size&quot;:&quot;default_padding&quot;}\" href=\"https:\/\/metalstek.com\/de\/abscheidungsmaterialien\/quellen-der-verdunstung\/korb-tiegel-heizungen\/\">\n\t\t<div class=\"elementor-element elementor-element-c3a8b5d e-con-full e-flex elementor-repeater-item-default_padding elementor-repeater-item-none elementor-repeater-item-none_hover e-con e-child\" data-id=\"c3a8b5d\" data-element_type=\"container\" data-settings=\"{&quot;ang_container_spacing_size&quot;:&quot;default_padding&quot;}\">\n\t\t\t\t<div class=\"elementor-element elementor-element-8339f75 external_elementor-repeater-item-none_external elementor-repeater-item-none elementor-repeater-item-none_hover elementor-widget elementor-widget-image\" data-id=\"8339f75\" data-element_type=\"widget\" data-widget_type=\"image.default\">\n\t\t\t\t<div class=\"elementor-widget-container\">\n\t\t\t<style>\/*! elementor - v3.20.0 - 26-03-2024 *\/\n.elementor-widget-image{text-align:center}.elementor-widget-image a{display:inline-block}.elementor-widget-image a img[src$=\".svg\"]{width:48px}.elementor-widget-image img{vertical-align:middle;display:inline-block}<\/style>\t\t\t\t\t\t\t\t\t\t<img decoding=\"async\" width=\"200\" height=\"200\" src=\"https:\/\/metalstek.com\/wp-content\/uploads\/2024\/05\/photo-ma-ervb1030_group_01_thumb.jpg\" class=\"attachment-full size-full wp-image-46048\" alt=\"photo-ma-ervb1030_group_01_thumb\" srcset=\"https:\/\/metalstek.com\/wp-content\/uploads\/2024\/05\/photo-ma-ervb1030_group_01_thumb.jpg 200w, https:\/\/metalstek.com\/wp-content\/uploads\/2024\/05\/photo-ma-ervb1030_group_01_thumb-150x150.jpg 150w, https:\/\/metalstek.com\/wp-content\/uploads\/2024\/05\/photo-ma-ervb1030_group_01_thumb-100x100.jpg 100w, https:\/\/metalstek.com\/wp-content\/uploads\/2024\/05\/photo-ma-ervb1030_group_01_thumb-68x68.jpg 68w\" sizes=\"(max-width: 200px) 100vw, 200px\" \/>\t\t\t\t\t\t\t\t\t\t\t\t\t<\/div>\n\t\t\t\t<\/div>\n\t\t\t\t<\/div>\n\t\t<div class=\"elementor-element elementor-element-6387724 e-con-full elementor-repeater-item-none elementor-repeater-item-none_hover e-flex elementor-repeater-item-default_padding e-con e-child\" data-id=\"6387724\" data-element_type=\"container\" data-settings=\"{&quot;ang_container_spacing_size&quot;:&quot;default_padding&quot;}\">\n\t\t\t\t<div class=\"elementor-element elementor-element-32f991a elementor-repeater-item-none elementor-repeater-item-none_hover elementor-widget elementor-widget-heading\" data-id=\"32f991a\" data-element_type=\"widget\" data-widget_type=\"heading.default\">\n\t\t\t\t<div class=\"elementor-widget-container\">\n\t\t\t<h5 class=\"elementor-heading-title elementor-size-default\">Korb-Tiegel-Heizungen<\/h5>\t\t<\/div>\n\t\t\t\t<\/div>\n\t\t\t\t<div class=\"elementor-element elementor-element-e153596 elementor-repeater-item-none elementor-repeater-item-none_hover elementor-widget elementor-widget-text-editor\" data-id=\"e153596\" data-element_type=\"widget\" data-widget_type=\"text-editor.default\">\n\t\t\t\t<div class=\"elementor-widget-container\">\n\t\t\t<style>\/*! elementor - v3.20.0 - 26-03-2024 *\/\n.elementor-widget-text-editor.elementor-drop-cap-view-stacked .elementor-drop-cap{background-color:#69727d;color:#fff}.elementor-widget-text-editor.elementor-drop-cap-view-framed .elementor-drop-cap{color:#69727d;border:3px solid;background-color:transparent}.elementor-widget-text-editor:not(.elementor-drop-cap-view-default) .elementor-drop-cap{margin-top:8px}.elementor-widget-text-editor:not(.elementor-drop-cap-view-default) .elementor-drop-cap-letter{width:1em;height:1em}.elementor-widget-text-editor .elementor-drop-cap{float:left;text-align:center;line-height:1;font-size:50px}.elementor-widget-text-editor .elementor-drop-cap-letter{display:inline-block}<\/style>\t\t\t\t<p>Korbtiegelheizungen ben\u00f6tigen weniger Energie als abgeschirmte Tiegelheizungen. Sie sind eine gute, kosteng\u00fcnstige Option f\u00fcr viele Materialien. <\/p>\t\t\t\t\t\t<\/div>\n\t\t\t\t<\/div>\n\t\t\t\t<\/div>\n\t\t\t\t<\/a>\n\t\t<a class=\"elementor-element elementor-element-8bfc76b e-con-full e-flex elementor-repeater-item-default_padding elementor-repeater-item-none elementor-repeater-item-none_hover e-con e-child\" data-id=\"8bfc76b\" data-element_type=\"container\" data-settings=\"{&quot;ang_container_spacing_size&quot;:&quot;default_padding&quot;}\" href=\"https:\/\/metalstek.com\/de\/abscheidungsmaterialien\/quellen-der-verdunstung\/abgeschirmte-tiegelheizungen\/\">\n\t\t<div class=\"elementor-element elementor-element-37d038b e-con-full elementor-repeater-item-none elementor-repeater-item-none_hover e-flex elementor-repeater-item-default_padding e-con e-child\" data-id=\"37d038b\" data-element_type=\"container\" data-settings=\"{&quot;ang_container_spacing_size&quot;:&quot;default_padding&quot;}\">\n\t\t\t\t<div class=\"elementor-element elementor-element-c9aae6e external_elementor-repeater-item-none_external elementor-repeater-item-none elementor-repeater-item-none_hover elementor-widget elementor-widget-image\" data-id=\"c9aae6e\" data-element_type=\"widget\" data-widget_type=\"image.default\">\n\t\t\t\t<div class=\"elementor-widget-container\">\n\t\t\t\t\t\t\t\t\t\t\t\t\t<img decoding=\"async\" width=\"200\" height=\"200\" src=\"https:\/\/metalstek.com\/wp-content\/uploads\/2024\/05\/photo-ma-evch_group_01_thumb.jpg\" class=\"attachment-large size-large wp-image-46052\" alt=\"photo-ma-evch_group_01_thumb\" srcset=\"https:\/\/metalstek.com\/wp-content\/uploads\/2024\/05\/photo-ma-evch_group_01_thumb.jpg 200w, https:\/\/metalstek.com\/wp-content\/uploads\/2024\/05\/photo-ma-evch_group_01_thumb-150x150.jpg 150w, https:\/\/metalstek.com\/wp-content\/uploads\/2024\/05\/photo-ma-evch_group_01_thumb-100x100.jpg 100w, https:\/\/metalstek.com\/wp-content\/uploads\/2024\/05\/photo-ma-evch_group_01_thumb-68x68.jpg 68w\" sizes=\"(max-width: 200px) 100vw, 200px\" \/>\t\t\t\t\t\t\t\t\t\t\t\t\t<\/div>\n\t\t\t\t<\/div>\n\t\t\t\t<\/div>\n\t\t<div class=\"elementor-element elementor-element-94753ed e-con-full elementor-repeater-item-none elementor-repeater-item-none_hover e-flex elementor-repeater-item-default_padding e-con e-child\" data-id=\"94753ed\" data-element_type=\"container\" data-settings=\"{&quot;ang_container_spacing_size&quot;:&quot;default_padding&quot;}\">\n\t\t\t\t<div class=\"elementor-element elementor-element-ccc2c52 elementor-repeater-item-none elementor-repeater-item-none_hover elementor-widget elementor-widget-heading\" data-id=\"ccc2c52\" data-element_type=\"widget\" data-widget_type=\"heading.default\">\n\t\t\t\t<div class=\"elementor-widget-container\">\n\t\t\t<h5 class=\"elementor-heading-title elementor-size-default\">Abgeschirmte Tiegelheizungen<\/h5>\t\t<\/div>\n\t\t\t\t<\/div>\n\t\t\t\t<div class=\"elementor-element elementor-element-34a384d elementor-repeater-item-none elementor-repeater-item-none_hover elementor-widget elementor-widget-text-editor\" data-id=\"34a384d\" data-element_type=\"widget\" data-widget_type=\"text-editor.default\">\n\t\t\t\t<div class=\"elementor-widget-container\">\n\t\t\t\t\t\t\t<p>Abgeschirmte Tiegelheizungen bieten eine gleichm\u00e4\u00dfigere und effizientere Beheizung als Korbheizungen. Sie reduzieren die erzeugte W\u00e4rmemenge, indem sie die W\u00e4rmequelle n\u00e4her am Tiegel halten. <\/p>\t\t\t\t\t\t<\/div>\n\t\t\t\t<\/div>\n\t\t\t\t<\/div>\n\t\t\t\t<\/a>\n\t\t<a class=\"elementor-element elementor-element-ea259c2 e-con-full e-flex elementor-repeater-item-default_padding elementor-repeater-item-none elementor-repeater-item-none_hover e-con e-child\" data-id=\"ea259c2\" data-element_type=\"container\" data-settings=\"{&quot;ang_container_spacing_size&quot;:&quot;default_padding&quot;}\" href=\"https:\/\/metalstek.com\/de\/abscheidungsmaterialien\/quellen-der-verdunstung\/bootstiegel-heizungen\/\">\n\t\t<div class=\"elementor-element elementor-element-2ed2d7e e-con-full elementor-repeater-item-none elementor-repeater-item-none_hover e-flex elementor-repeater-item-default_padding e-con e-child\" data-id=\"2ed2d7e\" data-element_type=\"container\" data-settings=\"{&quot;ang_container_spacing_size&quot;:&quot;default_padding&quot;}\">\n\t\t\t\t<div class=\"elementor-element elementor-element-23bbdfc external_elementor-repeater-item-none_external elementor-repeater-item-none elementor-repeater-item-none_hover elementor-widget elementor-widget-image\" data-id=\"23bbdfc\" data-element_type=\"widget\" data-widget_type=\"image.default\">\n\t\t\t\t<div class=\"elementor-widget-container\">\n\t\t\t\t\t\t\t\t\t\t\t\t\t<img decoding=\"async\" width=\"200\" height=\"200\" src=\"https:\/\/metalstek.com\/wp-content\/uploads\/2024\/05\/photo-ma-evs_group_05_thumb.jpg\" class=\"attachment-large size-large wp-image-46056\" alt=\"photo-ma-evs_group_05_thumb\" srcset=\"https:\/\/metalstek.com\/wp-content\/uploads\/2024\/05\/photo-ma-evs_group_05_thumb.jpg 200w, https:\/\/metalstek.com\/wp-content\/uploads\/2024\/05\/photo-ma-evs_group_05_thumb-150x150.jpg 150w, https:\/\/metalstek.com\/wp-content\/uploads\/2024\/05\/photo-ma-evs_group_05_thumb-100x100.jpg 100w, https:\/\/metalstek.com\/wp-content\/uploads\/2024\/05\/photo-ma-evs_group_05_thumb-68x68.jpg 68w\" sizes=\"(max-width: 200px) 100vw, 200px\" \/>\t\t\t\t\t\t\t\t\t\t\t\t\t<\/div>\n\t\t\t\t<\/div>\n\t\t\t\t<\/div>\n\t\t<div class=\"elementor-element elementor-element-fc1f87e e-con-full elementor-repeater-item-none elementor-repeater-item-none_hover e-flex elementor-repeater-item-default_padding e-con e-child\" data-id=\"fc1f87e\" data-element_type=\"container\" data-settings=\"{&quot;ang_container_spacing_size&quot;:&quot;default_padding&quot;}\">\n\t\t\t\t<div class=\"elementor-element elementor-element-e937886 elementor-repeater-item-none elementor-repeater-item-none_hover elementor-widget elementor-widget-heading\" data-id=\"e937886\" data-element_type=\"widget\" data-widget_type=\"heading.default\">\n\t\t\t\t<div class=\"elementor-widget-container\">\n\t\t\t<h5 class=\"elementor-heading-title elementor-size-default\">Bootstiegel-Heizungen<\/h5>\t\t<\/div>\n\t\t\t\t<\/div>\n\t\t\t\t<div class=\"elementor-element elementor-element-5de6ca9 elementor-repeater-item-none elementor-repeater-item-none_hover elementor-widget elementor-widget-text-editor\" data-id=\"5de6ca9\" data-element_type=\"widget\" data-widget_type=\"text-editor.default\">\n\t\t\t\t<div class=\"elementor-widget-container\">\n\t\t\t\t\t\t\t<p>Bootstiegel-Heizger\u00e4te verwenden die gleiche Konfiguration wie ein Standard-Wolframboot mit einer Aussparung zur Aufnahme eines Tiegels.<\/p>\t\t\t\t\t\t<\/div>\n\t\t\t\t<\/div>\n\t\t\t\t<\/div>\n\t\t\t\t<\/a>\n\t\t\t\t<\/div>\n\t\t\t\t\t<\/div>\n\t\t\t\t<\/div>\n\t\t\t\t\t<\/div>\n\t\t\t\t<\/div>\n\t\t\t\t<\/div>\n\t\t","protected":false},"excerpt":{"rendered":"<p>Korb-Tiegel-Heizungen Korbtiegelheizungen ben\u00f6tigen weniger Energie als abgeschirmte Tiegelheizungen. Sie sind eine gute, kosteng\u00fcnstige Option f\u00fcr viele Materialien. Abgeschirmte Tiegelheizungen Abgeschirmte Tiegelheizungen bieten eine gleichm\u00e4\u00dfigere und effizientere Beheizung als Korbheizungen. Sie reduzieren die erzeugte W\u00e4rmemenge, indem sie die W\u00e4rmequelle n\u00e4her am Tiegel halten. Bootstiegel-Heizungen Bootstiegel-Heizger\u00e4te verwenden die gleiche Konfiguration wie ein Standard-Wolframboot mit einer Aussparung zur [&hellip;]<\/p>\n","protected":false},"author":1,"featured_media":0,"parent":51256,"menu_order":3,"comment_status":"closed","ping_status":"closed","template":"tpl-default-elementor.php","meta":{"_seopress_robots_primary_cat":"","_seopress_titles_title":"","_seopress_titles_desc":"Maximieren Sie die thermische Kontrolle mit den Tiegelheizungen von MetalsTek, die f\u00fcr eine pr\u00e4zise und gleichm\u00e4\u00dfige Erw\u00e4rmung ausgelegt sind!","_seopress_robots_index":"","_monsterinsights_skip_tracking":false,"_monsterinsights_sitenote_active":false,"_monsterinsights_sitenote_note":"","_monsterinsights_sitenote_category":0,"footnotes":""},"_links":{"self":[{"href":"https:\/\/metalstek.com\/de\/wp-json\/wp\/v2\/pages\/51024"}],"collection":[{"href":"https:\/\/metalstek.com\/de\/wp-json\/wp\/v2\/pages"}],"about":[{"href":"https:\/\/metalstek.com\/de\/wp-json\/wp\/v2\/types\/page"}],"author":[{"embeddable":true,"href":"https:\/\/metalstek.com\/de\/wp-json\/wp\/v2\/users\/1"}],"replies":[{"embeddable":true,"href":"https:\/\/metalstek.com\/de\/wp-json\/wp\/v2\/comments?post=51024"}],"version-history":[{"count":2,"href":"https:\/\/metalstek.com\/de\/wp-json\/wp\/v2\/pages\/51024\/revisions"}],"predecessor-version":[{"id":60409,"href":"https:\/\/metalstek.com\/de\/wp-json\/wp\/v2\/pages\/51024\/revisions\/60409"}],"up":[{"embeddable":true,"href":"https:\/\/metalstek.com\/de\/wp-json\/wp\/v2\/pages\/51256"}],"wp:attachment":[{"href":"https:\/\/metalstek.com\/de\/wp-json\/wp\/v2\/media?parent=51024"}],"curies":[{"name":"wp","href":"https:\/\/api.w.org\/{rel}","templated":true}]}}