{"id":51485,"date":"2024-05-10T11:01:35","date_gmt":"2024-05-10T03:01:35","guid":{"rendered":"https:\/\/metalstek.com\/abscheidungsmaterialien\/quellen-der-verdunstung\/thermische-gluehfadenquellen\/"},"modified":"2025-06-11T14:00:11","modified_gmt":"2025-06-11T06:00:11","slug":"thermische-gluehfadenquellen","status":"publish","type":"page","link":"https:\/\/metalstek.com\/de\/abscheidungsmaterialien\/quellen-der-verdunstung\/thermische-gluehfadenquellen\/","title":{"rendered":"Thermische Gl\u00fchfadenquellen"},"content":{"rendered":"\t\t<div data-elementor-type=\"wp-page\" data-elementor-id=\"51485\" class=\"elementor elementor-51485 elementor-24743\" data-elementor-post-type=\"page\">\n\t\t\t\t<div class=\"elementor-element elementor-element-f470e5c e-flex e-con-boxed elementor-repeater-item-default_padding elementor-repeater-item-none elementor-repeater-item-none_hover e-con e-parent\" data-id=\"f470e5c\" data-element_type=\"container\" data-settings=\"{&quot;ang_container_spacing_size&quot;:&quot;default_padding&quot;}\" data-core-v316-plus=\"true\">\n\t\t\t\t\t<div class=\"e-con-inner\">\n\t\t<div class=\"elementor-element elementor-element-e262859 e-flex e-con-boxed elementor-repeater-item-default_padding elementor-repeater-item-none elementor-repeater-item-none_hover e-con e-child\" data-id=\"e262859\" data-element_type=\"container\" data-settings=\"{&quot;ang_container_spacing_size&quot;:&quot;default_padding&quot;}\">\n\t\t\t\t\t<div class=\"e-con-inner\">\n\t\t\t\t<div class=\"elementor-element elementor-element-1eaeb2f elementor-repeater-item-none elementor-repeater-item-none_hover elementor-widget elementor-widget-template\" data-id=\"1eaeb2f\" data-element_type=\"widget\" data-widget_type=\"template.default\">\n\t\t\t\t<div class=\"elementor-widget-container\">\n\t\t\t\t\t<div class=\"elementor-template\">\n\t\t\t\t\t<div data-elementor-type=\"container\" data-elementor-id=\"2018\" class=\"elementor elementor-2018\" data-elementor-post-type=\"elementor_library\">\n\t\t\t\t<div class=\"elementor-element elementor-element-566b6908 e-flex e-con-boxed elementor-repeater-item-default_padding elementor-repeater-item-none elementor-repeater-item-none_hover e-con e-parent\" data-id=\"566b6908\" data-element_type=\"container\" data-settings=\"{&quot;background_background&quot;:&quot;video&quot;,&quot;background_video_link&quot;:&quot;https:\\\/\\\/metalstek.com\\\/wp-content\\\/uploads\\\/2024\\\/10\\\/1\\u670810\\u65e5-2.mp4&quot;,&quot;ang_container_spacing_size&quot;:&quot;default_padding&quot;}\" data-core-v316-plus=\"true\">\n\t\t\t\t\t<div class=\"e-con-inner\">\n\t\t<div class=\"elementor-background-video-container elementor-hidden-phone\">\n\t\t\t\t\t\t\t<video class=\"elementor-background-video-hosted elementor-html5-video\" autoplay muted playsinline loop><\/video>\n\t\t\t\t\t<\/div><div class=\"elementor-element elementor-element-20228167 e-con-full e-flex elementor-repeater-item-default_padding elementor-repeater-item-none elementor-repeater-item-none_hover e-con e-child\" data-id=\"20228167\" data-element_type=\"container\" data-settings=\"{&quot;ang_container_spacing_size&quot;:&quot;default_padding&quot;}\">\n\t\t\t\t<div class=\"elementor-element elementor-element-5aad3bb8 elementor-repeater-item-none elementor-repeater-item-none_hover elementor-widget elementor-widget-heading\" data-id=\"5aad3bb8\" data-element_type=\"widget\" id=\"bannerTitle\" data-widget_type=\"heading.default\">\n\t\t\t\t<div class=\"elementor-widget-container\">\n\t\t\t<style>\/*! elementor - v3.20.0 - 26-03-2024 *\/\n.elementor-heading-title{padding:0;margin:0;line-height:1}.elementor-widget-heading .elementor-heading-title[class*=elementor-size-]>a{color:inherit;font-size:inherit;line-height:inherit}.elementor-widget-heading .elementor-heading-title.elementor-size-small{font-size:15px}.elementor-widget-heading .elementor-heading-title.elementor-size-medium{font-size:19px}.elementor-widget-heading .elementor-heading-title.elementor-size-large{font-size:29px}.elementor-widget-heading .elementor-heading-title.elementor-size-xl{font-size:39px}.elementor-widget-heading .elementor-heading-title.elementor-size-xxl{font-size:59px}<\/style><h1 class=\"elementor-heading-title elementor-size-default\">Thermische Gl\u00fchfadenquellen<\/h1>\t\t<\/div>\n\t\t\t\t<\/div>\n\t\t\t\t<div class=\"elementor-element elementor-element-75fd0533 elementor-repeater-item-none elementor-repeater-item-none_hover elementor-widget elementor-widget-woocommerce-breadcrumb\" data-id=\"75fd0533\" data-element_type=\"widget\" data-widget_type=\"woocommerce-breadcrumb.default\">\n\t\t\t\t<div class=\"elementor-widget-container\">\n\t\t\t<link rel=\"stylesheet\" href=\"https:\/\/metalstek.com\/wp-content\/plugins\/elementor-pro\/assets\/css\/widget-woocommerce.min.css\"><nav class=\"woocommerce-breadcrumb\" aria-label=\"Breadcrumb\">Startseite<\/nav>\t\t<\/div>\n\t\t\t\t<\/div>\n\t\t\t\t<\/div>\n\t\t\t\t\t<\/div>\n\t\t\t\t<\/div>\n\t\t\t\t<\/div>\n\t\t\t\t<\/div>\n\t\t\t\t<\/div>\n\t\t\t\t<\/div>\n\t\t\t\t\t<\/div>\n\t\t\t\t<\/div>\n\t\t<div class=\"elementor-element elementor-element-a87bb43 e-flex e-con-boxed elementor-repeater-item-default_padding elementor-repeater-item-none elementor-repeater-item-none_hover e-con e-child\" data-id=\"a87bb43\" data-element_type=\"container\" data-settings=\"{&quot;ang_container_spacing_size&quot;:&quot;default_padding&quot;}\">\n\t\t\t\t\t<div class=\"e-con-inner\">\n\t\t<div class=\"elementor-element elementor-element-b5963b6 e-con-full elementor-repeater-item-none elementor-repeater-item-none_hover e-flex elementor-repeater-item-default_padding e-con e-child\" data-id=\"b5963b6\" data-element_type=\"container\" data-settings=\"{&quot;ang_container_spacing_size&quot;:&quot;default_padding&quot;}\">\n\t\t<a class=\"elementor-element elementor-element-ab9d776 e-con-full e-flex elementor-repeater-item-default_padding elementor-repeater-item-none elementor-repeater-item-none_hover e-con e-child\" data-id=\"ab9d776\" data-element_type=\"container\" data-settings=\"{&quot;ang_container_spacing_size&quot;:&quot;default_padding&quot;}\" href=\"https:\/\/metalstek.com\/de\/abscheidungsmaterialien\/quellen-der-verdunstung\/thermofilament-wolfram-spulen\/\">\n\t\t<div class=\"elementor-element elementor-element-77f026d e-con-full e-flex elementor-repeater-item-default_padding elementor-repeater-item-none elementor-repeater-item-none_hover e-con e-child\" data-id=\"77f026d\" data-element_type=\"container\" data-settings=\"{&quot;ang_container_spacing_size&quot;:&quot;default_padding&quot;}\">\n\t\t\t\t<div class=\"elementor-element elementor-element-7b024d4 external_elementor-repeater-item-none_external elementor-repeater-item-none elementor-repeater-item-none_hover elementor-widget elementor-widget-image\" data-id=\"7b024d4\" data-element_type=\"widget\" data-widget_type=\"image.default\">\n\t\t\t\t<div class=\"elementor-widget-container\">\n\t\t\t<style>\/*! elementor - v3.20.0 - 26-03-2024 *\/\n.elementor-widget-image{text-align:center}.elementor-widget-image a{display:inline-block}.elementor-widget-image a img[src$=\".svg\"]{width:48px}.elementor-widget-image img{vertical-align:middle;display:inline-block}<\/style>\t\t\t\t\t\t\t\t\t\t<img decoding=\"async\" width=\"200\" height=\"200\" src=\"https:\/\/metalstek.com\/wp-content\/uploads\/2024\/05\/Photo-MA-EVF_GROUP_DS_thumb.jpg\" class=\"attachment-full size-full wp-image-45776\" alt=\"photo-ma-evf_group_ds_thumb\" srcset=\"https:\/\/metalstek.com\/wp-content\/uploads\/2024\/05\/Photo-MA-EVF_GROUP_DS_thumb.jpg 200w, https:\/\/metalstek.com\/wp-content\/uploads\/2024\/05\/Photo-MA-EVF_GROUP_DS_thumb-150x150.jpg 150w, https:\/\/metalstek.com\/wp-content\/uploads\/2024\/05\/Photo-MA-EVF_GROUP_DS_thumb-100x100.jpg 100w, https:\/\/metalstek.com\/wp-content\/uploads\/2024\/05\/Photo-MA-EVF_GROUP_DS_thumb-68x68.jpg 68w\" sizes=\"(max-width: 200px) 100vw, 200px\" \/>\t\t\t\t\t\t\t\t\t\t\t\t\t<\/div>\n\t\t\t\t<\/div>\n\t\t\t\t<\/div>\n\t\t<div class=\"elementor-element elementor-element-ed81cdc e-con-full elementor-repeater-item-none elementor-repeater-item-none_hover e-flex elementor-repeater-item-default_padding e-con e-child\" data-id=\"ed81cdc\" data-element_type=\"container\" data-settings=\"{&quot;ang_container_spacing_size&quot;:&quot;default_padding&quot;}\">\n\t\t\t\t<div class=\"elementor-element elementor-element-173f9d0 elementor-repeater-item-none elementor-repeater-item-none_hover elementor-widget elementor-widget-heading\" data-id=\"173f9d0\" data-element_type=\"widget\" data-widget_type=\"heading.default\">\n\t\t\t\t<div class=\"elementor-widget-container\">\n\t\t\t<h5 class=\"elementor-heading-title elementor-size-default\">Thermofilament-Wolfram-Spulen<\/h5>\t\t<\/div>\n\t\t\t\t<\/div>\n\t\t\t\t<div class=\"elementor-element elementor-element-e90cce2 elementor-repeater-item-none elementor-repeater-item-none_hover elementor-widget elementor-widget-text-editor\" data-id=\"e90cce2\" data-element_type=\"widget\" data-widget_type=\"text-editor.default\">\n\t\t\t\t<div class=\"elementor-widget-container\">\n\t\t\t<style>\/*! elementor - v3.20.0 - 26-03-2024 *\/\n.elementor-widget-text-editor.elementor-drop-cap-view-stacked .elementor-drop-cap{background-color:#69727d;color:#fff}.elementor-widget-text-editor.elementor-drop-cap-view-framed .elementor-drop-cap{color:#69727d;border:3px solid;background-color:transparent}.elementor-widget-text-editor:not(.elementor-drop-cap-view-default) .elementor-drop-cap{margin-top:8px}.elementor-widget-text-editor:not(.elementor-drop-cap-view-default) .elementor-drop-cap-letter{width:1em;height:1em}.elementor-widget-text-editor .elementor-drop-cap{float:left;text-align:center;line-height:1;font-size:50px}.elementor-widget-text-editor .elementor-drop-cap-letter{display:inline-block}<\/style>\t\t\t\t<p>Gewickelte Wolframf\u00e4den mit unterschiedlicher Anzahl von Windungen und Litzen.<\/p>\t\t\t\t\t\t<\/div>\n\t\t\t\t<\/div>\n\t\t\t\t<\/div>\n\t\t\t\t<\/a>\n\t\t<a class=\"elementor-element elementor-element-4259c17 e-con-full e-flex elementor-repeater-item-default_padding elementor-repeater-item-none elementor-repeater-item-none_hover e-con e-child\" data-id=\"4259c17\" data-element_type=\"container\" data-settings=\"{&quot;ang_container_spacing_size&quot;:&quot;default_padding&quot;}\" href=\"https:\/\/metalstek.com\/de\/abscheidungsmaterialien\/quellen-der-verdunstung\/thermofilament-spiralheizungen\/\">\n\t\t<div class=\"elementor-element elementor-element-1ee1156 e-con-full elementor-repeater-item-none elementor-repeater-item-none_hover e-flex elementor-repeater-item-default_padding e-con e-child\" data-id=\"1ee1156\" data-element_type=\"container\" data-settings=\"{&quot;ang_container_spacing_size&quot;:&quot;default_padding&quot;}\">\n\t\t\t\t<div class=\"elementor-element elementor-element-59c9e80 external_elementor-repeater-item-none_external elementor-repeater-item-none elementor-repeater-item-none_hover elementor-widget elementor-widget-image\" data-id=\"59c9e80\" data-element_type=\"widget\" data-widget_type=\"image.default\">\n\t\t\t\t<div class=\"elementor-widget-container\">\n\t\t\t\t\t\t\t\t\t\t\t\t\t<img decoding=\"async\" width=\"200\" height=\"200\" src=\"https:\/\/metalstek.com\/wp-content\/uploads\/2024\/05\/Photo-MA-EVH_GROUP_thumb.jpg\" class=\"attachment-large size-large wp-image-45780\" alt=\"photo-ma-evh_group_thumb\" srcset=\"https:\/\/metalstek.com\/wp-content\/uploads\/2024\/05\/Photo-MA-EVH_GROUP_thumb.jpg 200w, https:\/\/metalstek.com\/wp-content\/uploads\/2024\/05\/Photo-MA-EVH_GROUP_thumb-150x150.jpg 150w, https:\/\/metalstek.com\/wp-content\/uploads\/2024\/05\/Photo-MA-EVH_GROUP_thumb-100x100.jpg 100w, https:\/\/metalstek.com\/wp-content\/uploads\/2024\/05\/Photo-MA-EVH_GROUP_thumb-68x68.jpg 68w\" sizes=\"(max-width: 200px) 100vw, 200px\" \/>\t\t\t\t\t\t\t\t\t\t\t\t\t<\/div>\n\t\t\t\t<\/div>\n\t\t\t\t<\/div>\n\t\t<div class=\"elementor-element elementor-element-2287c6c e-con-full elementor-repeater-item-none elementor-repeater-item-none_hover e-flex elementor-repeater-item-default_padding e-con e-child\" data-id=\"2287c6c\" data-element_type=\"container\" data-settings=\"{&quot;ang_container_spacing_size&quot;:&quot;default_padding&quot;}\">\n\t\t\t\t<div class=\"elementor-element elementor-element-57527a5 elementor-repeater-item-none elementor-repeater-item-none_hover elementor-widget elementor-widget-heading\" data-id=\"57527a5\" data-element_type=\"widget\" data-widget_type=\"heading.default\">\n\t\t\t\t<div class=\"elementor-widget-container\">\n\t\t\t<h5 class=\"elementor-heading-title elementor-size-default\">Thermofilament-Spiralheizungen<\/h5>\t\t<\/div>\n\t\t\t\t<\/div>\n\t\t\t\t<div class=\"elementor-element elementor-element-e735632 elementor-repeater-item-none elementor-repeater-item-none_hover elementor-widget elementor-widget-text-editor\" data-id=\"e735632\" data-element_type=\"widget\" data-widget_type=\"text-editor.default\">\n\t\t\t\t<div class=\"elementor-widget-container\">\n\t\t\t\t\t\t\t<p>Spiralf\u00f6rmige Punktquellenfilamente, die eine L\u00f6sung mit geringem Stromverbrauch sind, wenn nur eine kleine Menge Material ben\u00f6tigt wird.<\/p>\t\t\t\t\t\t<\/div>\n\t\t\t\t<\/div>\n\t\t\t\t<\/div>\n\t\t\t\t<\/a>\n\t\t<a class=\"elementor-element elementor-element-075b422 e-con-full e-flex elementor-repeater-item-default_padding elementor-repeater-item-none elementor-repeater-item-none_hover e-con e-child\" data-id=\"075b422\" data-element_type=\"container\" data-settings=\"{&quot;ang_container_spacing_size&quot;:&quot;default_padding&quot;}\" href=\"https:\/\/metalstek.com\/de\/abscheidungsmaterialien\/quellen-der-verdunstung\/thermische-gluehfaden-punktquellen\/\">\n\t\t<div class=\"elementor-element elementor-element-f78b907 e-con-full elementor-repeater-item-none elementor-repeater-item-none_hover e-flex elementor-repeater-item-default_padding e-con e-child\" data-id=\"f78b907\" data-element_type=\"container\" data-settings=\"{&quot;ang_container_spacing_size&quot;:&quot;default_padding&quot;}\">\n\t\t\t\t<div class=\"elementor-element elementor-element-9301aec external_elementor-repeater-item-none_external elementor-repeater-item-none elementor-repeater-item-none_hover elementor-widget elementor-widget-image\" data-id=\"9301aec\" data-element_type=\"widget\" data-widget_type=\"image.default\">\n\t\t\t\t<div class=\"elementor-widget-container\">\n\t\t\t\t\t\t\t\t\t\t\t\t\t<img decoding=\"async\" width=\"200\" height=\"200\" src=\"https:\/\/metalstek.com\/wp-content\/uploads\/2024\/05\/Photo-MA-EVSP_GROUP_thumb.jpg\" class=\"attachment-large size-large wp-image-45784\" alt=\"photo-ma-evsp_group_thumb\" srcset=\"https:\/\/metalstek.com\/wp-content\/uploads\/2024\/05\/Photo-MA-EVSP_GROUP_thumb.jpg 200w, https:\/\/metalstek.com\/wp-content\/uploads\/2024\/05\/Photo-MA-EVSP_GROUP_thumb-150x150.jpg 150w, https:\/\/metalstek.com\/wp-content\/uploads\/2024\/05\/Photo-MA-EVSP_GROUP_thumb-100x100.jpg 100w, https:\/\/metalstek.com\/wp-content\/uploads\/2024\/05\/Photo-MA-EVSP_GROUP_thumb-68x68.jpg 68w\" sizes=\"(max-width: 200px) 100vw, 200px\" \/>\t\t\t\t\t\t\t\t\t\t\t\t\t<\/div>\n\t\t\t\t<\/div>\n\t\t\t\t<\/div>\n\t\t<div class=\"elementor-element elementor-element-c36f394 e-con-full elementor-repeater-item-none elementor-repeater-item-none_hover e-flex elementor-repeater-item-default_padding e-con e-child\" data-id=\"c36f394\" data-element_type=\"container\" data-settings=\"{&quot;ang_container_spacing_size&quot;:&quot;default_padding&quot;}\">\n\t\t\t\t<div class=\"elementor-element elementor-element-57d94a0 elementor-repeater-item-none elementor-repeater-item-none_hover elementor-widget elementor-widget-heading\" data-id=\"57d94a0\" data-element_type=\"widget\" data-widget_type=\"heading.default\">\n\t\t\t\t<div class=\"elementor-widget-container\">\n\t\t\t<h5 class=\"elementor-heading-title elementor-size-default\">Thermische Gl\u00fchfaden-Punktquellen<\/h5>\t\t<\/div>\n\t\t\t\t<\/div>\n\t\t\t\t<div class=\"elementor-element elementor-element-777a13c elementor-repeater-item-none elementor-repeater-item-none_hover elementor-widget elementor-widget-text-editor\" data-id=\"777a13c\" data-element_type=\"widget\" data-widget_type=\"text-editor.default\">\n\t\t\t\t<div class=\"elementor-widget-container\">\n\t\t\t\t\t\t\t<p>Punktf\u00f6rmige Filamente ben\u00f6tigen nur eine geringe Leistung und setzen sich nur auf einer begrenzten Fl\u00e4che ab.<\/p>\t\t\t\t\t\t<\/div>\n\t\t\t\t<\/div>\n\t\t\t\t<\/div>\n\t\t\t\t<\/a>\n\t\t\t\t<\/div>\n\t\t\t\t\t<\/div>\n\t\t\t\t<\/div>\n\t\t\t\t\t<\/div>\n\t\t\t\t<\/div>\n\t\t\t\t<\/div>\n\t\t","protected":false},"excerpt":{"rendered":"<p>Thermofilament-Wolfram-Spulen Gewickelte Wolframf\u00e4den mit unterschiedlicher Anzahl von Windungen und Litzen. Thermofilament-Spiralheizungen Spiralf\u00f6rmige Punktquellenfilamente, die eine L\u00f6sung mit geringem Stromverbrauch sind, wenn nur eine kleine Menge Material ben\u00f6tigt wird. Thermische Gl\u00fchfaden-Punktquellen Punktf\u00f6rmige Filamente ben\u00f6tigen nur eine geringe Leistung und setzen sich nur auf einer begrenzten Fl\u00e4che ab.<\/p>\n","protected":false},"author":1,"featured_media":0,"parent":51256,"menu_order":34,"comment_status":"closed","ping_status":"closed","template":"tpl-default-elementor.php","meta":{"_seopress_robots_primary_cat":"","_seopress_titles_title":"","_seopress_titles_desc":"Optimieren Sie das W\u00e4rmemanagement mit den thermischen Heizquellen von MetalsTek - pr\u00e4zise auf Ihre Bed\u00fcrfnisse abgestimmt!","_seopress_robots_index":"","_monsterinsights_skip_tracking":false,"_monsterinsights_sitenote_active":false,"_monsterinsights_sitenote_note":"","_monsterinsights_sitenote_category":0,"footnotes":""},"_links":{"self":[{"href":"https:\/\/metalstek.com\/de\/wp-json\/wp\/v2\/pages\/51485"}],"collection":[{"href":"https:\/\/metalstek.com\/de\/wp-json\/wp\/v2\/pages"}],"about":[{"href":"https:\/\/metalstek.com\/de\/wp-json\/wp\/v2\/types\/page"}],"author":[{"embeddable":true,"href":"https:\/\/metalstek.com\/de\/wp-json\/wp\/v2\/users\/1"}],"replies":[{"embeddable":true,"href":"https:\/\/metalstek.com\/de\/wp-json\/wp\/v2\/comments?post=51485"}],"version-history":[{"count":2,"href":"https:\/\/metalstek.com\/de\/wp-json\/wp\/v2\/pages\/51485\/revisions"}],"predecessor-version":[{"id":60398,"href":"https:\/\/metalstek.com\/de\/wp-json\/wp\/v2\/pages\/51485\/revisions\/60398"}],"up":[{"embeddable":true,"href":"https:\/\/metalstek.com\/de\/wp-json\/wp\/v2\/pages\/51256"}],"wp:attachment":[{"href":"https:\/\/metalstek.com\/de\/wp-json\/wp\/v2\/media?parent=51485"}],"curies":[{"name":"wp","href":"https:\/\/api.w.org\/{rel}","templated":true}]}}