{"id":50472,"date":"2023-11-13T16:32:54","date_gmt":"2023-11-13T08:32:54","guid":{"rendered":"https:\/\/metalstek.com\/sobre-nosotros\/"},"modified":"2025-05-06T15:07:44","modified_gmt":"2025-05-06T07:07:44","slug":"sobre-nosotros","status":"publish","type":"page","link":"https:\/\/metalstek.com\/es\/sobre-nosotros\/","title":{"rendered":"Sobre nosotros"},"content":{"rendered":"\t\t<div data-elementor-type=\"wp-page\" data-elementor-id=\"50472\" class=\"elementor elementor-50472 elementor-80\" data-elementor-post-type=\"page\">\n\t\t\t\t<div class=\"elementor-element elementor-element-eb0399d e-flex e-con-boxed elementor-repeater-item-default_padding elementor-repeater-item-none elementor-repeater-item-none_hover e-con e-parent\" data-id=\"eb0399d\" data-element_type=\"container\" data-settings=\"{&quot;ang_container_spacing_size&quot;:&quot;default_padding&quot;}\" data-core-v316-plus=\"true\">\n\t\t\t\t\t<div class=\"e-con-inner\">\n\t\t<div class=\"elementor-element elementor-element-180244d e-flex e-con-boxed elementor-repeater-item-default_padding elementor-repeater-item-none elementor-repeater-item-none_hover e-con e-child\" data-id=\"180244d\" data-element_type=\"container\" data-settings=\"{&quot;ang_container_spacing_size&quot;:&quot;default_padding&quot;}\">\n\t\t\t\t\t<div class=\"e-con-inner\">\n\t\t<div class=\"elementor-element elementor-element-80f2f7f e-con-full elementor-repeater-item-none elementor-repeater-item-none_hover e-flex elementor-repeater-item-default_padding e-con e-child\" data-id=\"80f2f7f\" data-element_type=\"container\" data-settings=\"{&quot;ang_container_spacing_size&quot;:&quot;default_padding&quot;}\">\n\t\t\t\t<div class=\"elementor-element elementor-element-e7fb45c elementor-repeater-item-none elementor-repeater-item-none_hover elementor-widget elementor-widget-heading\" data-id=\"e7fb45c\" data-element_type=\"widget\" data-widget_type=\"heading.default\">\n\t\t\t\t<div class=\"elementor-widget-container\">\n\t\t\t<style>\/*! elementor - v3.20.0 - 26-03-2024 *\/\n.elementor-heading-title{padding:0;margin:0;line-height:1}.elementor-widget-heading .elementor-heading-title[class*=elementor-size-]>a{color:inherit;font-size:inherit;line-height:inherit}.elementor-widget-heading .elementor-heading-title.elementor-size-small{font-size:15px}.elementor-widget-heading .elementor-heading-title.elementor-size-medium{font-size:19px}.elementor-widget-heading .elementor-heading-title.elementor-size-large{font-size:29px}.elementor-widget-heading .elementor-heading-title.elementor-size-xl{font-size:39px}.elementor-widget-heading .elementor-heading-title.elementor-size-xxl{font-size:59px}<\/style><h1 class=\"elementor-heading-title elementor-size-default\">Acerca de MetalsTek Engineering<\/h1>\t\t<\/div>\n\t\t\t\t<\/div>\n\t\t\t\t<\/div>\n\t\t\t\t\t<\/div>\n\t\t\t\t<\/div>\n\t\t\t\t\t<\/div>\n\t\t\t\t<\/div>\n\t\t<div class=\"elementor-element elementor-element-6ce2139 e-flex e-con-boxed elementor-repeater-item-default_padding elementor-repeater-item-none elementor-repeater-item-none_hover e-con e-parent\" data-id=\"6ce2139\" data-element_type=\"container\" data-settings=\"{&quot;ang_container_spacing_size&quot;:&quot;default_padding&quot;}\" data-core-v316-plus=\"true\">\n\t\t\t\t\t<div class=\"e-con-inner\">\n\t\t<div class=\"elementor-element elementor-element-d7236cf e-flex e-con-boxed elementor-repeater-item-default_padding elementor-repeater-item-none elementor-repeater-item-none_hover e-con e-child\" data-id=\"d7236cf\" data-element_type=\"container\" data-settings=\"{&quot;ang_container_spacing_size&quot;:&quot;default_padding&quot;}\">\n\t\t\t\t\t<div class=\"e-con-inner\">\n\t\t<div class=\"elementor-element elementor-element-a7b1a16 e-con-full elementor-repeater-item-none elementor-repeater-item-none_hover e-flex elementor-repeater-item-default_padding e-con e-child\" data-id=\"a7b1a16\" data-element_type=\"container\" data-settings=\"{&quot;ang_container_spacing_size&quot;:&quot;default_padding&quot;}\">\n\t\t\t\t<div class=\"elementor-element elementor-element-2322915 elementor-repeater-item-none elementor-repeater-item-none_hover elementor-widget elementor-widget-text-editor\" data-id=\"2322915\" data-element_type=\"widget\" data-widget_type=\"text-editor.default\">\n\t\t\t\t<div class=\"elementor-widget-container\">\n\t\t\t<style>\/*! elementor - v3.20.0 - 26-03-2024 *\/\n.elementor-widget-text-editor.elementor-drop-cap-view-stacked .elementor-drop-cap{background-color:#69727d;color:#fff}.elementor-widget-text-editor.elementor-drop-cap-view-framed .elementor-drop-cap{color:#69727d;border:3px solid;background-color:transparent}.elementor-widget-text-editor:not(.elementor-drop-cap-view-default) .elementor-drop-cap{margin-top:8px}.elementor-widget-text-editor:not(.elementor-drop-cap-view-default) .elementor-drop-cap-letter{width:1em;height:1em}.elementor-widget-text-editor .elementor-drop-cap{float:left;text-align:center;line-height:1;font-size:50px}.elementor-widget-text-editor .elementor-drop-cap-letter{display:inline-block}<\/style>\t\t\t\t<p>MetalsTek Engineering es una empresa global especializada en la investigaci\u00f3n, el desarrollo, la fabricaci\u00f3n y la venta de materiales avanzados. Suministramos materiales refractarios de alta pureza a instituciones de investigaci\u00f3n y empresas tecnol\u00f3gicas de todo el mundo. Contamos con una s\u00f3lida presencia en el mercado de polvos, aleaciones, barras, botes, crisoles, electrodos, placas, varillas, l\u00e1minas, tubos, alambres y blancos para sputtering. Durante la \u00faltima d\u00e9cada, los clientes de todo el mundo han confiado en MetalsTek para reducir costos, mejorar la calidad y acortar los plazos de entrega, lo que les proporciona una ventaja competitiva.   <\/p><p>Con un firme compromiso con la ingenier\u00eda de precisi\u00f3n y la calidad excepcional, MetalsTek Engineering se mantiene a la vanguardia del sector desde hace m\u00e1s de 10 a\u00f1os, atendiendo a sectores diversos que requieren materiales de primer nivel con propiedades superiores.<\/p>\t\t\t\t\t\t<\/div>\n\t\t\t\t<\/div>\n\t\t\t\t<div class=\"elementor-element elementor-element-c937b2c elementor-repeater-item-none elementor-repeater-item-none_hover elementor-widget elementor-widget-heading\" data-id=\"c937b2c\" data-element_type=\"widget\" data-widget_type=\"heading.default\">\n\t\t\t\t<div class=\"elementor-widget-container\">\n\t\t\t<h3 class=\"elementor-heading-title elementor-size-default\">Experiencia en metales refractarios<\/h3>\t\t<\/div>\n\t\t\t\t<\/div>\n\t\t\t\t<div class=\"elementor-element elementor-element-a67e4fc elementor-repeater-item-none elementor-repeater-item-none_hover elementor-widget elementor-widget-text-editor\" data-id=\"a67e4fc\" data-element_type=\"widget\" data-widget_type=\"text-editor.default\">\n\t\t\t\t<div class=\"elementor-widget-container\">\n\t\t\t\t\t\t\t<p>Nuestra empresa se destaca en el suministro de metales refractarios reconocidos por su excepcional resistencia al calor y durabilidad. Ofrecemos una selecci\u00f3n completa de tungsteno, molibdeno, niobio, tantalio, renio y otros materiales de alto rendimiento dise\u00f1ados para soportar condiciones extremas en diversas aplicaciones industriales. <\/p>\t\t\t\t\t\t<\/div>\n\t\t\t\t<\/div>\n\t\t\t\t<div class=\"elementor-element elementor-element-3be4c26 elementor-repeater-item-none elementor-repeater-item-none_hover elementor-widget elementor-widget-heading\" data-id=\"3be4c26\" data-element_type=\"widget\" data-widget_type=\"heading.default\">\n\t\t\t\t<div class=\"elementor-widget-container\">\n\t\t\t<h3 class=\"elementor-heading-title elementor-size-default\">Metales raros y b\u00e1sicos<\/h3>\t\t<\/div>\n\t\t\t\t<\/div>\n\t\t\t\t<div class=\"elementor-element elementor-element-dcbf558 elementor-repeater-item-none elementor-repeater-item-none_hover elementor-widget elementor-widget-text-editor\" data-id=\"dcbf558\" data-element_type=\"widget\" data-widget_type=\"text-editor.default\">\n\t\t\t\t<div class=\"elementor-widget-container\">\n\t\t\t\t\t\t\t<p>MetalsTek Engineering suministra un amplio espectro de metales raros y metales ordinarios, junto con aleaciones meticulosamente elaboradas, que cumplen las exigentes normas de las industrias que requieren propiedades y caracter\u00edsticas espec\u00edficas. Nuestro inventario abarca una amplia gama de metales, lo que garantiza una soluci\u00f3n completa para diversas necesidades industriales. <\/p>\t\t\t\t\t\t<\/div>\n\t\t\t\t<\/div>\n\t\t\t\t<div class=\"elementor-element elementor-element-21dae8a elementor-repeater-item-none elementor-repeater-item-none_hover elementor-widget elementor-widget-heading\" data-id=\"21dae8a\" data-element_type=\"widget\" data-widget_type=\"heading.default\">\n\t\t\t\t<div class=\"elementor-widget-container\">\n\t\t\t<h3 class=\"elementor-heading-title elementor-size-default\">\u00d3xidos y materiales de deposici\u00f3n<\/h3>\t\t<\/div>\n\t\t\t\t<\/div>\n\t\t\t\t<div class=\"elementor-element elementor-element-b95a883 elementor-repeater-item-none elementor-repeater-item-none_hover elementor-widget elementor-widget-text-editor\" data-id=\"b95a883\" data-element_type=\"widget\" data-widget_type=\"text-editor.default\">\n\t\t\t\t<div class=\"elementor-widget-container\">\n\t\t\t\t\t\t\t<p>Adem\u00e1s de metales y aleaciones, nuestra empresa ofrece \u00f3xidos y materiales de deposici\u00f3n elaborados meticulosamente para satisfacer las estrictas exigencias de aplicaciones avanzadas. Estos materiales cumplen con altos est\u00e1ndares de pureza y rendimiento, desempe\u00f1ando roles clave en tecnolog\u00edas de vanguardia y procesos innovadores. <\/p>\t\t\t\t\t\t<\/div>\n\t\t\t\t<\/div>\n\t\t\t\t<div class=\"elementor-element elementor-element-ab6f57c elementor-repeater-item-none elementor-repeater-item-none_hover elementor-widget elementor-widget-heading\" data-id=\"ab6f57c\" data-element_type=\"widget\" data-widget_type=\"heading.default\">\n\t\t\t\t<div class=\"elementor-widget-container\">\n\t\t\t<h3 class=\"elementor-heading-title elementor-size-default\">Compromiso con la excelencia<\/h3>\t\t<\/div>\n\t\t\t\t<\/div>\n\t\t\t\t<div class=\"elementor-element elementor-element-46f0e19 elementor-repeater-item-none elementor-repeater-item-none_hover elementor-widget elementor-widget-text-editor\" data-id=\"46f0e19\" data-element_type=\"widget\" data-widget_type=\"text-editor.default\">\n\t\t\t\t<div class=\"elementor-widget-container\">\n\t\t\t\t\t\t\t<p>En MetalsTek Engineering, nuestro compromiso con la excelencia est\u00e1 presente en todos los aspectos de nuestras operaciones. Priorizamos la fabricaci\u00f3n de precisi\u00f3n, estrictas medidas de control de calidad y un servicio al cliente inigualable. Nuestro equipo de expertos est\u00e1 comprometido con comprender tus necesidades espec\u00edficas y ofrecer soluciones a medida que superen tus expectativas.  <\/p>\t\t\t\t\t\t<\/div>\n\t\t\t\t<\/div>\n\t\t\t\t<div class=\"elementor-element elementor-element-9e9452d elementor-repeater-item-none elementor-repeater-item-none_hover elementor-widget elementor-widget-heading\" data-id=\"9e9452d\" data-element_type=\"widget\" data-widget_type=\"heading.default\">\n\t\t\t\t<div class=\"elementor-widget-container\">\n\t\t\t<h3 class=\"elementor-heading-title elementor-size-default\">Aplicaciones industriales<\/h3>\t\t<\/div>\n\t\t\t\t<\/div>\n\t\t\t\t<div class=\"elementor-element elementor-element-7b5e635 elementor-repeater-item-none elementor-repeater-item-none_hover elementor-widget elementor-widget-text-editor\" data-id=\"7b5e635\" data-element_type=\"widget\" data-widget_type=\"text-editor.default\">\n\t\t\t\t<div class=\"elementor-widget-container\">\n\t\t\t\t\t\t\t<p>Nuestros materiales tienen amplias aplicaciones en diversas industrias, incluidas la aeroespacial, defensa, electr\u00f3nica, energ\u00eda, fabricaci\u00f3n a altas temperaturas y tecnolog\u00eda avanzada. Nos enorgullece contribuir al \u00e9xito y la innovaci\u00f3n de nuestros clientes ofreciendo materiales que cumplen e incluso superan los est\u00e1ndares del sector. <\/p>\n<p>MetalsTek Engineering es un socio confiable que ofrece materiales de primer nivel, experiencia t\u00e9cnica y un firme compromiso con la excelencia en cada aspecto de nuestro servicio. Ya sea que busques metales refractarios, materiales raros, aleaciones de alto rendimiento o productos personalizados, somos tu fuente de confianza para soluciones de ingenier\u00eda de precisi\u00f3n que impulsan el progreso y el \u00e9xito en tu industria. <\/p>\t\t\t\t\t\t<\/div>\n\t\t\t\t<\/div>\n\t\t\t\t<\/div>\n\t\t<div class=\"elementor-element elementor-element-e298742 e-con-full e-flex elementor-repeater-item-default_padding elementor-repeater-item-none elementor-repeater-item-none_hover e-con e-child\" data-id=\"e298742\" data-element_type=\"container\" data-settings=\"{&quot;ang_container_spacing_size&quot;:&quot;default_padding&quot;}\">\n\t\t\t\t<div class=\"elementor-element elementor-element-09eef5a elementor-repeater-item-none elementor-repeater-item-none_hover elementor-widget elementor-widget-html\" data-id=\"09eef5a\" data-element_type=\"widget\" data-widget_type=\"html.default\">\n\t\t\t\t<div class=\"elementor-widget-container\">\n\t\t\t<div class=\"father\">\r\n  <div class=\"img-container\">\r\n      <div class=\"box\">\r\n        <img decoding=\"async\" src=\"https:\/\/metalstek.com\/wp-content\/uploads\/2024\/05\/Our-Factory.jpeg\" alt=\"\">\r\n      <\/div>\r\n      <div class=\"box\">\r\n        <img decoding=\"async\" src=\"https:\/\/metalstek.com\/wp-content\/uploads\/2024\/05\/Our-Equipment-e1715395929323.jpeg\" alt=\"\">\r\n      <\/div>\r\n      <div class=\"box\">\r\n        <img decoding=\"async\" src=\"https:\/\/youtu.be\/5Qu-6WCZRVE\" alt=\"\">\r\n      <\/div>\r\n    <\/div>\r\n    \r\n<\/div>\r\n<script>\r\n           let imgContainer = document.querySelector(\".img-container\");\r\n \r\nsetInterval(() => {\r\n        let last = imgContainer.firstElementChild;\r\n        last.remove();\r\n        imgContainer.appendChild(last);\r\n      }, 2500);\r\n<\/script>\t\t<\/div>\n\t\t\t\t<\/div>\n\t\t\t\t<div class=\"elementor-element elementor-element-d5298f1 elementor-repeater-item-none elementor-repeater-item-none_hover elementor-widget elementor-widget-html\" data-id=\"d5298f1\" data-element_type=\"widget\" data-widget_type=\"html.default\">\n\t\t\t\t<div class=\"elementor-widget-container\">\n\t\t\t<div class=\"father\">\r\n  <div id=\"img1-container\">\r\n      <div class=\"box\">\r\n        <img decoding=\"async\" src=\"https:\/\/metalstek.com\/wp-content\/uploads\/2024\/11\/Boron-Pieces-MetalsTek2-jpg.webp\" alt=\"\">\r\n      <\/div>\r\n      <div class=\"box\">\r\n        <img decoding=\"async\" src=\"https:\/\/metalstek.com\/wp-content\/uploads\/2024\/11\/DSC_9094-scaled.webp\" alt=\"\">\r\n      <\/div>\r\n      <div class=\"box\">\r\n        <img decoding=\"async\" src=\"https:\/\/metalstek.com\/wp-content\/uploads\/2024\/11\/Aluminum-Pellets1-jpg.webp\" alt=\"\">\r\n      <\/div>\r\n      <div class=\"box\">\r\n        <img decoding=\"async\" src=\"http:\/\/metalstek.com\/wp-content\/uploads\/2023\/12\/Niobium-Rod2.jpg.webp\" alt=\"\">\r\n      <\/div>\r\n      <div class=\"box\">\r\n        <img decoding=\"async\" src=\"https:\/\/metalstek.com\/wp-content\/uploads\/2024\/11\/DSC_9125-jpg.webp\" alt=\"\">\r\n      <\/div>\r\n      <div class=\"box\">\r\n        <img decoding=\"async\" src=\"http:\/\/metalstek.com\/wp-content\/uploads\/2023\/12\/TZM-Alloy-Nozzle-Tips-for-Hot-Runner-Systems1.jpg.webp\" alt=\"\">\r\n      <\/div>\r\n    <\/div>\r\n    \r\n<\/div>\r\n<script>\r\n           let imgContainer1 = document.querySelector(\"#img1-container\");\r\n \r\nsetInterval(() => {\r\n        let last1 = imgContainer1.firstElementChild;\r\n        last1.remove();\r\n        imgContainer1.appendChild(last1);\r\n      }, 2500);\r\n<\/script>\t\t<\/div>\n\t\t\t\t<\/div>\n\t\t\t\t<div class=\"elementor-element elementor-element-7d42609 elementor-repeater-item-none elementor-repeater-item-none_hover elementor-widget elementor-widget-html\" data-id=\"7d42609\" data-element_type=\"widget\" data-widget_type=\"html.default\">\n\t\t\t\t<div class=\"elementor-widget-container\">\n\t\t\t<div class=\"father\">\r\n  <div id=\"img2-container\">\r\n      <div class=\"box\">\r\n        <img decoding=\"async\" src=\"https:\/\/metalstek.com\/wp-content\/uploads\/2024\/11\/Moly-Parts-for-Furnace-Use2-1-jpg.webp\" alt=\"\">\r\n      <\/div>\r\n      <div class=\"box\">\r\n        <img decoding=\"async\" src=\"https:\/\/metalstek.com\/wp-content\/uploads\/2024\/11\/Moly-Parts-for-Furnace-Use1-jpg.webp\" alt=\"\">\r\n      <\/div>\r\n      <div class=\"box\">\r\n        <img decoding=\"async\" src=\"https:\/\/metalstek.com\/wp-content\/uploads\/2024\/11\/Tungsten-Alloy-WNiFe-MetalsTek13-jpeg.webp\" alt=\"\">\r\n      <\/div>\r\n      <div class=\"box\">\r\n        <img decoding=\"async\" src=\"https:\/\/metalstek.com\/wp-content\/uploads\/2024\/11\/Tungsten-Alloy-WNiFe-MetalsTek20-jpeg.webp\" alt=\"\">\r\n      <\/div>\r\n      <div class=\"box\">\r\n        <img decoding=\"async\" src=\"https:\/\/metalstek.com\/wp-content\/uploads\/2024\/11\/Tungsten-Alloy-WNiFe-MetalsTek8-jpeg.webp\" alt=\"\">\r\n      <\/div>\r\n      <div class=\"box\">\r\n        <img decoding=\"async\" src=\"https:\/\/metalstek.com\/wp-content\/uploads\/2024\/11\/Tungsten-Alloy-WNiFe-MetalsTek7-jpg.webp\" alt=\"\">\r\n      <\/div>\r\n    <\/div>\r\n    \r\n<\/div>\r\n<script>\r\n           let imgContainer2 = document.querySelector(\"#img2-container\");\r\n \r\nsetInterval(() => {\r\n        let last = imgContainer2.firstElementChild;\r\n        last.remove();\r\n        imgContainer2.appendChild(last);\r\n      }, 2500);\r\n<\/script>\t\t<\/div>\n\t\t\t\t<\/div>\n\t\t\t\t<\/div>\n\t\t\t\t\t<\/div>\n\t\t\t\t<\/div>\n\t\t\t\t\t<\/div>\n\t\t\t\t<\/div>\n\t\t<div class=\"elementor-element elementor-element-074686b e-flex e-con-boxed elementor-repeater-item-default_padding elementor-repeater-item-none elementor-repeater-item-none_hover e-con e-parent\" data-id=\"074686b\" data-element_type=\"container\" data-settings=\"{&quot;ang_container_spacing_size&quot;:&quot;default_padding&quot;}\" data-core-v316-plus=\"true\">\n\t\t\t\t\t<div class=\"e-con-inner\">\n\t\t\t\t<div class=\"elementor-element elementor-element-f5f3e4b elementor-repeater-item-none elementor-repeater-item-none_hover elementor-widget elementor-widget-video\" data-id=\"f5f3e4b\" data-element_type=\"widget\" data-settings=\"{&quot;youtube_url&quot;:&quot;https:\\\/\\\/youtu.be\\\/WsEXGch0Zcw&quot;,&quot;video_type&quot;:&quot;youtube&quot;,&quot;controls&quot;:&quot;yes&quot;}\" data-widget_type=\"video.default\">\n\t\t\t\t<div class=\"elementor-widget-container\">\n\t\t\t<style>\/*! elementor - v3.20.0 - 26-03-2024 *\/\n.elementor-widget-video .elementor-widget-container{overflow:hidden;transform:translateZ(0)}.elementor-widget-video .elementor-wrapper{aspect-ratio:var(--video-aspect-ratio)}.elementor-widget-video .elementor-wrapper iframe,.elementor-widget-video .elementor-wrapper video{height:100%;width:100%;display:flex;border:none;background-color:#000}@supports not (aspect-ratio:1\/1){.elementor-widget-video .elementor-wrapper{position:relative;overflow:hidden;height:0;padding-bottom:calc(100% \/ var(--video-aspect-ratio))}.elementor-widget-video .elementor-wrapper iframe,.elementor-widget-video .elementor-wrapper video{position:absolute;top:0;right:0;bottom:0;left:0}}.elementor-widget-video .elementor-open-inline .elementor-custom-embed-image-overlay{position:absolute;top:0;right:0;bottom:0;left:0;background-size:cover;background-position:50%}.elementor-widget-video .elementor-custom-embed-image-overlay{cursor:pointer;text-align:center}.elementor-widget-video .elementor-custom-embed-image-overlay:hover .elementor-custom-embed-play i{opacity:1}.elementor-widget-video .elementor-custom-embed-image-overlay img{display:block;width:100%;aspect-ratio:var(--video-aspect-ratio);-o-object-fit:cover;object-fit:cover;-o-object-position:center center;object-position:center center}@supports not (aspect-ratio:1\/1){.elementor-widget-video .elementor-custom-embed-image-overlay{position:relative;overflow:hidden;height:0;padding-bottom:calc(100% \/ var(--video-aspect-ratio))}.elementor-widget-video .elementor-custom-embed-image-overlay img{position:absolute;top:0;right:0;bottom:0;left:0}}.elementor-widget-video .e-hosted-video .elementor-video{-o-object-fit:cover;object-fit:cover}.e-con-inner>.elementor-widget-video,.e-con>.elementor-widget-video{width:var(--container-widget-width);--flex-grow:var(--container-widget-flex-grow)}<\/style>\t\t<div class=\"elementor-wrapper elementor-open-inline\">\n\t\t\t<div class=\"elementor-video\"><\/div>\t\t<\/div>\n\t\t\t\t<\/div>\n\t\t\t\t<\/div>\n\t\t\t\t<div class=\"elementor-element elementor-element-9eae5ea elementor-repeater-item-none elementor-repeater-item-none_hover elementor-widget elementor-widget-text-editor\" data-id=\"9eae5ea\" data-element_type=\"widget\" data-widget_type=\"text-editor.default\">\n\t\t\t\t<div class=\"elementor-widget-container\">\n\t\t\t\t\t\t\t\t\t\t\t\t\t<\/div>\n\t\t\t\t<\/div>\n\t\t\t\t\t<\/div>\n\t\t\t\t<\/div>\n\t\t\t\t<\/div>\n\t\t","protected":false},"excerpt":{"rendered":"<p>Acerca de MetalsTek Engineering MetalsTek Engineering es una empresa global especializada en la investigaci\u00f3n, el desarrollo, la fabricaci\u00f3n y la venta de materiales avanzados. Suministramos materiales refractarios de alta pureza a instituciones de investigaci\u00f3n y empresas tecnol\u00f3gicas de todo el mundo. Contamos con una s\u00f3lida presencia en el mercado de polvos, aleaciones, barras, botes, crisoles, [&hellip;]<\/p>\n","protected":false},"author":1,"featured_media":0,"parent":0,"menu_order":33,"comment_status":"closed","ping_status":"closed","template":"tpl-default-elementor.php","meta":{"_seopress_robots_primary_cat":"","_seopress_titles_title":"MetalsTek es un fabricante y proveedor de confianza a nivel mundial","_seopress_titles_desc":"MetalsTek Engineering es un proveedor y fabricante global de diversos metales, aleaciones y productos de deposici\u00f3n. \u00a1Personalizamos los productos seg\u00fan tus necesidades! ","_seopress_robots_index":"","_monsterinsights_skip_tracking":false,"_monsterinsights_sitenote_active":false,"_monsterinsights_sitenote_note":"","_monsterinsights_sitenote_category":0,"footnotes":""},"_links":{"self":[{"href":"https:\/\/metalstek.com\/es\/wp-json\/wp\/v2\/pages\/50472"}],"collection":[{"href":"https:\/\/metalstek.com\/es\/wp-json\/wp\/v2\/pages"}],"about":[{"href":"https:\/\/metalstek.com\/es\/wp-json\/wp\/v2\/types\/page"}],"author":[{"embeddable":true,"href":"https:\/\/metalstek.com\/es\/wp-json\/wp\/v2\/users\/1"}],"replies":[{"embeddable":true,"href":"https:\/\/metalstek.com\/es\/wp-json\/wp\/v2\/comments?post=50472"}],"version-history":[{"count":4,"href":"https:\/\/metalstek.com\/es\/wp-json\/wp\/v2\/pages\/50472\/revisions"}],"predecessor-version":[{"id":54027,"href":"https:\/\/metalstek.com\/es\/wp-json\/wp\/v2\/pages\/50472\/revisions\/54027"}],"wp:attachment":[{"href":"https:\/\/metalstek.com\/es\/wp-json\/wp\/v2\/media?parent=50472"}],"curies":[{"name":"wp","href":"https:\/\/api.w.org\/{rel}","templated":true}]}}