{"id":51594,"date":"2024-02-01T16:32:46","date_gmt":"2024-02-01T08:32:46","guid":{"rendered":"https:\/\/metalstek.com\/varilla\/"},"modified":"2025-05-06T14:43:36","modified_gmt":"2025-05-06T06:43:36","slug":"varilla","status":"publish","type":"page","link":"https:\/\/metalstek.com\/es\/varilla\/","title":{"rendered":"Varilla"},"content":{"rendered":"\t\t<div data-elementor-type=\"wp-page\" data-elementor-id=\"51594\" class=\"elementor elementor-51594 elementor-13247\" data-elementor-post-type=\"page\">\n\t\t\t\t<div class=\"elementor-element elementor-element-e27f05a e-flex e-con-boxed elementor-repeater-item-default_padding elementor-repeater-item-none elementor-repeater-item-none_hover e-con e-parent\" data-id=\"e27f05a\" data-element_type=\"container\" data-settings=\"{&quot;ang_container_spacing_size&quot;:&quot;default_padding&quot;}\" data-core-v316-plus=\"true\">\n\t\t\t\t\t<div class=\"e-con-inner\">\n\t\t<div class=\"elementor-element elementor-element-3eb9870 e-flex e-con-boxed elementor-repeater-item-default_padding elementor-repeater-item-none elementor-repeater-item-none_hover e-con e-child\" data-id=\"3eb9870\" data-element_type=\"container\" data-settings=\"{&quot;ang_container_spacing_size&quot;:&quot;default_padding&quot;}\">\n\t\t\t\t\t<div class=\"e-con-inner\">\n\t\t\t\t<div class=\"elementor-element elementor-element-9553c6b elementor-repeater-item-none elementor-repeater-item-none_hover elementor-widget elementor-widget-template\" data-id=\"9553c6b\" data-element_type=\"widget\" data-widget_type=\"template.default\">\n\t\t\t\t<div class=\"elementor-widget-container\">\n\t\t\t\t\t<div class=\"elementor-template\">\n\t\t\t\t\t<div data-elementor-type=\"container\" data-elementor-id=\"2018\" class=\"elementor elementor-2018\" data-elementor-post-type=\"elementor_library\">\n\t\t\t\t<div class=\"elementor-element elementor-element-566b6908 e-flex e-con-boxed elementor-repeater-item-default_padding elementor-repeater-item-none elementor-repeater-item-none_hover e-con e-parent\" data-id=\"566b6908\" data-element_type=\"container\" data-settings=\"{&quot;background_background&quot;:&quot;video&quot;,&quot;background_video_link&quot;:&quot;https:\\\/\\\/metalstek.com\\\/wp-content\\\/uploads\\\/2024\\\/10\\\/1\\u670810\\u65e5-2.mp4&quot;,&quot;ang_container_spacing_size&quot;:&quot;default_padding&quot;}\" data-core-v316-plus=\"true\">\n\t\t\t\t\t<div class=\"e-con-inner\">\n\t\t<div class=\"elementor-background-video-container elementor-hidden-phone\">\n\t\t\t\t\t\t\t<video class=\"elementor-background-video-hosted elementor-html5-video\" autoplay muted playsinline loop><\/video>\n\t\t\t\t\t<\/div><div class=\"elementor-element elementor-element-20228167 e-con-full e-flex elementor-repeater-item-default_padding elementor-repeater-item-none elementor-repeater-item-none_hover e-con e-child\" data-id=\"20228167\" data-element_type=\"container\" data-settings=\"{&quot;ang_container_spacing_size&quot;:&quot;default_padding&quot;}\">\n\t\t\t\t<div class=\"elementor-element elementor-element-5aad3bb8 elementor-repeater-item-none elementor-repeater-item-none_hover elementor-widget elementor-widget-heading\" data-id=\"5aad3bb8\" data-element_type=\"widget\" id=\"bannerTitle\" data-widget_type=\"heading.default\">\n\t\t\t\t<div class=\"elementor-widget-container\">\n\t\t\t<style>\/*! elementor - v3.20.0 - 26-03-2024 *\/\n.elementor-heading-title{padding:0;margin:0;line-height:1}.elementor-widget-heading .elementor-heading-title[class*=elementor-size-]>a{color:inherit;font-size:inherit;line-height:inherit}.elementor-widget-heading .elementor-heading-title.elementor-size-small{font-size:15px}.elementor-widget-heading .elementor-heading-title.elementor-size-medium{font-size:19px}.elementor-widget-heading .elementor-heading-title.elementor-size-large{font-size:29px}.elementor-widget-heading .elementor-heading-title.elementor-size-xl{font-size:39px}.elementor-widget-heading .elementor-heading-title.elementor-size-xxl{font-size:59px}<\/style><h1 class=\"elementor-heading-title elementor-size-default\">Varilla<\/h1>\t\t<\/div>\n\t\t\t\t<\/div>\n\t\t\t\t<div class=\"elementor-element elementor-element-75fd0533 elementor-repeater-item-none elementor-repeater-item-none_hover elementor-widget elementor-widget-woocommerce-breadcrumb\" data-id=\"75fd0533\" data-element_type=\"widget\" data-widget_type=\"woocommerce-breadcrumb.default\">\n\t\t\t\t<div class=\"elementor-widget-container\">\n\t\t\t<link rel=\"stylesheet\" href=\"https:\/\/metalstek.com\/wp-content\/plugins\/elementor-pro\/assets\/css\/widget-woocommerce.min.css\"><nav class=\"woocommerce-breadcrumb\" aria-label=\"Breadcrumb\">Inicio<\/nav>\t\t<\/div>\n\t\t\t\t<\/div>\n\t\t\t\t<\/div>\n\t\t\t\t\t<\/div>\n\t\t\t\t<\/div>\n\t\t\t\t<\/div>\n\t\t\t\t<\/div>\n\t\t\t\t<\/div>\n\t\t\t\t<\/div>\n\t\t\t\t\t<\/div>\n\t\t\t\t<\/div>\n\t\t<div class=\"elementor-element elementor-element-3faa9b1 e-flex e-con-boxed elementor-repeater-item-default_padding elementor-repeater-item-none elementor-repeater-item-none_hover e-con e-child\" data-id=\"3faa9b1\" data-element_type=\"container\" data-settings=\"{&quot;ang_container_spacing_size&quot;:&quot;default_padding&quot;}\">\n\t\t\t\t\t<div class=\"e-con-inner\">\n\t\t<div class=\"elementor-element elementor-element-a51acb7 e-flex e-con-boxed elementor-repeater-item-default_padding elementor-repeater-item-none elementor-repeater-item-none_hover e-con e-child\" data-id=\"a51acb7\" data-element_type=\"container\" data-settings=\"{&quot;ang_container_spacing_size&quot;:&quot;default_padding&quot;}\">\n\t\t\t\t\t<div class=\"e-con-inner\">\n\t\t\t\t<div class=\"elementor-element elementor-element-c0b358b elementor-repeater-item-none elementor-repeater-item-none_hover elementor-widget elementor-widget-heading\" data-id=\"c0b358b\" data-element_type=\"widget\" data-widget_type=\"heading.default\">\n\t\t\t\t<div class=\"elementor-widget-container\">\n\t\t\t<h2 class=\"elementor-heading-title elementor-size-default\">Varilla<\/h2>\t\t<\/div>\n\t\t\t\t<\/div>\n\t\t<div class=\"elementor-element elementor-element-4b771c5 elementor-repeater-item-none elementor-repeater-item-none_hover e-flex e-con-boxed elementor-repeater-item-default_padding elementor-invisible e-con e-child\" data-id=\"4b771c5\" data-element_type=\"container\" data-settings=\"{&quot;animation&quot;:&quot;slideInDown&quot;,&quot;ang_container_spacing_size&quot;:&quot;default_padding&quot;}\">\n\t\t\t\t\t<div class=\"e-con-inner\">\n\t\t<div class=\"elementor-element elementor-element-87e21c1 e-con-full elementor-repeater-item-none elementor-repeater-item-none_hover sd e-flex elementor-repeater-item-default_padding e-con e-child\" data-id=\"87e21c1\" data-element_type=\"container\" data-settings=\"{&quot;ang_container_spacing_size&quot;:&quot;default_padding&quot;}\">\n\t\t\t\t<div class=\"elementor-element elementor-element-f6f44e7 sdimg external_elementor-repeater-item-none_external elementor-repeater-item-none elementor-repeater-item-none_hover elementor-widget elementor-widget-image\" data-id=\"f6f44e7\" data-element_type=\"widget\" data-widget_type=\"image.default\">\n\t\t\t\t<div class=\"elementor-widget-container\">\n\t\t\t<style>\/*! elementor - v3.20.0 - 26-03-2024 *\/\n.elementor-widget-image{text-align:center}.elementor-widget-image a{display:inline-block}.elementor-widget-image a img[src$=\".svg\"]{width:48px}.elementor-widget-image img{vertical-align:middle;display:inline-block}<\/style>\t\t\t\t\t\t\t<figure class=\"wp-caption\">\n\t\t\t\t\t\t\t\t\t\t\t<a href=\"https:\/\/metalstek.com\/refractory-metals\/tantalum\/tantalum-evaporation-materials\/\">\n\t\t\t\t\t\t\t<img fetchpriority=\"high\" decoding=\"async\" width=\"1000\" height=\"1000\" src=\"https:\/\/metalstek.com\/wp-content\/uploads\/2023\/12\/\u94a8\u68d2-15x100-3.jpg\" class=\"attachment-full size-full wp-image-36824\" alt=\"tungsten-rod\" srcset=\"https:\/\/metalstek.com\/wp-content\/uploads\/2023\/12\/\u94a8\u68d2-15x100-3.jpg 1000w, https:\/\/metalstek.com\/wp-content\/uploads\/2023\/12\/\u94a8\u68d2-15x100-3-300x300.jpg 300w, https:\/\/metalstek.com\/wp-content\/uploads\/2023\/12\/\u94a8\u68d2-15x100-3-150x150.jpg 150w, https:\/\/metalstek.com\/wp-content\/uploads\/2023\/12\/\u94a8\u68d2-15x100-3-768x768.jpg 768w, https:\/\/metalstek.com\/wp-content\/uploads\/2023\/12\/\u94a8\u68d2-15x100-3-100x100.jpg 100w, https:\/\/metalstek.com\/wp-content\/uploads\/2023\/12\/\u94a8\u68d2-15x100-3-68x68.jpg 68w, https:\/\/metalstek.com\/wp-content\/uploads\/2023\/12\/\u94a8\u68d2-15x100-3-600x600.jpg 600w, https:\/\/metalstek.com\/wp-content\/uploads\/2023\/12\/\u94a8\u68d2-15x100-3-64x64.jpg 64w\" sizes=\"(max-width: 1000px) 100vw, 1000px\" \/>\t\t\t\t\t\t\t\t<\/a>\n\t\t\t\t\t\t\t\t\t\t\t<figcaption class=\"widget-image-caption wp-caption-text\">Varilla de wolframio<\/figcaption>\n\t\t\t\t\t\t\t\t\t\t<\/figure>\n\t\t\t\t\t\t\t<\/div>\n\t\t\t\t<\/div>\n\t\t\t\t<\/div>\n\t\t<div class=\"elementor-element elementor-element-1632e0c e-con-full elementor-repeater-item-none elementor-repeater-item-none_hover sd e-flex elementor-repeater-item-default_padding e-con e-child\" data-id=\"1632e0c\" data-element_type=\"container\" data-settings=\"{&quot;ang_container_spacing_size&quot;:&quot;default_padding&quot;}\">\n\t\t\t\t<div class=\"elementor-element elementor-element-281f979 sdimg external_elementor-repeater-item-none_external elementor-repeater-item-none elementor-repeater-item-none_hover elementor-widget elementor-widget-image\" data-id=\"281f979\" data-element_type=\"widget\" data-widget_type=\"image.default\">\n\t\t\t\t<div class=\"elementor-widget-container\">\n\t\t\t\t\t\t\t\t\t\t<figure class=\"wp-caption\">\n\t\t\t\t\t\t\t\t\t\t\t<a href=\"https:\/\/metalstek.com\/refractory-metals\/tantalum\/tantalum-sputtering-targets\/\">\n\t\t\t\t\t\t\t<img decoding=\"async\" width=\"500\" height=\"408\" src=\"https:\/\/metalstek.com\/wp-content\/uploads\/2024\/02\/molybdenum-rod-bar-removebg-preview.png\" class=\"attachment-full size-full wp-image-40037\" alt=\"molybdenum-rod-bar-removebg-preview\" srcset=\"https:\/\/metalstek.com\/wp-content\/uploads\/2024\/02\/molybdenum-rod-bar-removebg-preview.png 500w, https:\/\/metalstek.com\/wp-content\/uploads\/2024\/02\/molybdenum-rod-bar-removebg-preview-300x245.png 300w, https:\/\/metalstek.com\/wp-content\/uploads\/2024\/02\/molybdenum-rod-bar-removebg-preview-64x52.png 64w\" sizes=\"(max-width: 500px) 100vw, 500px\" \/>\t\t\t\t\t\t\t\t<\/a>\n\t\t\t\t\t\t\t\t\t\t\t<figcaption class=\"widget-image-caption wp-caption-text\">Varilla de molibdeno<\/figcaption>\n\t\t\t\t\t\t\t\t\t\t<\/figure>\n\t\t\t\t\t\t\t<\/div>\n\t\t\t\t<\/div>\n\t\t\t\t<\/div>\n\t\t<div class=\"elementor-element elementor-element-a350893 e-con-full elementor-repeater-item-none elementor-repeater-item-none_hover sd e-flex elementor-repeater-item-default_padding e-con e-child\" data-id=\"a350893\" data-element_type=\"container\" data-settings=\"{&quot;ang_container_spacing_size&quot;:&quot;default_padding&quot;}\">\n\t\t\t\t<div class=\"elementor-element elementor-element-16d06b3 sdimg external_elementor-repeater-item-none_external elementor-repeater-item-none elementor-repeater-item-none_hover elementor-widget elementor-widget-image\" data-id=\"16d06b3\" data-element_type=\"widget\" data-widget_type=\"image.default\">\n\t\t\t\t<div class=\"elementor-widget-container\">\n\t\t\t\t\t\t\t\t\t\t<figure class=\"wp-caption\">\n\t\t\t\t\t\t\t\t\t\t\t<a href=\"https:\/\/metalstek.com\/refractory-metals\/tantalum\/tantalum-wire\/\">\n\t\t\t\t\t\t\t<img decoding=\"async\" width=\"500\" height=\"413\" src=\"https:\/\/metalstek.com\/wp-content\/uploads\/2023\/12\/tantalum-rod-500x500-1.webp\" class=\"attachment-full size-full wp-image-37265\" alt=\"tantalum-rod-500x500\" srcset=\"https:\/\/metalstek.com\/wp-content\/uploads\/2023\/12\/tantalum-rod-500x500-1.webp 500w, https:\/\/metalstek.com\/wp-content\/uploads\/2023\/12\/tantalum-rod-500x500-1-300x248.webp 300w, https:\/\/metalstek.com\/wp-content\/uploads\/2023\/12\/tantalum-rod-500x500-1-64x53.webp 64w\" sizes=\"(max-width: 500px) 100vw, 500px\" \/>\t\t\t\t\t\t\t\t<\/a>\n\t\t\t\t\t\t\t\t\t\t\t<figcaption class=\"widget-image-caption wp-caption-text\">Varilla de t\u00e1ntalo<\/figcaption>\n\t\t\t\t\t\t\t\t\t\t<\/figure>\n\t\t\t\t\t\t\t<\/div>\n\t\t\t\t<\/div>\n\t\t\t\t<\/div>\n\t\t<div class=\"elementor-element elementor-element-52c055c e-con-full elementor-repeater-item-none elementor-repeater-item-none_hover sd e-flex elementor-repeater-item-default_padding e-con e-child\" data-id=\"52c055c\" data-element_type=\"container\" data-settings=\"{&quot;ang_container_spacing_size&quot;:&quot;default_padding&quot;}\">\n\t\t\t\t<div class=\"elementor-element elementor-element-c692f10 sdimg external_elementor-repeater-item-none_external elementor-repeater-item-none elementor-repeater-item-none_hover elementor-widget elementor-widget-image\" data-id=\"c692f10\" data-element_type=\"widget\" data-widget_type=\"image.default\">\n\t\t\t\t<div class=\"elementor-widget-container\">\n\t\t\t\t\t\t\t\t\t\t<figure class=\"wp-caption\">\n\t\t\t\t\t\t\t\t\t\t\t<a href=\"https:\/\/metalstek.com\/refractory-metals\/tantalum\/tantalum-rod\/\">\n\t\t\t\t\t\t\t<img loading=\"lazy\" decoding=\"async\" width=\"342\" height=\"342\" src=\"https:\/\/metalstek.com\/wp-content\/uploads\/2023\/12\/Niobium-Rod.webp\" class=\"attachment-full size-full wp-image-37309\" alt=\"niobium-rod\" srcset=\"https:\/\/metalstek.com\/wp-content\/uploads\/2023\/12\/Niobium-Rod.webp 342w, https:\/\/metalstek.com\/wp-content\/uploads\/2023\/12\/Niobium-Rod-300x300.webp 300w, https:\/\/metalstek.com\/wp-content\/uploads\/2023\/12\/Niobium-Rod-150x150.webp 150w, https:\/\/metalstek.com\/wp-content\/uploads\/2023\/12\/Niobium-Rod-100x100.webp 100w, https:\/\/metalstek.com\/wp-content\/uploads\/2023\/12\/Niobium-Rod-68x68.webp 68w, https:\/\/metalstek.com\/wp-content\/uploads\/2023\/12\/Niobium-Rod-64x64.webp 64w\" sizes=\"(max-width: 342px) 100vw, 342px\" \/>\t\t\t\t\t\t\t\t<\/a>\n\t\t\t\t\t\t\t\t\t\t\t<figcaption class=\"widget-image-caption wp-caption-text\">Varilla de niobio<\/figcaption>\n\t\t\t\t\t\t\t\t\t\t<\/figure>\n\t\t\t\t\t\t\t<\/div>\n\t\t\t\t<\/div>\n\t\t\t\t<\/div>\n\t\t\t\t\t<\/div>\n\t\t\t\t<\/div>\n\t\t<div class=\"elementor-element elementor-element-f407c4c elementor-repeater-item-none elementor-repeater-item-none_hover e-flex e-con-boxed elementor-repeater-item-default_padding elementor-invisible e-con e-child\" data-id=\"f407c4c\" data-element_type=\"container\" data-settings=\"{&quot;animation&quot;:&quot;slideInDown&quot;,&quot;ang_container_spacing_size&quot;:&quot;default_padding&quot;}\">\n\t\t\t\t\t<div class=\"e-con-inner\">\n\t\t<div class=\"elementor-element elementor-element-9f7bbf5 e-con-full elementor-repeater-item-none elementor-repeater-item-none_hover sd e-flex elementor-repeater-item-default_padding e-con e-child\" data-id=\"9f7bbf5\" data-element_type=\"container\" data-settings=\"{&quot;ang_container_spacing_size&quot;:&quot;default_padding&quot;}\">\n\t\t\t\t<div class=\"elementor-element elementor-element-335900b sdimg external_elementor-repeater-item-none_external elementor-repeater-item-none elementor-repeater-item-none_hover elementor-widget elementor-widget-image\" data-id=\"335900b\" data-element_type=\"widget\" data-widget_type=\"image.default\">\n\t\t\t\t<div class=\"elementor-widget-container\">\n\t\t\t\t\t\t\t\t\t\t<figure class=\"wp-caption\">\n\t\t\t\t\t\t\t\t\t\t\t<a href=\"https:\/\/metalstek.com\/refractory-metals\/zirconium\/zirconium-sheet-foil-2\/\">\n\t\t\t\t\t\t\t<img loading=\"lazy\" decoding=\"async\" width=\"261\" height=\"257\" src=\"https:\/\/metalstek.com\/wp-content\/uploads\/2024\/02\/Niobium_Zirconium__Nb-Zr__Alloy_Rod_Bar-removebg-preview-e1707014914269.png\" class=\"attachment-full size-full wp-image-40293\" alt=\"niobium_zirconium__nb-zr__alloy_rod_bar-removebg-preview\" srcset=\"https:\/\/metalstek.com\/wp-content\/uploads\/2024\/02\/Niobium_Zirconium__Nb-Zr__Alloy_Rod_Bar-removebg-preview-e1707014914269.png 261w, https:\/\/metalstek.com\/wp-content\/uploads\/2024\/02\/Niobium_Zirconium__Nb-Zr__Alloy_Rod_Bar-removebg-preview-e1707014914269-68x68.png 68w, https:\/\/metalstek.com\/wp-content\/uploads\/2024\/02\/Niobium_Zirconium__Nb-Zr__Alloy_Rod_Bar-removebg-preview-e1707014914269-64x63.png 64w\" sizes=\"(max-width: 261px) 100vw, 261px\" \/>\t\t\t\t\t\t\t\t<\/a>\n\t\t\t\t\t\t\t\t\t\t\t<figcaption class=\"widget-image-caption wp-caption-text\">Varilla de circonio<\/figcaption>\n\t\t\t\t\t\t\t\t\t\t<\/figure>\n\t\t\t\t\t\t\t<\/div>\n\t\t\t\t<\/div>\n\t\t\t\t<\/div>\n\t\t<div class=\"elementor-element elementor-element-370c693 e-con-full elementor-repeater-item-none elementor-repeater-item-none_hover sd e-flex elementor-repeater-item-default_padding e-con e-child\" data-id=\"370c693\" data-element_type=\"container\" data-settings=\"{&quot;ang_container_spacing_size&quot;:&quot;default_padding&quot;}\">\n\t\t\t\t<div class=\"elementor-element elementor-element-52fcc0a sdimg external_elementor-repeater-item-none_external elementor-repeater-item-none elementor-repeater-item-none_hover elementor-widget elementor-widget-image\" data-id=\"52fcc0a\" data-element_type=\"widget\" data-widget_type=\"image.default\">\n\t\t\t\t<div class=\"elementor-widget-container\">\n\t\t\t\t\t\t\t\t\t\t<figure class=\"wp-caption\">\n\t\t\t\t\t\t\t\t\t\t\t<a href=\"https:\/\/metalstek.com\/refractory-metals\/tantalum\/tantalum-plate-bar\/\">\n\t\t\t\t\t\t\t<img loading=\"lazy\" decoding=\"async\" width=\"800\" height=\"527\" src=\"https:\/\/metalstek.com\/wp-content\/uploads\/2024\/02\/Niobium-Hafnium-Alloy-Rod.jpg\" class=\"attachment-full size-full wp-image-40261\" alt=\"niobium-hafnium-alloy-rod\" srcset=\"https:\/\/metalstek.com\/wp-content\/uploads\/2024\/02\/Niobium-Hafnium-Alloy-Rod.jpg 800w, https:\/\/metalstek.com\/wp-content\/uploads\/2024\/02\/Niobium-Hafnium-Alloy-Rod-300x198.jpg 300w, https:\/\/metalstek.com\/wp-content\/uploads\/2024\/02\/Niobium-Hafnium-Alloy-Rod-768x506.jpg 768w, https:\/\/metalstek.com\/wp-content\/uploads\/2024\/02\/Niobium-Hafnium-Alloy-Rod-600x395.jpg 600w, https:\/\/metalstek.com\/wp-content\/uploads\/2024\/02\/Niobium-Hafnium-Alloy-Rod-64x42.jpg 64w\" sizes=\"(max-width: 800px) 100vw, 800px\" \/>\t\t\t\t\t\t\t\t<\/a>\n\t\t\t\t\t\t\t\t\t\t\t<figcaption class=\"widget-image-caption wp-caption-text\">Varilla de hafnio<\/figcaption>\n\t\t\t\t\t\t\t\t\t\t<\/figure>\n\t\t\t\t\t\t\t<\/div>\n\t\t\t\t<\/div>\n\t\t\t\t<\/div>\n\t\t<div class=\"elementor-element elementor-element-cd6d755 e-con-full elementor-repeater-item-none elementor-repeater-item-none_hover sd e-flex elementor-repeater-item-default_padding e-con e-child\" data-id=\"cd6d755\" data-element_type=\"container\" data-settings=\"{&quot;ang_container_spacing_size&quot;:&quot;default_padding&quot;}\">\n\t\t\t\t<div class=\"elementor-element elementor-element-b9cd701 sdimg external_elementor-repeater-item-none_external elementor-repeater-item-none elementor-repeater-item-none_hover elementor-widget elementor-widget-image\" data-id=\"b9cd701\" data-element_type=\"widget\" data-widget_type=\"image.default\">\n\t\t\t\t<div class=\"elementor-widget-container\">\n\t\t\t\t\t\t\t\t\t\t<figure class=\"wp-caption\">\n\t\t\t\t\t\t\t\t\t\t\t<a href=\"https:\/\/metalstek.com\/refractory-metals\/tantalum\/tantalum-tube-2\/\">\n\t\t\t\t\t\t\t<img loading=\"lazy\" decoding=\"async\" width=\"500\" height=\"500\" src=\"https:\/\/metalstek.com\/wp-content\/uploads\/2024\/01\/vanadium-rod-500x500-1.webp\" class=\"attachment-full size-full wp-image-37501\" alt=\"vanadium-rod-500x500\" srcset=\"https:\/\/metalstek.com\/wp-content\/uploads\/2024\/01\/vanadium-rod-500x500-1.webp 500w, https:\/\/metalstek.com\/wp-content\/uploads\/2024\/01\/vanadium-rod-500x500-1-300x300.webp 300w, https:\/\/metalstek.com\/wp-content\/uploads\/2024\/01\/vanadium-rod-500x500-1-150x150.webp 150w, https:\/\/metalstek.com\/wp-content\/uploads\/2024\/01\/vanadium-rod-500x500-1-100x100.webp 100w, https:\/\/metalstek.com\/wp-content\/uploads\/2024\/01\/vanadium-rod-500x500-1-68x68.webp 68w, https:\/\/metalstek.com\/wp-content\/uploads\/2024\/01\/vanadium-rod-500x500-1-64x64.webp 64w\" sizes=\"(max-width: 500px) 100vw, 500px\" \/>\t\t\t\t\t\t\t\t<\/a>\n\t\t\t\t\t\t\t\t\t\t\t<figcaption class=\"widget-image-caption wp-caption-text\">Varilla de vanadio<\/figcaption>\n\t\t\t\t\t\t\t\t\t\t<\/figure>\n\t\t\t\t\t\t\t<\/div>\n\t\t\t\t<\/div>\n\t\t\t\t<\/div>\n\t\t<div class=\"elementor-element elementor-element-6a2ebdf e-con-full elementor-repeater-item-none elementor-repeater-item-none_hover sd e-flex elementor-repeater-item-default_padding e-con e-child\" data-id=\"6a2ebdf\" data-element_type=\"container\" data-settings=\"{&quot;ang_container_spacing_size&quot;:&quot;default_padding&quot;}\">\n\t\t\t\t<div class=\"elementor-element elementor-element-f0f85c4 sdimg external_elementor-repeater-item-none_external elementor-repeater-item-none elementor-repeater-item-none_hover elementor-widget elementor-widget-image\" data-id=\"f0f85c4\" data-element_type=\"widget\" data-widget_type=\"image.default\">\n\t\t\t\t<div class=\"elementor-widget-container\">\n\t\t\t\t\t\t\t\t\t\t<figure class=\"wp-caption\">\n\t\t\t\t\t\t\t\t\t\t\t<a href=\"https:\/\/metalstek.com\/refractory-metals\/tantalum\/tantalum-metals-2\/\">\n\t\t\t\t\t\t\t<img loading=\"lazy\" decoding=\"async\" width=\"500\" height=\"500\" src=\"https:\/\/metalstek.com\/wp-content\/uploads\/2024\/01\/Titanium-Rod.webp\" class=\"attachment-full size-full wp-image-37553\" alt=\"titanium-rod\" srcset=\"https:\/\/metalstek.com\/wp-content\/uploads\/2024\/01\/Titanium-Rod.webp 500w, https:\/\/metalstek.com\/wp-content\/uploads\/2024\/01\/Titanium-Rod-300x300.webp 300w, https:\/\/metalstek.com\/wp-content\/uploads\/2024\/01\/Titanium-Rod-150x150.webp 150w, https:\/\/metalstek.com\/wp-content\/uploads\/2024\/01\/Titanium-Rod-100x100.webp 100w, https:\/\/metalstek.com\/wp-content\/uploads\/2024\/01\/Titanium-Rod-68x68.webp 68w, https:\/\/metalstek.com\/wp-content\/uploads\/2024\/01\/Titanium-Rod-64x64.webp 64w\" sizes=\"(max-width: 500px) 100vw, 500px\" \/>\t\t\t\t\t\t\t\t<\/a>\n\t\t\t\t\t\t\t\t\t\t\t<figcaption class=\"widget-image-caption wp-caption-text\">Varilla de titanio<\/figcaption>\n\t\t\t\t\t\t\t\t\t\t<\/figure>\n\t\t\t\t\t\t\t<\/div>\n\t\t\t\t<\/div>\n\t\t\t\t<\/div>\n\t\t\t\t\t<\/div>\n\t\t\t\t<\/div>\n\t\t<div class=\"elementor-element elementor-element-81d8143 elementor-repeater-item-none elementor-repeater-item-none_hover e-flex e-con-boxed elementor-repeater-item-default_padding elementor-invisible e-con e-child\" data-id=\"81d8143\" data-element_type=\"container\" data-settings=\"{&quot;animation&quot;:&quot;slideInDown&quot;,&quot;ang_container_spacing_size&quot;:&quot;default_padding&quot;}\">\n\t\t\t\t\t<div class=\"e-con-inner\">\n\t\t<div class=\"elementor-element elementor-element-168e42c e-con-full elementor-repeater-item-none elementor-repeater-item-none_hover sd e-flex elementor-repeater-item-default_padding e-con e-child\" data-id=\"168e42c\" data-element_type=\"container\" data-settings=\"{&quot;ang_container_spacing_size&quot;:&quot;default_padding&quot;}\">\n\t\t\t\t<div class=\"elementor-element elementor-element-84ad8a2 sdimg external_elementor-repeater-item-none_external elementor-repeater-item-none elementor-repeater-item-none_hover elementor-widget elementor-widget-image\" data-id=\"84ad8a2\" data-element_type=\"widget\" data-widget_type=\"image.default\">\n\t\t\t\t<div class=\"elementor-widget-container\">\n\t\t\t\t\t\t\t\t\t\t<figure class=\"wp-caption\">\n\t\t\t\t\t\t\t\t\t\t\t<a href=\"https:\/\/metalstek.com\/refractory-metals\/tantalum\/tantalum-powders-2\/\">\n\t\t\t\t\t\t\t<img loading=\"lazy\" decoding=\"async\" width=\"300\" height=\"300\" src=\"https:\/\/metalstek.com\/wp-content\/uploads\/2024\/01\/Rhenium-Rod-removebg-preview-e1713436893163.png\" class=\"attachment-full size-full wp-image-39557\" alt=\"rhenium-rod-removebg-preview\" srcset=\"https:\/\/metalstek.com\/wp-content\/uploads\/2024\/01\/Rhenium-Rod-removebg-preview-e1713436893163.png 300w, https:\/\/metalstek.com\/wp-content\/uploads\/2024\/01\/Rhenium-Rod-removebg-preview-e1713436893163-150x150.png 150w, https:\/\/metalstek.com\/wp-content\/uploads\/2024\/01\/Rhenium-Rod-removebg-preview-e1713436893163-100x100.png 100w, https:\/\/metalstek.com\/wp-content\/uploads\/2024\/01\/Rhenium-Rod-removebg-preview-e1713436893163-68x68.png 68w\" sizes=\"(max-width: 300px) 100vw, 300px\" \/>\t\t\t\t\t\t\t\t<\/a>\n\t\t\t\t\t\t\t\t\t\t\t<figcaption class=\"widget-image-caption wp-caption-text\">Varilla de renio<\/figcaption>\n\t\t\t\t\t\t\t\t\t\t<\/figure>\n\t\t\t\t\t\t\t<\/div>\n\t\t\t\t<\/div>\n\t\t\t\t<\/div>\n\t\t\t\t\t<\/div>\n\t\t\t\t<\/div>\n\t\t\t\t\t<\/div>\n\t\t\t\t<\/div>\n\t\t\t\t\t<\/div>\n\t\t\t\t<\/div>\n\t\t\t\t\t<\/div>\n\t\t\t\t<\/div>\n\t\t\t\t<\/div>\n\t\t","protected":false},"excerpt":{"rendered":"<p>Varilla Varilla de wolframio Varilla de molibdeno Varilla de t\u00e1ntalo Varilla de niobio Varilla de circonio Varilla de hafnio Varilla de vanadio Varilla de titanio Varilla de renio<\/p>\n","protected":false},"author":1,"featured_media":0,"parent":0,"menu_order":23,"comment_status":"closed","ping_status":"closed","template":"tpl-default-elementor.php","meta":{"_seopress_robots_primary_cat":"","_seopress_titles_title":"Diversos de Metal Barras Cilindros Barras Catagor\u00eda","_seopress_titles_desc":"Encuentre varillas met\u00e1licas de alta calidad para sus necesidades industriales en MetalsTek. Explore nuestras opciones de varillas met\u00e1licas duraderas y vers\u00e1tiles para diversas aplicaciones. ","_seopress_robots_index":"","_monsterinsights_skip_tracking":false,"_monsterinsights_sitenote_active":false,"_monsterinsights_sitenote_note":"","_monsterinsights_sitenote_category":0,"footnotes":""},"_links":{"self":[{"href":"https:\/\/metalstek.com\/es\/wp-json\/wp\/v2\/pages\/51594"}],"collection":[{"href":"https:\/\/metalstek.com\/es\/wp-json\/wp\/v2\/pages"}],"about":[{"href":"https:\/\/metalstek.com\/es\/wp-json\/wp\/v2\/types\/page"}],"author":[{"embeddable":true,"href":"https:\/\/metalstek.com\/es\/wp-json\/wp\/v2\/users\/1"}],"replies":[{"embeddable":true,"href":"https:\/\/metalstek.com\/es\/wp-json\/wp\/v2\/comments?post=51594"}],"version-history":[{"count":1,"href":"https:\/\/metalstek.com\/es\/wp-json\/wp\/v2\/pages\/51594\/revisions"}],"predecessor-version":[{"id":51598,"href":"https:\/\/metalstek.com\/es\/wp-json\/wp\/v2\/pages\/51594\/revisions\/51598"}],"wp:attachment":[{"href":"https:\/\/metalstek.com\/es\/wp-json\/wp\/v2\/media?parent=51594"}],"curies":[{"name":"wp","href":"https:\/\/api.w.org\/{rel}","templated":true}]}}