{"id":50470,"date":"2023-11-13T16:32:54","date_gmt":"2023-11-13T08:32:54","guid":{"rendered":"https:\/\/metalstek.com\/a-propos-de-nous\/"},"modified":"2025-05-06T15:07:49","modified_gmt":"2025-05-06T07:07:49","slug":"a-propos-de-nous","status":"publish","type":"page","link":"https:\/\/metalstek.com\/fr\/a-propos-de-nous\/","title":{"rendered":"\u00c0 propos de nous"},"content":{"rendered":"\t\t<div data-elementor-type=\"wp-page\" data-elementor-id=\"50470\" class=\"elementor elementor-50470 elementor-80\" data-elementor-post-type=\"page\">\n\t\t\t\t<div class=\"elementor-element elementor-element-eb0399d e-flex e-con-boxed elementor-repeater-item-default_padding elementor-repeater-item-none elementor-repeater-item-none_hover e-con e-parent\" data-id=\"eb0399d\" data-element_type=\"container\" data-settings=\"{&quot;ang_container_spacing_size&quot;:&quot;default_padding&quot;}\" data-core-v316-plus=\"true\">\n\t\t\t\t\t<div class=\"e-con-inner\">\n\t\t<div class=\"elementor-element elementor-element-180244d e-flex e-con-boxed elementor-repeater-item-default_padding elementor-repeater-item-none elementor-repeater-item-none_hover e-con e-child\" data-id=\"180244d\" data-element_type=\"container\" data-settings=\"{&quot;ang_container_spacing_size&quot;:&quot;default_padding&quot;}\">\n\t\t\t\t\t<div class=\"e-con-inner\">\n\t\t<div class=\"elementor-element elementor-element-80f2f7f e-con-full elementor-repeater-item-none elementor-repeater-item-none_hover e-flex elementor-repeater-item-default_padding e-con e-child\" data-id=\"80f2f7f\" data-element_type=\"container\" data-settings=\"{&quot;ang_container_spacing_size&quot;:&quot;default_padding&quot;}\">\n\t\t\t\t<div class=\"elementor-element elementor-element-e7fb45c elementor-repeater-item-none elementor-repeater-item-none_hover elementor-widget elementor-widget-heading\" data-id=\"e7fb45c\" data-element_type=\"widget\" data-widget_type=\"heading.default\">\n\t\t\t\t<div class=\"elementor-widget-container\">\n\t\t\t<style>\/*! elementor - v3.20.0 - 26-03-2024 *\/\n.elementor-heading-title{padding:0;margin:0;line-height:1}.elementor-widget-heading .elementor-heading-title[class*=elementor-size-]>a{color:inherit;font-size:inherit;line-height:inherit}.elementor-widget-heading .elementor-heading-title.elementor-size-small{font-size:15px}.elementor-widget-heading .elementor-heading-title.elementor-size-medium{font-size:19px}.elementor-widget-heading .elementor-heading-title.elementor-size-large{font-size:29px}.elementor-widget-heading .elementor-heading-title.elementor-size-xl{font-size:39px}.elementor-widget-heading .elementor-heading-title.elementor-size-xxl{font-size:59px}<\/style><h1 class=\"elementor-heading-title elementor-size-default\">\u00c0 propos de MetalsTek Engineering<\/h1>\t\t<\/div>\n\t\t\t\t<\/div>\n\t\t\t\t<\/div>\n\t\t\t\t\t<\/div>\n\t\t\t\t<\/div>\n\t\t\t\t\t<\/div>\n\t\t\t\t<\/div>\n\t\t<div class=\"elementor-element elementor-element-6ce2139 e-flex e-con-boxed elementor-repeater-item-default_padding elementor-repeater-item-none elementor-repeater-item-none_hover e-con e-parent\" data-id=\"6ce2139\" data-element_type=\"container\" data-settings=\"{&quot;ang_container_spacing_size&quot;:&quot;default_padding&quot;}\" data-core-v316-plus=\"true\">\n\t\t\t\t\t<div class=\"e-con-inner\">\n\t\t<div class=\"elementor-element elementor-element-d7236cf e-flex e-con-boxed elementor-repeater-item-default_padding elementor-repeater-item-none elementor-repeater-item-none_hover e-con e-child\" data-id=\"d7236cf\" data-element_type=\"container\" data-settings=\"{&quot;ang_container_spacing_size&quot;:&quot;default_padding&quot;}\">\n\t\t\t\t\t<div class=\"e-con-inner\">\n\t\t<div class=\"elementor-element elementor-element-a7b1a16 e-con-full elementor-repeater-item-none elementor-repeater-item-none_hover e-flex elementor-repeater-item-default_padding e-con e-child\" data-id=\"a7b1a16\" data-element_type=\"container\" data-settings=\"{&quot;ang_container_spacing_size&quot;:&quot;default_padding&quot;}\">\n\t\t\t\t<div class=\"elementor-element elementor-element-2322915 elementor-repeater-item-none elementor-repeater-item-none_hover elementor-widget elementor-widget-text-editor\" data-id=\"2322915\" data-element_type=\"widget\" data-widget_type=\"text-editor.default\">\n\t\t\t\t<div class=\"elementor-widget-container\">\n\t\t\t<style>\/*! elementor - v3.20.0 - 26-03-2024 *\/\n.elementor-widget-text-editor.elementor-drop-cap-view-stacked .elementor-drop-cap{background-color:#69727d;color:#fff}.elementor-widget-text-editor.elementor-drop-cap-view-framed .elementor-drop-cap{color:#69727d;border:3px solid;background-color:transparent}.elementor-widget-text-editor:not(.elementor-drop-cap-view-default) .elementor-drop-cap{margin-top:8px}.elementor-widget-text-editor:not(.elementor-drop-cap-view-default) .elementor-drop-cap-letter{width:1em;height:1em}.elementor-widget-text-editor .elementor-drop-cap{float:left;text-align:center;line-height:1;font-size:50px}.elementor-widget-text-editor .elementor-drop-cap-letter{display:inline-block}<\/style>\t\t\t\t<p>MetalsTek Engineering est une entreprise mondiale sp\u00e9cialis\u00e9e dans la recherche, le d\u00e9veloppement, la fabrication et la vente de mat\u00e9riaux avanc\u00e9s. Nous fournissons des mat\u00e9riaux r\u00e9fractaires de haute puret\u00e9 \u00e0 des institutions de recherche et des entreprises de haute technologie dans le monde entier. Nous avons une forte pr\u00e9sence sur le march\u00e9 des poudres, alliages, barres, creusets, bateaux, \u00e9lectrodes, plaques, tiges, feuilles, tubes, fils et cibles de pulv\u00e9risation cathodique. Depuis plus de dix ans, des clients du monde entier font confiance \u00e0 MetalsTek pour r\u00e9duire leurs co\u00fbts, am\u00e9liorer la qualit\u00e9 et raccourcir les d\u00e9lais, leur conf\u00e9rant ainsi un avantage concurrentiel.   <\/p><p>Gr\u00e2ce \u00e0 son engagement envers l\u2019ing\u00e9nierie de pr\u00e9cision et la qualit\u00e9 exceptionnelle, MetalsTek Engineering est \u00e0 la pointe de l\u2019industrie depuis plus de 10 ans, au service de secteurs vari\u00e9s exigeant des mat\u00e9riaux de haute performance aux propri\u00e9t\u00e9s sup\u00e9rieures.<\/p>\t\t\t\t\t\t<\/div>\n\t\t\t\t<\/div>\n\t\t\t\t<div class=\"elementor-element elementor-element-c937b2c elementor-repeater-item-none elementor-repeater-item-none_hover elementor-widget elementor-widget-heading\" data-id=\"c937b2c\" data-element_type=\"widget\" data-widget_type=\"heading.default\">\n\t\t\t\t<div class=\"elementor-widget-container\">\n\t\t\t<h3 class=\"elementor-heading-title elementor-size-default\">Expertise dans les m\u00e9taux r\u00e9fractaires<\/h3>\t\t<\/div>\n\t\t\t\t<\/div>\n\t\t\t\t<div class=\"elementor-element elementor-element-a67e4fc elementor-repeater-item-none elementor-repeater-item-none_hover elementor-widget elementor-widget-text-editor\" data-id=\"a67e4fc\" data-element_type=\"widget\" data-widget_type=\"text-editor.default\">\n\t\t\t\t<div class=\"elementor-widget-container\">\n\t\t\t\t\t\t\t<p>Notre entreprise excelle dans la fourniture de m\u00e9taux r\u00e9fractaires r\u00e9put\u00e9s pour leur exceptionnelle r\u00e9sistance \u00e0 la chaleur et leur durabilit\u00e9. Nous proposons une large gamme de mat\u00e9riaux haute performance, tels que le tungst\u00e8ne, le molybd\u00e8ne, le niobium, le tantale, le rh\u00e9nium, et d&#8217;autres encore, con\u00e7us pour r\u00e9sister \u00e0 des conditions extr\u00eames dans diverses applications industrielles. <\/p>\t\t\t\t\t\t<\/div>\n\t\t\t\t<\/div>\n\t\t\t\t<div class=\"elementor-element elementor-element-3be4c26 elementor-repeater-item-none elementor-repeater-item-none_hover elementor-widget elementor-widget-heading\" data-id=\"3be4c26\" data-element_type=\"widget\" data-widget_type=\"heading.default\">\n\t\t\t\t<div class=\"elementor-widget-container\">\n\t\t\t<h3 class=\"elementor-heading-title elementor-size-default\">M\u00e9taux rares et de base<\/h3>\t\t<\/div>\n\t\t\t\t<\/div>\n\t\t\t\t<div class=\"elementor-element elementor-element-dcbf558 elementor-repeater-item-none elementor-repeater-item-none_hover elementor-widget elementor-widget-text-editor\" data-id=\"dcbf558\" data-element_type=\"widget\" data-widget_type=\"text-editor.default\">\n\t\t\t\t<div class=\"elementor-widget-container\">\n\t\t\t\t\t\t\t<p>MetalsTek Engineering fournit un large \u00e9ventail de m\u00e9taux rares et de m\u00e9taux ordinaires, ainsi que des alliages m\u00e9ticuleusement \u00e9labor\u00e9s, r\u00e9pondant aux normes rigoureuses des industries exigeant des propri\u00e9t\u00e9s et des caract\u00e9ristiques sp\u00e9cifiques. Notre inventaire comprend une gamme vari\u00e9e de m\u00e9taux, garantissant une solution compl\u00e8te pour divers besoins industriels. <\/p>\t\t\t\t\t\t<\/div>\n\t\t\t\t<\/div>\n\t\t\t\t<div class=\"elementor-element elementor-element-21dae8a elementor-repeater-item-none elementor-repeater-item-none_hover elementor-widget elementor-widget-heading\" data-id=\"21dae8a\" data-element_type=\"widget\" data-widget_type=\"heading.default\">\n\t\t\t\t<div class=\"elementor-widget-container\">\n\t\t\t<h3 class=\"elementor-heading-title elementor-size-default\">Oxydes et mat\u00e9riaux de d\u00e9p\u00f4t<\/h3>\t\t<\/div>\n\t\t\t\t<\/div>\n\t\t\t\t<div class=\"elementor-element elementor-element-b95a883 elementor-repeater-item-none elementor-repeater-item-none_hover elementor-widget elementor-widget-text-editor\" data-id=\"b95a883\" data-element_type=\"widget\" data-widget_type=\"text-editor.default\">\n\t\t\t\t<div class=\"elementor-widget-container\">\n\t\t\t\t\t\t\t<p>En plus des m\u00e9taux et des alliages, notre entreprise propose des oxydes et des mat\u00e9riaux de d\u00e9p\u00f4t soigneusement con\u00e7us pour r\u00e9pondre aux exigences strictes des applications avanc\u00e9es. Ces mat\u00e9riaux respectent des normes \u00e9lev\u00e9es de puret\u00e9 et de performance, jouant un r\u00f4le essentiel dans les technologies de pointe et les processus innovants. <\/p>\t\t\t\t\t\t<\/div>\n\t\t\t\t<\/div>\n\t\t\t\t<div class=\"elementor-element elementor-element-ab6f57c elementor-repeater-item-none elementor-repeater-item-none_hover elementor-widget elementor-widget-heading\" data-id=\"ab6f57c\" data-element_type=\"widget\" data-widget_type=\"heading.default\">\n\t\t\t\t<div class=\"elementor-widget-container\">\n\t\t\t<h3 class=\"elementor-heading-title elementor-size-default\">Engagement envers l\u2019excellence<\/h3>\t\t<\/div>\n\t\t\t\t<\/div>\n\t\t\t\t<div class=\"elementor-element elementor-element-46f0e19 elementor-repeater-item-none elementor-repeater-item-none_hover elementor-widget elementor-widget-text-editor\" data-id=\"46f0e19\" data-element_type=\"widget\" data-widget_type=\"text-editor.default\">\n\t\t\t\t<div class=\"elementor-widget-container\">\n\t\t\t\t\t\t\t<p>Chez MetalsTek Engineering, notre engagement envers l\u2019excellence est ancr\u00e9 dans chaque aspect de nos op\u00e9rations. Nous accordons la priorit\u00e9 \u00e0 la fabrication de pr\u00e9cision, \u00e0 des contr\u00f4les qualit\u00e9 rigoureux et \u00e0 un service client in\u00e9gal\u00e9. Notre \u00e9quipe d\u2019experts s\u2019engage \u00e0 comprendre vos besoins uniques et \u00e0 fournir des solutions sur mesure qui d\u00e9passent vos attentes.  <\/p>\t\t\t\t\t\t<\/div>\n\t\t\t\t<\/div>\n\t\t\t\t<div class=\"elementor-element elementor-element-9e9452d elementor-repeater-item-none elementor-repeater-item-none_hover elementor-widget elementor-widget-heading\" data-id=\"9e9452d\" data-element_type=\"widget\" data-widget_type=\"heading.default\">\n\t\t\t\t<div class=\"elementor-widget-container\">\n\t\t\t<h3 class=\"elementor-heading-title elementor-size-default\">Applications industrielles<\/h3>\t\t<\/div>\n\t\t\t\t<\/div>\n\t\t\t\t<div class=\"elementor-element elementor-element-7b5e635 elementor-repeater-item-none elementor-repeater-item-none_hover elementor-widget elementor-widget-text-editor\" data-id=\"7b5e635\" data-element_type=\"widget\" data-widget_type=\"text-editor.default\">\n\t\t\t\t<div class=\"elementor-widget-container\">\n\t\t\t\t\t\t\t<p>Nos mat\u00e9riaux trouvent de nombreuses applications dans des secteurs vari\u00e9s tels que l\u2019a\u00e9ronautique, la d\u00e9fense, l\u2019\u00e9lectronique, l\u2019\u00e9nergie, la fabrication \u00e0 haute temp\u00e9rature et les technologies avanc\u00e9es. Nous sommes fiers de contribuer au succ\u00e8s et \u00e0 l\u2019innovation de nos clients en leur fournissant des mat\u00e9riaux qui r\u00e9pondent \u2014 voire d\u00e9passent \u2014 les normes de l\u2019industrie. <\/p>\n<p>MetalsTek Engineering est un partenaire de confiance, offrant des mat\u00e9riaux de haute qualit\u00e9, une expertise technique et un engagement \u00e0 l\u2019excellence dans tous les aspects de notre service. Que vous recherchiez des m\u00e9taux r\u00e9fractaires, des mat\u00e9riaux rares, des alliages haute performance ou des produits personnalis\u00e9s, nous sommes votre source fiable de solutions d\u2019ing\u00e9nierie de pr\u00e9cision pour faire avancer et r\u00e9ussir votre secteur. <\/p>\t\t\t\t\t\t<\/div>\n\t\t\t\t<\/div>\n\t\t\t\t<\/div>\n\t\t<div class=\"elementor-element elementor-element-e298742 e-con-full e-flex elementor-repeater-item-default_padding elementor-repeater-item-none elementor-repeater-item-none_hover e-con e-child\" data-id=\"e298742\" data-element_type=\"container\" data-settings=\"{&quot;ang_container_spacing_size&quot;:&quot;default_padding&quot;}\">\n\t\t\t\t<div class=\"elementor-element elementor-element-09eef5a elementor-repeater-item-none elementor-repeater-item-none_hover elementor-widget elementor-widget-html\" data-id=\"09eef5a\" data-element_type=\"widget\" data-widget_type=\"html.default\">\n\t\t\t\t<div class=\"elementor-widget-container\">\n\t\t\t<div class=\"father\">\r\n  <div class=\"img-container\">\r\n      <div class=\"box\">\r\n        <img decoding=\"async\" src=\"https:\/\/metalstek.com\/wp-content\/uploads\/2024\/05\/Our-Factory.jpeg\" alt=\"\">\r\n      <\/div>\r\n      <div class=\"box\">\r\n        <img decoding=\"async\" src=\"https:\/\/metalstek.com\/wp-content\/uploads\/2024\/05\/Our-Equipment-e1715395929323.jpeg\" alt=\"\">\r\n      <\/div>\r\n      <div class=\"box\">\r\n        <img decoding=\"async\" src=\"https:\/\/youtu.be\/5Qu-6WCZRVE\" alt=\"\">\r\n      <\/div>\r\n    <\/div>\r\n    \r\n<\/div>\r\n<script>\r\n           let imgContainer = document.querySelector(\".img-container\");\r\n \r\nsetInterval(() => {\r\n        let last = imgContainer.firstElementChild;\r\n        last.remove();\r\n        imgContainer.appendChild(last);\r\n      }, 2500);\r\n<\/script>\t\t<\/div>\n\t\t\t\t<\/div>\n\t\t\t\t<div class=\"elementor-element elementor-element-d5298f1 elementor-repeater-item-none elementor-repeater-item-none_hover elementor-widget elementor-widget-html\" data-id=\"d5298f1\" data-element_type=\"widget\" data-widget_type=\"html.default\">\n\t\t\t\t<div class=\"elementor-widget-container\">\n\t\t\t<div class=\"father\">\r\n  <div id=\"img1-container\">\r\n      <div class=\"box\">\r\n        <img decoding=\"async\" src=\"https:\/\/metalstek.com\/wp-content\/uploads\/2024\/11\/Boron-Pieces-MetalsTek2-jpg.webp\" alt=\"\">\r\n      <\/div>\r\n      <div class=\"box\">\r\n        <img decoding=\"async\" src=\"https:\/\/metalstek.com\/wp-content\/uploads\/2024\/11\/DSC_9094-scaled.webp\" alt=\"\">\r\n      <\/div>\r\n      <div class=\"box\">\r\n        <img decoding=\"async\" src=\"https:\/\/metalstek.com\/wp-content\/uploads\/2024\/11\/Aluminum-Pellets1-jpg.webp\" alt=\"\">\r\n      <\/div>\r\n      <div class=\"box\">\r\n        <img decoding=\"async\" src=\"http:\/\/metalstek.com\/wp-content\/uploads\/2023\/12\/Niobium-Rod2.jpg.webp\" alt=\"\">\r\n      <\/div>\r\n      <div class=\"box\">\r\n        <img decoding=\"async\" src=\"https:\/\/metalstek.com\/wp-content\/uploads\/2024\/11\/DSC_9125-jpg.webp\" alt=\"\">\r\n      <\/div>\r\n      <div class=\"box\">\r\n        <img decoding=\"async\" src=\"http:\/\/metalstek.com\/wp-content\/uploads\/2023\/12\/TZM-Alloy-Nozzle-Tips-for-Hot-Runner-Systems1.jpg.webp\" alt=\"\">\r\n      <\/div>\r\n    <\/div>\r\n    \r\n<\/div>\r\n<script>\r\n           let imgContainer1 = document.querySelector(\"#img1-container\");\r\n \r\nsetInterval(() => {\r\n        let last1 = imgContainer1.firstElementChild;\r\n        last1.remove();\r\n        imgContainer1.appendChild(last1);\r\n      }, 2500);\r\n<\/script>\t\t<\/div>\n\t\t\t\t<\/div>\n\t\t\t\t<div class=\"elementor-element elementor-element-7d42609 elementor-repeater-item-none elementor-repeater-item-none_hover elementor-widget elementor-widget-html\" data-id=\"7d42609\" data-element_type=\"widget\" data-widget_type=\"html.default\">\n\t\t\t\t<div class=\"elementor-widget-container\">\n\t\t\t<div class=\"father\">\r\n  <div id=\"img2-container\">\r\n      <div class=\"box\">\r\n        <img decoding=\"async\" src=\"https:\/\/metalstek.com\/wp-content\/uploads\/2024\/11\/Moly-Parts-for-Furnace-Use2-1-jpg.webp\" alt=\"\">\r\n      <\/div>\r\n      <div class=\"box\">\r\n        <img decoding=\"async\" src=\"https:\/\/metalstek.com\/wp-content\/uploads\/2024\/11\/Moly-Parts-for-Furnace-Use1-jpg.webp\" alt=\"\">\r\n      <\/div>\r\n      <div class=\"box\">\r\n        <img decoding=\"async\" src=\"https:\/\/metalstek.com\/wp-content\/uploads\/2024\/11\/Tungsten-Alloy-WNiFe-MetalsTek13-jpeg.webp\" alt=\"\">\r\n      <\/div>\r\n      <div class=\"box\">\r\n        <img decoding=\"async\" src=\"https:\/\/metalstek.com\/wp-content\/uploads\/2024\/11\/Tungsten-Alloy-WNiFe-MetalsTek20-jpeg.webp\" alt=\"\">\r\n      <\/div>\r\n      <div class=\"box\">\r\n        <img decoding=\"async\" src=\"https:\/\/metalstek.com\/wp-content\/uploads\/2024\/11\/Tungsten-Alloy-WNiFe-MetalsTek8-jpeg.webp\" alt=\"\">\r\n      <\/div>\r\n      <div class=\"box\">\r\n        <img decoding=\"async\" src=\"https:\/\/metalstek.com\/wp-content\/uploads\/2024\/11\/Tungsten-Alloy-WNiFe-MetalsTek7-jpg.webp\" alt=\"\">\r\n      <\/div>\r\n    <\/div>\r\n    \r\n<\/div>\r\n<script>\r\n           let imgContainer2 = document.querySelector(\"#img2-container\");\r\n \r\nsetInterval(() => {\r\n        let last = imgContainer2.firstElementChild;\r\n        last.remove();\r\n        imgContainer2.appendChild(last);\r\n      }, 2500);\r\n<\/script>\t\t<\/div>\n\t\t\t\t<\/div>\n\t\t\t\t<\/div>\n\t\t\t\t\t<\/div>\n\t\t\t\t<\/div>\n\t\t\t\t\t<\/div>\n\t\t\t\t<\/div>\n\t\t<div class=\"elementor-element elementor-element-074686b e-flex e-con-boxed elementor-repeater-item-default_padding elementor-repeater-item-none elementor-repeater-item-none_hover e-con e-parent\" data-id=\"074686b\" data-element_type=\"container\" data-settings=\"{&quot;ang_container_spacing_size&quot;:&quot;default_padding&quot;}\" data-core-v316-plus=\"true\">\n\t\t\t\t\t<div class=\"e-con-inner\">\n\t\t\t\t<div class=\"elementor-element elementor-element-f5f3e4b elementor-repeater-item-none elementor-repeater-item-none_hover elementor-widget elementor-widget-video\" data-id=\"f5f3e4b\" data-element_type=\"widget\" data-settings=\"{&quot;youtube_url&quot;:&quot;https:\\\/\\\/youtu.be\\\/WsEXGch0Zcw&quot;,&quot;video_type&quot;:&quot;youtube&quot;,&quot;controls&quot;:&quot;yes&quot;}\" data-widget_type=\"video.default\">\n\t\t\t\t<div class=\"elementor-widget-container\">\n\t\t\t<style>\/*! elementor - v3.20.0 - 26-03-2024 *\/\n.elementor-widget-video .elementor-widget-container{overflow:hidden;transform:translateZ(0)}.elementor-widget-video .elementor-wrapper{aspect-ratio:var(--video-aspect-ratio)}.elementor-widget-video .elementor-wrapper iframe,.elementor-widget-video .elementor-wrapper video{height:100%;width:100%;display:flex;border:none;background-color:#000}@supports not (aspect-ratio:1\/1){.elementor-widget-video .elementor-wrapper{position:relative;overflow:hidden;height:0;padding-bottom:calc(100% \/ var(--video-aspect-ratio))}.elementor-widget-video .elementor-wrapper iframe,.elementor-widget-video .elementor-wrapper video{position:absolute;top:0;right:0;bottom:0;left:0}}.elementor-widget-video .elementor-open-inline .elementor-custom-embed-image-overlay{position:absolute;top:0;right:0;bottom:0;left:0;background-size:cover;background-position:50%}.elementor-widget-video .elementor-custom-embed-image-overlay{cursor:pointer;text-align:center}.elementor-widget-video .elementor-custom-embed-image-overlay:hover .elementor-custom-embed-play i{opacity:1}.elementor-widget-video .elementor-custom-embed-image-overlay img{display:block;width:100%;aspect-ratio:var(--video-aspect-ratio);-o-object-fit:cover;object-fit:cover;-o-object-position:center center;object-position:center center}@supports not (aspect-ratio:1\/1){.elementor-widget-video .elementor-custom-embed-image-overlay{position:relative;overflow:hidden;height:0;padding-bottom:calc(100% \/ var(--video-aspect-ratio))}.elementor-widget-video .elementor-custom-embed-image-overlay img{position:absolute;top:0;right:0;bottom:0;left:0}}.elementor-widget-video .e-hosted-video .elementor-video{-o-object-fit:cover;object-fit:cover}.e-con-inner>.elementor-widget-video,.e-con>.elementor-widget-video{width:var(--container-widget-width);--flex-grow:var(--container-widget-flex-grow)}<\/style>\t\t<div class=\"elementor-wrapper elementor-open-inline\">\n\t\t\t<div class=\"elementor-video\"><\/div>\t\t<\/div>\n\t\t\t\t<\/div>\n\t\t\t\t<\/div>\n\t\t\t\t<div class=\"elementor-element elementor-element-9eae5ea elementor-repeater-item-none elementor-repeater-item-none_hover elementor-widget elementor-widget-text-editor\" data-id=\"9eae5ea\" data-element_type=\"widget\" data-widget_type=\"text-editor.default\">\n\t\t\t\t<div class=\"elementor-widget-container\">\n\t\t\t\t\t\t\t\t\t\t\t\t\t<\/div>\n\t\t\t\t<\/div>\n\t\t\t\t\t<\/div>\n\t\t\t\t<\/div>\n\t\t\t\t<\/div>\n\t\t","protected":false},"excerpt":{"rendered":"<p>\u00c0 propos de MetalsTek Engineering MetalsTek Engineering est une entreprise mondiale sp\u00e9cialis\u00e9e dans la recherche, le d\u00e9veloppement, la fabrication et la vente de mat\u00e9riaux avanc\u00e9s. Nous fournissons des mat\u00e9riaux r\u00e9fractaires de haute puret\u00e9 \u00e0 des institutions de recherche et des entreprises de haute technologie dans le monde entier. Nous avons une forte pr\u00e9sence sur le [&hellip;]<\/p>\n","protected":false},"author":1,"featured_media":0,"parent":0,"menu_order":33,"comment_status":"closed","ping_status":"closed","template":"tpl-default-elementor.php","meta":{"_seopress_robots_primary_cat":"","_seopress_titles_title":"MetalsTek est un fabricant et fournisseur de confiance \u00e0 l\u2019\u00e9chelle mondiale","_seopress_titles_desc":"MetalsTek Engineering est un fournisseur et fabricant mondial de m\u00e9taux, d\u2019alliages et de produits de d\u00e9p\u00f4t. Nous personnalisons nos produits selon vos besoins ! ","_seopress_robots_index":"","_monsterinsights_skip_tracking":false,"_monsterinsights_sitenote_active":false,"_monsterinsights_sitenote_note":"","_monsterinsights_sitenote_category":0,"footnotes":""},"_links":{"self":[{"href":"https:\/\/metalstek.com\/fr\/wp-json\/wp\/v2\/pages\/50470"}],"collection":[{"href":"https:\/\/metalstek.com\/fr\/wp-json\/wp\/v2\/pages"}],"about":[{"href":"https:\/\/metalstek.com\/fr\/wp-json\/wp\/v2\/types\/page"}],"author":[{"embeddable":true,"href":"https:\/\/metalstek.com\/fr\/wp-json\/wp\/v2\/users\/1"}],"replies":[{"embeddable":true,"href":"https:\/\/metalstek.com\/fr\/wp-json\/wp\/v2\/comments?post=50470"}],"version-history":[{"count":4,"href":"https:\/\/metalstek.com\/fr\/wp-json\/wp\/v2\/pages\/50470\/revisions"}],"predecessor-version":[{"id":54037,"href":"https:\/\/metalstek.com\/fr\/wp-json\/wp\/v2\/pages\/50470\/revisions\/54037"}],"wp:attachment":[{"href":"https:\/\/metalstek.com\/fr\/wp-json\/wp\/v2\/media?parent=50470"}],"curies":[{"name":"wp","href":"https:\/\/api.w.org\/{rel}","templated":true}]}}