{"id":51567,"date":"2024-01-31T16:19:47","date_gmt":"2024-01-31T08:19:47","guid":{"rendered":"https:\/\/metalstek.com\/tube\/"},"modified":"2025-05-06T14:43:29","modified_gmt":"2025-05-06T06:43:29","slug":"tube","status":"publish","type":"page","link":"https:\/\/metalstek.com\/fr\/tube\/","title":{"rendered":"Tube"},"content":{"rendered":"\t\t<div data-elementor-type=\"wp-page\" data-elementor-id=\"51567\" class=\"elementor elementor-51567 elementor-13082\" data-elementor-post-type=\"page\">\n\t\t\t\t<div class=\"elementor-element elementor-element-3960096 e-flex e-con-boxed elementor-repeater-item-default_padding elementor-repeater-item-none elementor-repeater-item-none_hover e-con e-parent\" data-id=\"3960096\" data-element_type=\"container\" data-settings=\"{&quot;ang_container_spacing_size&quot;:&quot;default_padding&quot;}\" data-core-v316-plus=\"true\">\n\t\t\t\t\t<div class=\"e-con-inner\">\n\t\t<div class=\"elementor-element elementor-element-2e07cfa e-flex e-con-boxed elementor-repeater-item-default_padding elementor-repeater-item-none elementor-repeater-item-none_hover e-con e-child\" data-id=\"2e07cfa\" data-element_type=\"container\" data-settings=\"{&quot;ang_container_spacing_size&quot;:&quot;default_padding&quot;}\">\n\t\t\t\t\t<div class=\"e-con-inner\">\n\t\t\t\t<div class=\"elementor-element elementor-element-db26b2b elementor-repeater-item-none elementor-repeater-item-none_hover elementor-widget elementor-widget-template\" data-id=\"db26b2b\" data-element_type=\"widget\" data-widget_type=\"template.default\">\n\t\t\t\t<div class=\"elementor-widget-container\">\n\t\t\t\t\t<div class=\"elementor-template\">\n\t\t\t\t\t<div data-elementor-type=\"container\" data-elementor-id=\"2018\" class=\"elementor elementor-2018\" data-elementor-post-type=\"elementor_library\">\n\t\t\t\t<div class=\"elementor-element elementor-element-566b6908 e-flex e-con-boxed elementor-repeater-item-default_padding elementor-repeater-item-none elementor-repeater-item-none_hover e-con e-parent\" data-id=\"566b6908\" data-element_type=\"container\" data-settings=\"{&quot;background_background&quot;:&quot;video&quot;,&quot;background_video_link&quot;:&quot;https:\\\/\\\/metalstek.com\\\/wp-content\\\/uploads\\\/2024\\\/10\\\/1\\u670810\\u65e5-2.mp4&quot;,&quot;ang_container_spacing_size&quot;:&quot;default_padding&quot;}\" data-core-v316-plus=\"true\">\n\t\t\t\t\t<div class=\"e-con-inner\">\n\t\t<div class=\"elementor-background-video-container elementor-hidden-phone\">\n\t\t\t\t\t\t\t<video class=\"elementor-background-video-hosted elementor-html5-video\" autoplay muted playsinline loop><\/video>\n\t\t\t\t\t<\/div><div class=\"elementor-element elementor-element-20228167 e-con-full e-flex elementor-repeater-item-default_padding elementor-repeater-item-none elementor-repeater-item-none_hover e-con e-child\" data-id=\"20228167\" data-element_type=\"container\" data-settings=\"{&quot;ang_container_spacing_size&quot;:&quot;default_padding&quot;}\">\n\t\t\t\t<div class=\"elementor-element elementor-element-5aad3bb8 elementor-repeater-item-none elementor-repeater-item-none_hover elementor-widget elementor-widget-heading\" data-id=\"5aad3bb8\" data-element_type=\"widget\" id=\"bannerTitle\" data-widget_type=\"heading.default\">\n\t\t\t\t<div class=\"elementor-widget-container\">\n\t\t\t<style>\/*! elementor - v3.20.0 - 26-03-2024 *\/\n.elementor-heading-title{padding:0;margin:0;line-height:1}.elementor-widget-heading .elementor-heading-title[class*=elementor-size-]>a{color:inherit;font-size:inherit;line-height:inherit}.elementor-widget-heading .elementor-heading-title.elementor-size-small{font-size:15px}.elementor-widget-heading .elementor-heading-title.elementor-size-medium{font-size:19px}.elementor-widget-heading .elementor-heading-title.elementor-size-large{font-size:29px}.elementor-widget-heading .elementor-heading-title.elementor-size-xl{font-size:39px}.elementor-widget-heading .elementor-heading-title.elementor-size-xxl{font-size:59px}<\/style><h1 class=\"elementor-heading-title elementor-size-default\">Tube<\/h1>\t\t<\/div>\n\t\t\t\t<\/div>\n\t\t\t\t<div class=\"elementor-element elementor-element-75fd0533 elementor-repeater-item-none elementor-repeater-item-none_hover elementor-widget elementor-widget-woocommerce-breadcrumb\" data-id=\"75fd0533\" data-element_type=\"widget\" data-widget_type=\"woocommerce-breadcrumb.default\">\n\t\t\t\t<div class=\"elementor-widget-container\">\n\t\t\t<link rel=\"stylesheet\" href=\"https:\/\/metalstek.com\/wp-content\/plugins\/elementor-pro\/assets\/css\/widget-woocommerce.min.css\"><nav class=\"woocommerce-breadcrumb\" aria-label=\"Breadcrumb\">Accueil<\/nav>\t\t<\/div>\n\t\t\t\t<\/div>\n\t\t\t\t<\/div>\n\t\t\t\t\t<\/div>\n\t\t\t\t<\/div>\n\t\t\t\t<\/div>\n\t\t\t\t<\/div>\n\t\t\t\t<\/div>\n\t\t\t\t<\/div>\n\t\t\t\t\t<\/div>\n\t\t\t\t<\/div>\n\t\t<div class=\"elementor-element elementor-element-4d74382 e-flex e-con-boxed elementor-repeater-item-default_padding elementor-repeater-item-none elementor-repeater-item-none_hover e-con e-child\" data-id=\"4d74382\" data-element_type=\"container\" data-settings=\"{&quot;ang_container_spacing_size&quot;:&quot;default_padding&quot;}\">\n\t\t\t\t\t<div class=\"e-con-inner\">\n\t\t<div class=\"elementor-element elementor-element-985e56a e-flex e-con-boxed elementor-repeater-item-default_padding elementor-repeater-item-none elementor-repeater-item-none_hover e-con e-child\" data-id=\"985e56a\" data-element_type=\"container\" data-settings=\"{&quot;ang_container_spacing_size&quot;:&quot;default_padding&quot;}\">\n\t\t\t\t\t<div class=\"e-con-inner\">\n\t\t\t\t<div class=\"elementor-element elementor-element-9e912c9 elementor-repeater-item-none elementor-repeater-item-none_hover elementor-widget elementor-widget-heading\" data-id=\"9e912c9\" data-element_type=\"widget\" data-widget_type=\"heading.default\">\n\t\t\t\t<div class=\"elementor-widget-container\">\n\t\t\t<h2 class=\"elementor-heading-title elementor-size-default\">Tube<\/h2>\t\t<\/div>\n\t\t\t\t<\/div>\n\t\t<div class=\"elementor-element elementor-element-e5da91c elementor-repeater-item-none elementor-repeater-item-none_hover e-flex e-con-boxed elementor-repeater-item-default_padding elementor-invisible e-con e-child\" data-id=\"e5da91c\" data-element_type=\"container\" data-settings=\"{&quot;animation&quot;:&quot;slideInDown&quot;,&quot;ang_container_spacing_size&quot;:&quot;default_padding&quot;}\">\n\t\t\t\t\t<div class=\"e-con-inner\">\n\t\t<div class=\"elementor-element elementor-element-b440e19 e-con-full elementor-repeater-item-none elementor-repeater-item-none_hover sd e-flex elementor-repeater-item-default_padding e-con e-child\" data-id=\"b440e19\" data-element_type=\"container\" data-settings=\"{&quot;ang_container_spacing_size&quot;:&quot;default_padding&quot;}\">\n\t\t\t\t<div class=\"elementor-element elementor-element-e416e36 sdimg external_elementor-repeater-item-none_external elementor-repeater-item-none elementor-repeater-item-none_hover elementor-widget elementor-widget-image\" data-id=\"e416e36\" data-element_type=\"widget\" data-widget_type=\"image.default\">\n\t\t\t\t<div class=\"elementor-widget-container\">\n\t\t\t<style>\/*! elementor - v3.20.0 - 26-03-2024 *\/\n.elementor-widget-image{text-align:center}.elementor-widget-image a{display:inline-block}.elementor-widget-image a img[src$=\".svg\"]{width:48px}.elementor-widget-image img{vertical-align:middle;display:inline-block}<\/style>\t\t\t\t\t\t\t<figure class=\"wp-caption\">\n\t\t\t\t\t\t\t\t\t\t\t<a href=\"https:\/\/metalstek.com\/refractory-metals\/tantalum\/tantalum-evaporation-materials\/\">\n\t\t\t\t\t\t\t<img fetchpriority=\"high\" decoding=\"async\" width=\"443\" height=\"321\" src=\"https:\/\/metalstek.com\/wp-content\/uploads\/2024\/02\/Tungsten_Tube-removebg-preview-e1706767294228.png\" class=\"attachment-full size-full wp-image-39859\" alt=\"tungsten_tube\" srcset=\"https:\/\/metalstek.com\/wp-content\/uploads\/2024\/02\/Tungsten_Tube-removebg-preview-e1706767294228.png 443w, https:\/\/metalstek.com\/wp-content\/uploads\/2024\/02\/Tungsten_Tube-removebg-preview-e1706767294228-300x217.png 300w, https:\/\/metalstek.com\/wp-content\/uploads\/2024\/02\/Tungsten_Tube-removebg-preview-e1706767294228-64x46.png 64w\" sizes=\"(max-width: 443px) 100vw, 443px\" \/>\t\t\t\t\t\t\t\t<\/a>\n\t\t\t\t\t\t\t\t\t\t\t<figcaption class=\"widget-image-caption wp-caption-text\">Tube en tungst\u00e8ne<\/figcaption>\n\t\t\t\t\t\t\t\t\t\t<\/figure>\n\t\t\t\t\t\t\t<\/div>\n\t\t\t\t<\/div>\n\t\t\t\t<\/div>\n\t\t<div class=\"elementor-element elementor-element-b6f515c e-con-full elementor-repeater-item-none elementor-repeater-item-none_hover sd e-flex elementor-repeater-item-default_padding e-con e-child\" data-id=\"b6f515c\" data-element_type=\"container\" data-settings=\"{&quot;ang_container_spacing_size&quot;:&quot;default_padding&quot;}\">\n\t\t\t\t<div class=\"elementor-element elementor-element-ce27c73 sdimg external_elementor-repeater-item-none_external elementor-repeater-item-none elementor-repeater-item-none_hover elementor-widget elementor-widget-image\" data-id=\"ce27c73\" data-element_type=\"widget\" data-widget_type=\"image.default\">\n\t\t\t\t<div class=\"elementor-widget-container\">\n\t\t\t\t\t\t\t\t\t\t<figure class=\"wp-caption\">\n\t\t\t\t\t\t\t\t\t\t\t<a href=\"https:\/\/metalstek.com\/refractory-metals\/tantalum\/tantalum-sputtering-targets\/\">\n\t\t\t\t\t\t\t<img decoding=\"async\" width=\"220\" height=\"187\" src=\"https:\/\/metalstek.com\/wp-content\/uploads\/2024\/02\/99-95-Metal-Alloy-1kg-Molybdenum-Tube-Price-Per-Kg-removebg-preview-e1706767410534.png\" class=\"attachment-full size-full wp-image-39863\" alt=\"99-95-metal-alloy-1kg-molybdenum-tube-price-per-kg-removebg-preview\" srcset=\"https:\/\/metalstek.com\/wp-content\/uploads\/2024\/02\/99-95-Metal-Alloy-1kg-Molybdenum-Tube-Price-Per-Kg-removebg-preview-e1706767410534.png 220w, https:\/\/metalstek.com\/wp-content\/uploads\/2024\/02\/99-95-Metal-Alloy-1kg-Molybdenum-Tube-Price-Per-Kg-removebg-preview-e1706767410534-64x54.png 64w\" sizes=\"(max-width: 220px) 100vw, 220px\" \/>\t\t\t\t\t\t\t\t<\/a>\n\t\t\t\t\t\t\t\t\t\t\t<figcaption class=\"widget-image-caption wp-caption-text\">Tube en molybd\u00e8ne<\/figcaption>\n\t\t\t\t\t\t\t\t\t\t<\/figure>\n\t\t\t\t\t\t\t<\/div>\n\t\t\t\t<\/div>\n\t\t\t\t<\/div>\n\t\t<div class=\"elementor-element elementor-element-6ea15a2 e-con-full elementor-repeater-item-none elementor-repeater-item-none_hover sd e-flex elementor-repeater-item-default_padding e-con e-child\" data-id=\"6ea15a2\" data-element_type=\"container\" data-settings=\"{&quot;ang_container_spacing_size&quot;:&quot;default_padding&quot;}\">\n\t\t\t\t<div class=\"elementor-element elementor-element-3004592 sdimg external_elementor-repeater-item-none_external elementor-repeater-item-none elementor-repeater-item-none_hover elementor-widget elementor-widget-image\" data-id=\"3004592\" data-element_type=\"widget\" data-widget_type=\"image.default\">\n\t\t\t\t<div class=\"elementor-widget-container\">\n\t\t\t\t\t\t\t\t\t\t<figure class=\"wp-caption\">\n\t\t\t\t\t\t\t\t\t\t\t<a href=\"https:\/\/metalstek.com\/refractory-metals\/tantalum\/tantalum-wire\/\">\n\t\t\t\t\t\t\t<img decoding=\"async\" width=\"549\" height=\"454\" src=\"https:\/\/metalstek.com\/wp-content\/uploads\/2024\/02\/Tantalum_Tungsten_Tube_-removebg-preview.png\" class=\"attachment-full size-full wp-image-39867\" alt=\"tantalum_tungsten_tube_-removebg-preview\" srcset=\"https:\/\/metalstek.com\/wp-content\/uploads\/2024\/02\/Tantalum_Tungsten_Tube_-removebg-preview.png 549w, https:\/\/metalstek.com\/wp-content\/uploads\/2024\/02\/Tantalum_Tungsten_Tube_-removebg-preview-300x248.png 300w, https:\/\/metalstek.com\/wp-content\/uploads\/2024\/02\/Tantalum_Tungsten_Tube_-removebg-preview-64x53.png 64w\" sizes=\"(max-width: 549px) 100vw, 549px\" \/>\t\t\t\t\t\t\t\t<\/a>\n\t\t\t\t\t\t\t\t\t\t\t<figcaption class=\"widget-image-caption wp-caption-text\">Tube en tantale<\/figcaption>\n\t\t\t\t\t\t\t\t\t\t<\/figure>\n\t\t\t\t\t\t\t<\/div>\n\t\t\t\t<\/div>\n\t\t\t\t<\/div>\n\t\t<div class=\"elementor-element elementor-element-fc99934 e-con-full elementor-repeater-item-none elementor-repeater-item-none_hover sd e-flex elementor-repeater-item-default_padding e-con e-child\" data-id=\"fc99934\" data-element_type=\"container\" data-settings=\"{&quot;ang_container_spacing_size&quot;:&quot;default_padding&quot;}\">\n\t\t\t\t<div class=\"elementor-element elementor-element-decf702 sdimg external_elementor-repeater-item-none_external elementor-repeater-item-none elementor-repeater-item-none_hover elementor-widget elementor-widget-image\" data-id=\"decf702\" data-element_type=\"widget\" data-widget_type=\"image.default\">\n\t\t\t\t<div class=\"elementor-widget-container\">\n\t\t\t\t\t\t\t\t\t\t<figure class=\"wp-caption\">\n\t\t\t\t\t\t\t\t\t\t\t<a href=\"https:\/\/metalstek.com\/refractory-metals\/tantalum\/tantalum-rod\/\">\n\t\t\t\t\t\t\t<img loading=\"lazy\" decoding=\"async\" width=\"178\" height=\"83\" src=\"https:\/\/metalstek.com\/wp-content\/uploads\/2024\/02\/Niobium_Tube-removebg-preview-e1706767556824.png\" class=\"attachment-full size-full wp-image-39871\" alt=\"niobium_tube-removebg-preview\" srcset=\"https:\/\/metalstek.com\/wp-content\/uploads\/2024\/02\/Niobium_Tube-removebg-preview-e1706767556824.png 178w, https:\/\/metalstek.com\/wp-content\/uploads\/2024\/02\/Niobium_Tube-removebg-preview-e1706767556824-64x30.png 64w\" sizes=\"(max-width: 178px) 100vw, 178px\" \/>\t\t\t\t\t\t\t\t<\/a>\n\t\t\t\t\t\t\t\t\t\t\t<figcaption class=\"widget-image-caption wp-caption-text\">Tube en Niobium<\/figcaption>\n\t\t\t\t\t\t\t\t\t\t<\/figure>\n\t\t\t\t\t\t\t<\/div>\n\t\t\t\t<\/div>\n\t\t\t\t<\/div>\n\t\t\t\t\t<\/div>\n\t\t\t\t<\/div>\n\t\t<div class=\"elementor-element elementor-element-0f41e05 elementor-repeater-item-none elementor-repeater-item-none_hover e-flex e-con-boxed elementor-repeater-item-default_padding elementor-invisible e-con e-child\" data-id=\"0f41e05\" data-element_type=\"container\" data-settings=\"{&quot;animation&quot;:&quot;slideInDown&quot;,&quot;ang_container_spacing_size&quot;:&quot;default_padding&quot;}\">\n\t\t\t\t\t<div class=\"e-con-inner\">\n\t\t<div class=\"elementor-element elementor-element-c6c0242 e-con-full elementor-repeater-item-none elementor-repeater-item-none_hover sd e-flex elementor-repeater-item-default_padding e-con e-child\" data-id=\"c6c0242\" data-element_type=\"container\" data-settings=\"{&quot;ang_container_spacing_size&quot;:&quot;default_padding&quot;}\">\n\t\t\t\t<div class=\"elementor-element elementor-element-2aba4bc sdimg external_elementor-repeater-item-none_external elementor-repeater-item-none elementor-repeater-item-none_hover elementor-widget elementor-widget-image\" data-id=\"2aba4bc\" data-element_type=\"widget\" data-widget_type=\"image.default\">\n\t\t\t\t<div class=\"elementor-widget-container\">\n\t\t\t\t\t\t\t\t\t\t<figure class=\"wp-caption\">\n\t\t\t\t\t\t\t\t\t\t\t<a href=\"https:\/\/metalstek.com\/refractory-metals\/zirconium\/zirconium-sheet-foil-2\/\">\n\t\t\t\t\t\t\t<img loading=\"lazy\" decoding=\"async\" width=\"561\" height=\"444\" src=\"https:\/\/metalstek.com\/wp-content\/uploads\/2024\/02\/Zirconium_Tube-removebg-preview.png\" class=\"attachment-full size-full wp-image-39875\" alt=\"zirconium_tube-removebg-preview\" srcset=\"https:\/\/metalstek.com\/wp-content\/uploads\/2024\/02\/Zirconium_Tube-removebg-preview.png 561w, https:\/\/metalstek.com\/wp-content\/uploads\/2024\/02\/Zirconium_Tube-removebg-preview-300x237.png 300w, https:\/\/metalstek.com\/wp-content\/uploads\/2024\/02\/Zirconium_Tube-removebg-preview-64x51.png 64w\" sizes=\"(max-width: 561px) 100vw, 561px\" \/>\t\t\t\t\t\t\t\t<\/a>\n\t\t\t\t\t\t\t\t\t\t\t<figcaption class=\"widget-image-caption wp-caption-text\">Tube en zirconium<\/figcaption>\n\t\t\t\t\t\t\t\t\t\t<\/figure>\n\t\t\t\t\t\t\t<\/div>\n\t\t\t\t<\/div>\n\t\t\t\t<\/div>\n\t\t<div class=\"elementor-element elementor-element-bd3410a e-con-full elementor-repeater-item-none elementor-repeater-item-none_hover sd e-flex elementor-repeater-item-default_padding e-con e-child\" data-id=\"bd3410a\" data-element_type=\"container\" data-settings=\"{&quot;ang_container_spacing_size&quot;:&quot;default_padding&quot;}\">\n\t\t\t\t<div class=\"elementor-element elementor-element-5118538 sdimg external_elementor-repeater-item-none_external elementor-repeater-item-none elementor-repeater-item-none_hover elementor-widget elementor-widget-image\" data-id=\"5118538\" data-element_type=\"widget\" data-widget_type=\"image.default\">\n\t\t\t\t<div class=\"elementor-widget-container\">\n\t\t\t\t\t\t\t\t\t\t<figure class=\"wp-caption\">\n\t\t\t\t\t\t\t\t\t\t\t<a href=\"https:\/\/metalstek.com\/refractory-metals\/tantalum\/tantalum-plate-bar\/\">\n\t\t\t\t\t\t\t<img loading=\"lazy\" decoding=\"async\" width=\"225\" height=\"225\" src=\"https:\/\/metalstek.com\/wp-content\/uploads\/2024\/02\/Hafnium-Tube.jpg\" class=\"attachment-full size-full wp-image-39879\" alt=\"hafnium-tube\" srcset=\"https:\/\/metalstek.com\/wp-content\/uploads\/2024\/02\/Hafnium-Tube.jpg 225w, https:\/\/metalstek.com\/wp-content\/uploads\/2024\/02\/Hafnium-Tube-150x150.jpg 150w, https:\/\/metalstek.com\/wp-content\/uploads\/2024\/02\/Hafnium-Tube-100x100.jpg 100w, https:\/\/metalstek.com\/wp-content\/uploads\/2024\/02\/Hafnium-Tube-68x68.jpg 68w, https:\/\/metalstek.com\/wp-content\/uploads\/2024\/02\/Hafnium-Tube-64x64.jpg 64w\" sizes=\"(max-width: 225px) 100vw, 225px\" \/>\t\t\t\t\t\t\t\t<\/a>\n\t\t\t\t\t\t\t\t\t\t\t<figcaption class=\"widget-image-caption wp-caption-text\">Tube en hafnium<\/figcaption>\n\t\t\t\t\t\t\t\t\t\t<\/figure>\n\t\t\t\t\t\t\t<\/div>\n\t\t\t\t<\/div>\n\t\t\t\t<\/div>\n\t\t<div class=\"elementor-element elementor-element-a3bc305 e-con-full elementor-repeater-item-none elementor-repeater-item-none_hover sd e-flex elementor-repeater-item-default_padding e-con e-child\" data-id=\"a3bc305\" data-element_type=\"container\" data-settings=\"{&quot;ang_container_spacing_size&quot;:&quot;default_padding&quot;}\">\n\t\t\t\t<div class=\"elementor-element elementor-element-08b6ab3 sdimg external_elementor-repeater-item-none_external elementor-repeater-item-none elementor-repeater-item-none_hover elementor-widget elementor-widget-image\" data-id=\"08b6ab3\" data-element_type=\"widget\" data-widget_type=\"image.default\">\n\t\t\t\t<div class=\"elementor-widget-container\">\n\t\t\t\t\t\t\t\t\t\t<figure class=\"wp-caption\">\n\t\t\t\t\t\t\t\t\t\t\t<a href=\"https:\/\/metalstek.com\/refractory-metals\/tantalum\/tantalum-tube-2\/\">\n\t\t\t\t\t\t\t<img loading=\"lazy\" decoding=\"async\" width=\"225\" height=\"225\" src=\"https:\/\/metalstek.com\/wp-content\/uploads\/2024\/02\/Vanadium-Tube.jpg\" class=\"attachment-full size-full wp-image-39883\" alt=\"vanadium-tube\" srcset=\"https:\/\/metalstek.com\/wp-content\/uploads\/2024\/02\/Vanadium-Tube.jpg 225w, https:\/\/metalstek.com\/wp-content\/uploads\/2024\/02\/Vanadium-Tube-150x150.jpg 150w, https:\/\/metalstek.com\/wp-content\/uploads\/2024\/02\/Vanadium-Tube-100x100.jpg 100w, https:\/\/metalstek.com\/wp-content\/uploads\/2024\/02\/Vanadium-Tube-68x68.jpg 68w, https:\/\/metalstek.com\/wp-content\/uploads\/2024\/02\/Vanadium-Tube-64x64.jpg 64w\" sizes=\"(max-width: 225px) 100vw, 225px\" \/>\t\t\t\t\t\t\t\t<\/a>\n\t\t\t\t\t\t\t\t\t\t\t<figcaption class=\"widget-image-caption wp-caption-text\">Tube en vanadium<\/figcaption>\n\t\t\t\t\t\t\t\t\t\t<\/figure>\n\t\t\t\t\t\t\t<\/div>\n\t\t\t\t<\/div>\n\t\t\t\t<\/div>\n\t\t<div class=\"elementor-element elementor-element-392e872 e-con-full elementor-repeater-item-none elementor-repeater-item-none_hover sd e-flex elementor-repeater-item-default_padding e-con e-child\" data-id=\"392e872\" data-element_type=\"container\" data-settings=\"{&quot;ang_container_spacing_size&quot;:&quot;default_padding&quot;}\">\n\t\t\t\t<div class=\"elementor-element elementor-element-9127cf4 sdimg external_elementor-repeater-item-none_external elementor-repeater-item-none elementor-repeater-item-none_hover elementor-widget elementor-widget-image\" data-id=\"9127cf4\" data-element_type=\"widget\" data-widget_type=\"image.default\">\n\t\t\t\t<div class=\"elementor-widget-container\">\n\t\t\t\t\t\t\t\t\t\t<figure class=\"wp-caption\">\n\t\t\t\t\t\t\t\t\t\t\t<a href=\"https:\/\/metalstek.com\/refractory-metals\/tantalum\/tantalum-metals-2\/\">\n\t\t\t\t\t\t\t<img loading=\"lazy\" decoding=\"async\" width=\"280\" height=\"180\" src=\"https:\/\/metalstek.com\/wp-content\/uploads\/2024\/02\/Titanium-Tube.jpg\" class=\"attachment-full size-full wp-image-39887\" alt=\"titanium-tube\" srcset=\"https:\/\/metalstek.com\/wp-content\/uploads\/2024\/02\/Titanium-Tube.jpg 280w, https:\/\/metalstek.com\/wp-content\/uploads\/2024\/02\/Titanium-Tube-64x41.jpg 64w\" sizes=\"(max-width: 280px) 100vw, 280px\" \/>\t\t\t\t\t\t\t\t<\/a>\n\t\t\t\t\t\t\t\t\t\t\t<figcaption class=\"widget-image-caption wp-caption-text\">Tube en titane<\/figcaption>\n\t\t\t\t\t\t\t\t\t\t<\/figure>\n\t\t\t\t\t\t\t<\/div>\n\t\t\t\t<\/div>\n\t\t\t\t<\/div>\n\t\t\t\t\t<\/div>\n\t\t\t\t<\/div>\n\t\t<div class=\"elementor-element elementor-element-e8dec68 elementor-repeater-item-none elementor-repeater-item-none_hover e-flex e-con-boxed elementor-repeater-item-default_padding elementor-invisible e-con e-child\" data-id=\"e8dec68\" data-element_type=\"container\" data-settings=\"{&quot;animation&quot;:&quot;slideInDown&quot;,&quot;ang_container_spacing_size&quot;:&quot;default_padding&quot;}\">\n\t\t\t\t\t<div class=\"e-con-inner\">\n\t\t<div class=\"elementor-element elementor-element-f29e4d1 e-con-full elementor-repeater-item-none elementor-repeater-item-none_hover sd e-flex elementor-repeater-item-default_padding e-con e-child\" data-id=\"f29e4d1\" data-element_type=\"container\" data-settings=\"{&quot;ang_container_spacing_size&quot;:&quot;default_padding&quot;}\">\n\t\t\t\t<div class=\"elementor-element elementor-element-942a8f1 sdimg external_elementor-repeater-item-none_external elementor-repeater-item-none elementor-repeater-item-none_hover elementor-widget elementor-widget-image\" data-id=\"942a8f1\" data-element_type=\"widget\" data-widget_type=\"image.default\">\n\t\t\t\t<div class=\"elementor-widget-container\">\n\t\t\t\t\t\t\t\t\t\t<figure class=\"wp-caption\">\n\t\t\t\t\t\t\t\t\t\t\t<a href=\"https:\/\/metalstek.com\/refractory-metals\/tantalum\/tantalum-powders-2\/\">\n\t\t\t\t\t\t\t<img loading=\"lazy\" decoding=\"async\" width=\"443\" height=\"315\" src=\"https:\/\/metalstek.com\/wp-content\/uploads\/2024\/02\/Rhenium-Tube-e1706767926741.jpg\" class=\"attachment-full size-full wp-image-39891\" alt=\"rhenium-tube\" srcset=\"https:\/\/metalstek.com\/wp-content\/uploads\/2024\/02\/Rhenium-Tube-e1706767926741.jpg 443w, https:\/\/metalstek.com\/wp-content\/uploads\/2024\/02\/Rhenium-Tube-e1706767926741-300x213.jpg 300w, https:\/\/metalstek.com\/wp-content\/uploads\/2024\/02\/Rhenium-Tube-e1706767926741-64x46.jpg 64w\" sizes=\"(max-width: 443px) 100vw, 443px\" \/>\t\t\t\t\t\t\t\t<\/a>\n\t\t\t\t\t\t\t\t\t\t\t<figcaption class=\"widget-image-caption wp-caption-text\">Tube en rh\u00e9nium<\/figcaption>\n\t\t\t\t\t\t\t\t\t\t<\/figure>\n\t\t\t\t\t\t\t<\/div>\n\t\t\t\t<\/div>\n\t\t\t\t<\/div>\n\t\t\t\t\t<\/div>\n\t\t\t\t<\/div>\n\t\t\t\t\t<\/div>\n\t\t\t\t<\/div>\n\t\t\t\t\t<\/div>\n\t\t\t\t<\/div>\n\t\t\t\t\t<\/div>\n\t\t\t\t<\/div>\n\t\t\t\t<\/div>\n\t\t","protected":false},"excerpt":{"rendered":"<p>Tube Tube en tungst\u00e8ne Tube en molybd\u00e8ne Tube en tantale Tube en Niobium Tube en zirconium Tube en hafnium Tube en vanadium Tube en titane Tube en rh\u00e9nium<\/p>\n","protected":false},"author":1,"featured_media":0,"parent":0,"menu_order":24,"comment_status":"closed","ping_status":"closed","template":"tpl-default-elementor.php","meta":{"_seopress_robots_primary_cat":"","_seopress_titles_title":"Tubes en m\u00e9tal r\u00e9fractaire Tubes en vente","_seopress_titles_desc":"","_seopress_robots_index":"","_monsterinsights_skip_tracking":false,"_monsterinsights_sitenote_active":false,"_monsterinsights_sitenote_note":"","_monsterinsights_sitenote_category":0,"footnotes":""},"_links":{"self":[{"href":"https:\/\/metalstek.com\/fr\/wp-json\/wp\/v2\/pages\/51567"}],"collection":[{"href":"https:\/\/metalstek.com\/fr\/wp-json\/wp\/v2\/pages"}],"about":[{"href":"https:\/\/metalstek.com\/fr\/wp-json\/wp\/v2\/types\/page"}],"author":[{"embeddable":true,"href":"https:\/\/metalstek.com\/fr\/wp-json\/wp\/v2\/users\/1"}],"replies":[{"embeddable":true,"href":"https:\/\/metalstek.com\/fr\/wp-json\/wp\/v2\/comments?post=51567"}],"version-history":[{"count":2,"href":"https:\/\/metalstek.com\/fr\/wp-json\/wp\/v2\/pages\/51567\/revisions"}],"predecessor-version":[{"id":51571,"href":"https:\/\/metalstek.com\/fr\/wp-json\/wp\/v2\/pages\/51567\/revisions\/51571"}],"wp:attachment":[{"href":"https:\/\/metalstek.com\/fr\/wp-json\/wp\/v2\/media?parent=51567"}],"curies":[{"name":"wp","href":"https:\/\/api.w.org\/{rel}","templated":true}]}}