{"id":53114,"date":"2024-02-01T16:39:22","date_gmt":"2024-02-01T08:39:22","guid":{"rendered":"https:\/\/metalstek.com\/assiette\/"},"modified":"2025-05-06T14:53:31","modified_gmt":"2025-05-06T06:53:31","slug":"assiette","status":"publish","type":"page","link":"https:\/\/metalstek.com\/fr\/assiette\/","title":{"rendered":"Assiette"},"content":{"rendered":"\t\t<div data-elementor-type=\"wp-page\" data-elementor-id=\"53114\" class=\"elementor elementor-53114 elementor-13253\" data-elementor-post-type=\"page\">\n\t\t\t\t<div class=\"elementor-element elementor-element-e90061c e-flex e-con-boxed elementor-repeater-item-default_padding elementor-repeater-item-none elementor-repeater-item-none_hover e-con e-parent\" data-id=\"e90061c\" data-element_type=\"container\" data-settings=\"{&quot;ang_container_spacing_size&quot;:&quot;default_padding&quot;}\" data-core-v316-plus=\"true\">\n\t\t\t\t\t<div class=\"e-con-inner\">\n\t\t<div class=\"elementor-element elementor-element-98b36a9 e-flex e-con-boxed elementor-repeater-item-default_padding elementor-repeater-item-none elementor-repeater-item-none_hover e-con e-child\" data-id=\"98b36a9\" data-element_type=\"container\" data-settings=\"{&quot;ang_container_spacing_size&quot;:&quot;default_padding&quot;}\">\n\t\t\t\t\t<div class=\"e-con-inner\">\n\t\t\t\t<div class=\"elementor-element elementor-element-a9d2174 elementor-repeater-item-none elementor-repeater-item-none_hover elementor-widget elementor-widget-template\" data-id=\"a9d2174\" data-element_type=\"widget\" data-widget_type=\"template.default\">\n\t\t\t\t<div class=\"elementor-widget-container\">\n\t\t\t\t\t<div class=\"elementor-template\">\n\t\t\t\t\t<div data-elementor-type=\"container\" data-elementor-id=\"2018\" class=\"elementor elementor-2018\" data-elementor-post-type=\"elementor_library\">\n\t\t\t\t<div class=\"elementor-element elementor-element-566b6908 e-flex e-con-boxed elementor-repeater-item-default_padding elementor-repeater-item-none elementor-repeater-item-none_hover e-con e-parent\" data-id=\"566b6908\" data-element_type=\"container\" data-settings=\"{&quot;background_background&quot;:&quot;video&quot;,&quot;background_video_link&quot;:&quot;https:\\\/\\\/metalstek.com\\\/wp-content\\\/uploads\\\/2024\\\/10\\\/1\\u670810\\u65e5-2.mp4&quot;,&quot;ang_container_spacing_size&quot;:&quot;default_padding&quot;}\" data-core-v316-plus=\"true\">\n\t\t\t\t\t<div class=\"e-con-inner\">\n\t\t<div class=\"elementor-background-video-container elementor-hidden-phone\">\n\t\t\t\t\t\t\t<video class=\"elementor-background-video-hosted elementor-html5-video\" autoplay muted playsinline loop><\/video>\n\t\t\t\t\t<\/div><div class=\"elementor-element elementor-element-20228167 e-con-full e-flex elementor-repeater-item-default_padding elementor-repeater-item-none elementor-repeater-item-none_hover e-con e-child\" data-id=\"20228167\" data-element_type=\"container\" data-settings=\"{&quot;ang_container_spacing_size&quot;:&quot;default_padding&quot;}\">\n\t\t\t\t<div class=\"elementor-element elementor-element-5aad3bb8 elementor-repeater-item-none elementor-repeater-item-none_hover elementor-widget elementor-widget-heading\" data-id=\"5aad3bb8\" data-element_type=\"widget\" id=\"bannerTitle\" data-widget_type=\"heading.default\">\n\t\t\t\t<div class=\"elementor-widget-container\">\n\t\t\t<style>\/*! elementor - v3.20.0 - 26-03-2024 *\/\n.elementor-heading-title{padding:0;margin:0;line-height:1}.elementor-widget-heading .elementor-heading-title[class*=elementor-size-]>a{color:inherit;font-size:inherit;line-height:inherit}.elementor-widget-heading .elementor-heading-title.elementor-size-small{font-size:15px}.elementor-widget-heading .elementor-heading-title.elementor-size-medium{font-size:19px}.elementor-widget-heading .elementor-heading-title.elementor-size-large{font-size:29px}.elementor-widget-heading .elementor-heading-title.elementor-size-xl{font-size:39px}.elementor-widget-heading .elementor-heading-title.elementor-size-xxl{font-size:59px}<\/style><h1 class=\"elementor-heading-title elementor-size-default\">Assiette<\/h1>\t\t<\/div>\n\t\t\t\t<\/div>\n\t\t\t\t<div class=\"elementor-element elementor-element-75fd0533 elementor-repeater-item-none elementor-repeater-item-none_hover elementor-widget elementor-widget-woocommerce-breadcrumb\" data-id=\"75fd0533\" data-element_type=\"widget\" data-widget_type=\"woocommerce-breadcrumb.default\">\n\t\t\t\t<div class=\"elementor-widget-container\">\n\t\t\t<link rel=\"stylesheet\" href=\"https:\/\/metalstek.com\/wp-content\/plugins\/elementor-pro\/assets\/css\/widget-woocommerce.min.css\"><nav class=\"woocommerce-breadcrumb\" aria-label=\"Breadcrumb\">Accueil<\/nav>\t\t<\/div>\n\t\t\t\t<\/div>\n\t\t\t\t<\/div>\n\t\t\t\t\t<\/div>\n\t\t\t\t<\/div>\n\t\t\t\t<\/div>\n\t\t\t\t<\/div>\n\t\t\t\t<\/div>\n\t\t\t\t<\/div>\n\t\t\t\t\t<\/div>\n\t\t\t\t<\/div>\n\t\t<div class=\"elementor-element elementor-element-25e1f49 e-flex e-con-boxed elementor-repeater-item-default_padding elementor-repeater-item-none elementor-repeater-item-none_hover e-con e-child\" data-id=\"25e1f49\" data-element_type=\"container\" data-settings=\"{&quot;ang_container_spacing_size&quot;:&quot;default_padding&quot;}\">\n\t\t\t\t\t<div class=\"e-con-inner\">\n\t\t<div class=\"elementor-element elementor-element-76b3912 e-flex e-con-boxed elementor-repeater-item-default_padding elementor-repeater-item-none elementor-repeater-item-none_hover e-con e-child\" data-id=\"76b3912\" data-element_type=\"container\" data-settings=\"{&quot;ang_container_spacing_size&quot;:&quot;default_padding&quot;}\">\n\t\t\t\t\t<div class=\"e-con-inner\">\n\t\t\t\t<div class=\"elementor-element elementor-element-28de7cf elementor-repeater-item-none elementor-repeater-item-none_hover elementor-widget elementor-widget-heading\" data-id=\"28de7cf\" data-element_type=\"widget\" data-widget_type=\"heading.default\">\n\t\t\t\t<div class=\"elementor-widget-container\">\n\t\t\t<h2 class=\"elementor-heading-title elementor-size-default\">Assiette<\/h2>\t\t<\/div>\n\t\t\t\t<\/div>\n\t\t<div class=\"elementor-element elementor-element-66883e7 elementor-repeater-item-none elementor-repeater-item-none_hover e-flex e-con-boxed elementor-repeater-item-default_padding elementor-invisible e-con e-child\" data-id=\"66883e7\" data-element_type=\"container\" data-settings=\"{&quot;animation&quot;:&quot;slideInDown&quot;,&quot;ang_container_spacing_size&quot;:&quot;default_padding&quot;}\">\n\t\t\t\t\t<div class=\"e-con-inner\">\n\t\t<div class=\"elementor-element elementor-element-c95f430 e-con-full elementor-repeater-item-none elementor-repeater-item-none_hover sd e-flex elementor-repeater-item-default_padding e-con e-child\" data-id=\"c95f430\" data-element_type=\"container\" data-settings=\"{&quot;ang_container_spacing_size&quot;:&quot;default_padding&quot;}\">\n\t\t\t\t<div class=\"elementor-element elementor-element-1e80f16 sdimg external_elementor-repeater-item-none_external elementor-repeater-item-none elementor-repeater-item-none_hover elementor-widget elementor-widget-image\" data-id=\"1e80f16\" data-element_type=\"widget\" data-widget_type=\"image.default\">\n\t\t\t\t<div class=\"elementor-widget-container\">\n\t\t\t<style>\/*! elementor - v3.20.0 - 26-03-2024 *\/\n.elementor-widget-image{text-align:center}.elementor-widget-image a{display:inline-block}.elementor-widget-image a img[src$=\".svg\"]{width:48px}.elementor-widget-image img{vertical-align:middle;display:inline-block}<\/style>\t\t\t\t\t\t\t<figure class=\"wp-caption\">\n\t\t\t\t\t\t\t\t\t\t\t<a href=\"https:\/\/metalstek.com\/refractory-metals\/tantalum\/tantalum-evaporation-materials\/\">\n\t\t\t\t\t\t\t<img fetchpriority=\"high\" decoding=\"async\" width=\"1449\" height=\"1289\" src=\"https:\/\/metalstek.com\/wp-content\/uploads\/2024\/01\/Tungsten-Heavy-Alloy-Sheet-Plate-e1729063958488.jpg\" class=\"attachment-full size-full wp-image-39007\" alt=\"tungsten-heavy-alloy-sheet-plate\" srcset=\"https:\/\/metalstek.com\/wp-content\/uploads\/2024\/01\/Tungsten-Heavy-Alloy-Sheet-Plate-e1729063958488.jpg 1449w, https:\/\/metalstek.com\/wp-content\/uploads\/2024\/01\/Tungsten-Heavy-Alloy-Sheet-Plate-e1729063958488-300x267.webp 300w, https:\/\/metalstek.com\/wp-content\/uploads\/2024\/01\/Tungsten-Heavy-Alloy-Sheet-Plate-e1729063958488-1024x911.webp 1024w, https:\/\/metalstek.com\/wp-content\/uploads\/2024\/01\/Tungsten-Heavy-Alloy-Sheet-Plate-e1729063958488-768x683.webp 768w, https:\/\/metalstek.com\/wp-content\/uploads\/2024\/01\/Tungsten-Heavy-Alloy-Sheet-Plate-e1729063958488-70x62.webp 70w, https:\/\/metalstek.com\/wp-content\/uploads\/2024\/01\/Tungsten-Heavy-Alloy-Sheet-Plate-e1729063958488-1320x1174.webp 1320w, https:\/\/metalstek.com\/wp-content\/uploads\/2024\/01\/Tungsten-Heavy-Alloy-Sheet-Plate-e1729063958488-600x534.webp 600w\" sizes=\"(max-width: 1449px) 100vw, 1449px\" \/>\t\t\t\t\t\t\t\t<\/a>\n\t\t\t\t\t\t\t\t\t\t\t<figcaption class=\"widget-image-caption wp-caption-text\">Plaque de tungst\u00e8ne<\/figcaption>\n\t\t\t\t\t\t\t\t\t\t<\/figure>\n\t\t\t\t\t\t\t<\/div>\n\t\t\t\t<\/div>\n\t\t\t\t<\/div>\n\t\t<div class=\"elementor-element elementor-element-22dfdbe e-con-full elementor-repeater-item-none elementor-repeater-item-none_hover sd e-flex elementor-repeater-item-default_padding e-con e-child\" data-id=\"22dfdbe\" data-element_type=\"container\" data-settings=\"{&quot;ang_container_spacing_size&quot;:&quot;default_padding&quot;}\">\n\t\t\t\t<div class=\"elementor-element elementor-element-f05ebd9 sdimg external_elementor-repeater-item-none_external elementor-repeater-item-none elementor-repeater-item-none_hover elementor-widget elementor-widget-image\" data-id=\"f05ebd9\" data-element_type=\"widget\" data-widget_type=\"image.default\">\n\t\t\t\t<div class=\"elementor-widget-container\">\n\t\t\t\t\t\t\t\t\t\t<figure class=\"wp-caption\">\n\t\t\t\t\t\t\t\t\t\t\t<a href=\"https:\/\/metalstek.com\/refractory-metals\/tantalum\/tantalum-sputtering-targets\/\">\n\t\t\t\t\t\t\t<img decoding=\"async\" width=\"800\" height=\"800\" src=\"https:\/\/metalstek.com\/wp-content\/uploads\/2024\/01\/Molybdenum-Lanthanum-Alloy-Sheet-Plate.webp\" class=\"attachment-full size-full wp-image-38639\" alt=\"molybdenum-lanthanum-alloy-sheet-plate\" srcset=\"https:\/\/metalstek.com\/wp-content\/uploads\/2024\/01\/Molybdenum-Lanthanum-Alloy-Sheet-Plate.webp 800w, https:\/\/metalstek.com\/wp-content\/uploads\/2024\/01\/Molybdenum-Lanthanum-Alloy-Sheet-Plate-300x300.webp 300w, https:\/\/metalstek.com\/wp-content\/uploads\/2024\/01\/Molybdenum-Lanthanum-Alloy-Sheet-Plate-150x150.webp 150w, https:\/\/metalstek.com\/wp-content\/uploads\/2024\/01\/Molybdenum-Lanthanum-Alloy-Sheet-Plate-768x768.webp 768w, https:\/\/metalstek.com\/wp-content\/uploads\/2024\/01\/Molybdenum-Lanthanum-Alloy-Sheet-Plate-100x100.webp 100w, https:\/\/metalstek.com\/wp-content\/uploads\/2024\/01\/Molybdenum-Lanthanum-Alloy-Sheet-Plate-68x68.webp 68w, https:\/\/metalstek.com\/wp-content\/uploads\/2024\/01\/Molybdenum-Lanthanum-Alloy-Sheet-Plate-600x600.webp 600w, https:\/\/metalstek.com\/wp-content\/uploads\/2024\/01\/Molybdenum-Lanthanum-Alloy-Sheet-Plate-64x64.webp 64w\" sizes=\"(max-width: 800px) 100vw, 800px\" \/>\t\t\t\t\t\t\t\t<\/a>\n\t\t\t\t\t\t\t\t\t\t\t<figcaption class=\"widget-image-caption wp-caption-text\">Plaque de molybd\u00e8ne<\/figcaption>\n\t\t\t\t\t\t\t\t\t\t<\/figure>\n\t\t\t\t\t\t\t<\/div>\n\t\t\t\t<\/div>\n\t\t\t\t<\/div>\n\t\t<div class=\"elementor-element elementor-element-f297504 e-con-full elementor-repeater-item-none elementor-repeater-item-none_hover sd e-flex elementor-repeater-item-default_padding e-con e-child\" data-id=\"f297504\" data-element_type=\"container\" data-settings=\"{&quot;ang_container_spacing_size&quot;:&quot;default_padding&quot;}\">\n\t\t\t\t<div class=\"elementor-element elementor-element-75ed70e sdimg external_elementor-repeater-item-none_external elementor-repeater-item-none elementor-repeater-item-none_hover elementor-widget elementor-widget-image\" data-id=\"75ed70e\" data-element_type=\"widget\" data-widget_type=\"image.default\">\n\t\t\t\t<div class=\"elementor-widget-container\">\n\t\t\t\t\t\t\t\t\t\t<figure class=\"wp-caption\">\n\t\t\t\t\t\t\t\t\t\t\t<a href=\"https:\/\/metalstek.com\/refractory-metals\/tantalum\/tantalum-wire\/\">\n\t\t\t\t\t\t\t<img decoding=\"async\" width=\"500\" height=\"500\" src=\"https:\/\/metalstek.com\/wp-content\/uploads\/2023\/12\/tantalum-plates-500x500-1.webp\" class=\"attachment-full size-full wp-image-37259\" alt=\"tantalum-plates-500x500\" srcset=\"https:\/\/metalstek.com\/wp-content\/uploads\/2023\/12\/tantalum-plates-500x500-1.webp 500w, https:\/\/metalstek.com\/wp-content\/uploads\/2023\/12\/tantalum-plates-500x500-1-300x300.webp 300w, https:\/\/metalstek.com\/wp-content\/uploads\/2023\/12\/tantalum-plates-500x500-1-150x150.webp 150w, https:\/\/metalstek.com\/wp-content\/uploads\/2023\/12\/tantalum-plates-500x500-1-100x100.webp 100w, https:\/\/metalstek.com\/wp-content\/uploads\/2023\/12\/tantalum-plates-500x500-1-68x68.webp 68w, https:\/\/metalstek.com\/wp-content\/uploads\/2023\/12\/tantalum-plates-500x500-1-64x64.webp 64w\" sizes=\"(max-width: 500px) 100vw, 500px\" \/>\t\t\t\t\t\t\t\t<\/a>\n\t\t\t\t\t\t\t\t\t\t\t<figcaption class=\"widget-image-caption wp-caption-text\">Plaque de tantale<\/figcaption>\n\t\t\t\t\t\t\t\t\t\t<\/figure>\n\t\t\t\t\t\t\t<\/div>\n\t\t\t\t<\/div>\n\t\t\t\t<\/div>\n\t\t<div class=\"elementor-element elementor-element-5b278db e-con-full elementor-repeater-item-none elementor-repeater-item-none_hover sd e-flex elementor-repeater-item-default_padding e-con e-child\" data-id=\"5b278db\" data-element_type=\"container\" data-settings=\"{&quot;ang_container_spacing_size&quot;:&quot;default_padding&quot;}\">\n\t\t\t\t<div class=\"elementor-element elementor-element-2274201 sdimg external_elementor-repeater-item-none_external elementor-repeater-item-none elementor-repeater-item-none_hover elementor-widget elementor-widget-image\" data-id=\"2274201\" data-element_type=\"widget\" data-widget_type=\"image.default\">\n\t\t\t\t<div class=\"elementor-widget-container\">\n\t\t\t\t\t\t\t\t\t\t<figure class=\"wp-caption\">\n\t\t\t\t\t\t\t\t\t\t\t<a href=\"https:\/\/metalstek.com\/refractory-metals\/tantalum\/tantalum-rod\/\">\n\t\t\t\t\t\t\t<img loading=\"lazy\" decoding=\"async\" width=\"612\" height=\"408\" src=\"https:\/\/metalstek.com\/wp-content\/uploads\/2024\/02\/Niobium__Nb__Plate_Bar-removebg-preview.png\" class=\"attachment-full size-full wp-image-40167\" alt=\"niobium__nb__plate_bar-removebg-preview\" srcset=\"https:\/\/metalstek.com\/wp-content\/uploads\/2024\/02\/Niobium__Nb__Plate_Bar-removebg-preview.png 612w, https:\/\/metalstek.com\/wp-content\/uploads\/2024\/02\/Niobium__Nb__Plate_Bar-removebg-preview-300x200.png 300w, https:\/\/metalstek.com\/wp-content\/uploads\/2024\/02\/Niobium__Nb__Plate_Bar-removebg-preview-600x400.png 600w, https:\/\/metalstek.com\/wp-content\/uploads\/2024\/02\/Niobium__Nb__Plate_Bar-removebg-preview-64x43.png 64w\" sizes=\"(max-width: 612px) 100vw, 612px\" \/>\t\t\t\t\t\t\t\t<\/a>\n\t\t\t\t\t\t\t\t\t\t\t<figcaption class=\"widget-image-caption wp-caption-text\">Plaque de Niobium<\/figcaption>\n\t\t\t\t\t\t\t\t\t\t<\/figure>\n\t\t\t\t\t\t\t<\/div>\n\t\t\t\t<\/div>\n\t\t\t\t<\/div>\n\t\t\t\t\t<\/div>\n\t\t\t\t<\/div>\n\t\t<div class=\"elementor-element elementor-element-afa631a elementor-repeater-item-none elementor-repeater-item-none_hover e-flex e-con-boxed elementor-repeater-item-default_padding elementor-invisible e-con e-child\" data-id=\"afa631a\" data-element_type=\"container\" data-settings=\"{&quot;animation&quot;:&quot;slideInDown&quot;,&quot;ang_container_spacing_size&quot;:&quot;default_padding&quot;}\">\n\t\t\t\t\t<div class=\"e-con-inner\">\n\t\t<div class=\"elementor-element elementor-element-ae1f664 e-con-full elementor-repeater-item-none elementor-repeater-item-none_hover sd e-flex elementor-repeater-item-default_padding e-con e-child\" data-id=\"ae1f664\" data-element_type=\"container\" data-settings=\"{&quot;ang_container_spacing_size&quot;:&quot;default_padding&quot;}\">\n\t\t\t\t<div class=\"elementor-element elementor-element-8e9bed1 sdimg external_elementor-repeater-item-none_external elementor-repeater-item-none elementor-repeater-item-none_hover elementor-widget elementor-widget-image\" data-id=\"8e9bed1\" data-element_type=\"widget\" data-widget_type=\"image.default\">\n\t\t\t\t<div class=\"elementor-widget-container\">\n\t\t\t\t\t\t\t\t\t\t<figure class=\"wp-caption\">\n\t\t\t\t\t\t\t\t\t\t\t<a href=\"https:\/\/metalstek.com\/refractory-metals\/zirconium\/zirconium-sheet-foil-2\/\">\n\t\t\t\t\t\t\t<img loading=\"lazy\" decoding=\"async\" width=\"452\" height=\"400\" src=\"https:\/\/metalstek.com\/wp-content\/uploads\/2024\/01\/zirconium-plate-bar-removebg-preview.png\" class=\"attachment-full size-full wp-image-39495\" alt=\"zirconium-plate-bar-removebg-preview\" srcset=\"https:\/\/metalstek.com\/wp-content\/uploads\/2024\/01\/zirconium-plate-bar-removebg-preview.png 452w, https:\/\/metalstek.com\/wp-content\/uploads\/2024\/01\/zirconium-plate-bar-removebg-preview-300x265.png 300w, https:\/\/metalstek.com\/wp-content\/uploads\/2024\/01\/zirconium-plate-bar-removebg-preview-370x326.png 370w, https:\/\/metalstek.com\/wp-content\/uploads\/2024\/01\/zirconium-plate-bar-removebg-preview-70x62.png 70w, https:\/\/metalstek.com\/wp-content\/uploads\/2024\/01\/zirconium-plate-bar-removebg-preview-64x57.png 64w\" sizes=\"(max-width: 452px) 100vw, 452px\" \/>\t\t\t\t\t\t\t\t<\/a>\n\t\t\t\t\t\t\t\t\t\t\t<figcaption class=\"widget-image-caption wp-caption-text\">Plaque de zirconium<\/figcaption>\n\t\t\t\t\t\t\t\t\t\t<\/figure>\n\t\t\t\t\t\t\t<\/div>\n\t\t\t\t<\/div>\n\t\t\t\t<\/div>\n\t\t<div class=\"elementor-element elementor-element-f29fa3a e-con-full elementor-repeater-item-none elementor-repeater-item-none_hover sd e-flex elementor-repeater-item-default_padding e-con e-child\" data-id=\"f29fa3a\" data-element_type=\"container\" data-settings=\"{&quot;ang_container_spacing_size&quot;:&quot;default_padding&quot;}\">\n\t\t\t\t<div class=\"elementor-element elementor-element-d629a75 sdimg external_elementor-repeater-item-none_external elementor-repeater-item-none elementor-repeater-item-none_hover elementor-widget elementor-widget-image\" data-id=\"d629a75\" data-element_type=\"widget\" data-widget_type=\"image.default\">\n\t\t\t\t<div class=\"elementor-widget-container\">\n\t\t\t\t\t\t\t\t\t\t<figure class=\"wp-caption\">\n\t\t\t\t\t\t\t\t\t\t\t<a href=\"https:\/\/metalstek.com\/refractory-metals\/tantalum\/tantalum-plate-bar\/\">\n\t\t\t\t\t\t\t<img loading=\"lazy\" decoding=\"async\" width=\"489\" height=\"391\" src=\"https:\/\/metalstek.com\/wp-content\/uploads\/2024\/01\/Hafnium_Plate-removebg-preview.png\" class=\"attachment-full size-full wp-image-38991\" alt=\"hafnium_plate-removebg-preview\" srcset=\"https:\/\/metalstek.com\/wp-content\/uploads\/2024\/01\/Hafnium_Plate-removebg-preview.png 489w, https:\/\/metalstek.com\/wp-content\/uploads\/2024\/01\/Hafnium_Plate-removebg-preview-300x240.png 300w, https:\/\/metalstek.com\/wp-content\/uploads\/2024\/01\/Hafnium_Plate-removebg-preview-64x51.png 64w\" sizes=\"(max-width: 489px) 100vw, 489px\" \/>\t\t\t\t\t\t\t\t<\/a>\n\t\t\t\t\t\t\t\t\t\t\t<figcaption class=\"widget-image-caption wp-caption-text\">Plaque d'hafnium<\/figcaption>\n\t\t\t\t\t\t\t\t\t\t<\/figure>\n\t\t\t\t\t\t\t<\/div>\n\t\t\t\t<\/div>\n\t\t\t\t<\/div>\n\t\t<div class=\"elementor-element elementor-element-65406a8 e-con-full elementor-repeater-item-none elementor-repeater-item-none_hover sd e-flex elementor-repeater-item-default_padding e-con e-child\" data-id=\"65406a8\" data-element_type=\"container\" data-settings=\"{&quot;ang_container_spacing_size&quot;:&quot;default_padding&quot;}\">\n\t\t\t\t<div class=\"elementor-element elementor-element-85346c6 sdimg external_elementor-repeater-item-none_external elementor-repeater-item-none elementor-repeater-item-none_hover elementor-widget elementor-widget-image\" data-id=\"85346c6\" data-element_type=\"widget\" data-widget_type=\"image.default\">\n\t\t\t\t<div class=\"elementor-widget-container\">\n\t\t\t\t\t\t\t\t\t\t<figure class=\"wp-caption\">\n\t\t\t\t\t\t\t\t\t\t\t<a href=\"https:\/\/metalstek.com\/refractory-metals\/tantalum\/tantalum-tube-2\/\">\n\t\t\t\t\t\t\t<img loading=\"lazy\" decoding=\"async\" width=\"640\" height=\"640\" src=\"https:\/\/metalstek.com\/wp-content\/uploads\/2024\/02\/Vanadium-Plate.webp\" class=\"attachment-full size-full wp-image-40903\" alt=\"vanadium-plate\" srcset=\"https:\/\/metalstek.com\/wp-content\/uploads\/2024\/02\/Vanadium-Plate.webp 640w, https:\/\/metalstek.com\/wp-content\/uploads\/2024\/02\/Vanadium-Plate-300x300.webp 300w, https:\/\/metalstek.com\/wp-content\/uploads\/2024\/02\/Vanadium-Plate-150x150.webp 150w, https:\/\/metalstek.com\/wp-content\/uploads\/2024\/02\/Vanadium-Plate-100x100.webp 100w, https:\/\/metalstek.com\/wp-content\/uploads\/2024\/02\/Vanadium-Plate-68x68.webp 68w, https:\/\/metalstek.com\/wp-content\/uploads\/2024\/02\/Vanadium-Plate-600x600.webp 600w, https:\/\/metalstek.com\/wp-content\/uploads\/2024\/02\/Vanadium-Plate-64x64.webp 64w\" sizes=\"(max-width: 640px) 100vw, 640px\" \/>\t\t\t\t\t\t\t\t<\/a>\n\t\t\t\t\t\t\t\t\t\t\t<figcaption class=\"widget-image-caption wp-caption-text\">Plaque de vanadium<\/figcaption>\n\t\t\t\t\t\t\t\t\t\t<\/figure>\n\t\t\t\t\t\t\t<\/div>\n\t\t\t\t<\/div>\n\t\t\t\t<\/div>\n\t\t<div class=\"elementor-element elementor-element-dd49027 e-con-full elementor-repeater-item-none elementor-repeater-item-none_hover sd e-flex elementor-repeater-item-default_padding e-con e-child\" data-id=\"dd49027\" data-element_type=\"container\" data-settings=\"{&quot;ang_container_spacing_size&quot;:&quot;default_padding&quot;}\">\n\t\t\t\t<div class=\"elementor-element elementor-element-da6fa90 sdimg external_elementor-repeater-item-none_external elementor-repeater-item-none elementor-repeater-item-none_hover elementor-widget elementor-widget-image\" data-id=\"da6fa90\" data-element_type=\"widget\" data-widget_type=\"image.default\">\n\t\t\t\t<div class=\"elementor-widget-container\">\n\t\t\t\t\t\t\t\t\t\t<figure class=\"wp-caption\">\n\t\t\t\t\t\t\t\t\t\t\t<a href=\"https:\/\/metalstek.com\/refractory-metals\/tantalum\/tantalum-metals-2\/\">\n\t\t\t\t\t\t\t<img loading=\"lazy\" decoding=\"async\" width=\"800\" height=\"800\" src=\"https:\/\/metalstek.com\/wp-content\/uploads\/2024\/02\/Titanium-Plate-Bar.webp\" class=\"attachment-full size-full wp-image-40819\" alt=\"titanium-plate-bar\" srcset=\"https:\/\/metalstek.com\/wp-content\/uploads\/2024\/02\/Titanium-Plate-Bar.webp 800w, https:\/\/metalstek.com\/wp-content\/uploads\/2024\/02\/Titanium-Plate-Bar-300x300.webp 300w, https:\/\/metalstek.com\/wp-content\/uploads\/2024\/02\/Titanium-Plate-Bar-150x150.webp 150w, https:\/\/metalstek.com\/wp-content\/uploads\/2024\/02\/Titanium-Plate-Bar-768x768.webp 768w, https:\/\/metalstek.com\/wp-content\/uploads\/2024\/02\/Titanium-Plate-Bar-100x100.webp 100w, https:\/\/metalstek.com\/wp-content\/uploads\/2024\/02\/Titanium-Plate-Bar-68x68.webp 68w, https:\/\/metalstek.com\/wp-content\/uploads\/2024\/02\/Titanium-Plate-Bar-600x600.webp 600w, https:\/\/metalstek.com\/wp-content\/uploads\/2024\/02\/Titanium-Plate-Bar-64x64.webp 64w\" sizes=\"(max-width: 800px) 100vw, 800px\" \/>\t\t\t\t\t\t\t\t<\/a>\n\t\t\t\t\t\t\t\t\t\t\t<figcaption class=\"widget-image-caption wp-caption-text\">Plaque de titane<\/figcaption>\n\t\t\t\t\t\t\t\t\t\t<\/figure>\n\t\t\t\t\t\t\t<\/div>\n\t\t\t\t<\/div>\n\t\t\t\t<\/div>\n\t\t\t\t\t<\/div>\n\t\t\t\t<\/div>\n\t\t<div class=\"elementor-element elementor-element-421db48 elementor-repeater-item-none elementor-repeater-item-none_hover e-flex e-con-boxed elementor-repeater-item-default_padding elementor-invisible e-con e-child\" data-id=\"421db48\" data-element_type=\"container\" data-settings=\"{&quot;animation&quot;:&quot;slideInDown&quot;,&quot;ang_container_spacing_size&quot;:&quot;default_padding&quot;}\">\n\t\t\t\t\t<div class=\"e-con-inner\">\n\t\t<div class=\"elementor-element elementor-element-59d9b98 e-con-full elementor-repeater-item-none elementor-repeater-item-none_hover sd e-flex elementor-repeater-item-default_padding e-con e-child\" data-id=\"59d9b98\" data-element_type=\"container\" data-settings=\"{&quot;ang_container_spacing_size&quot;:&quot;default_padding&quot;}\">\n\t\t\t\t<div class=\"elementor-element elementor-element-6d033ce sdimg external_elementor-repeater-item-none_external elementor-repeater-item-none elementor-repeater-item-none_hover elementor-widget elementor-widget-image\" data-id=\"6d033ce\" data-element_type=\"widget\" data-widget_type=\"image.default\">\n\t\t\t\t<div class=\"elementor-widget-container\">\n\t\t\t\t\t\t\t\t\t\t<figure class=\"wp-caption\">\n\t\t\t\t\t\t\t\t\t\t\t<a href=\"https:\/\/metalstek.com\/refractory-metals\/tantalum\/tantalum-powders-2\/\">\n\t\t\t\t\t\t\t<img loading=\"lazy\" decoding=\"async\" width=\"240\" height=\"210\" src=\"https:\/\/metalstek.com\/wp-content\/uploads\/2024\/01\/Rhenium-Plate-Bar.jpg\" class=\"attachment-full size-full wp-image-37591\" alt=\"rhenium-plate-bar\" srcset=\"https:\/\/metalstek.com\/wp-content\/uploads\/2024\/01\/Rhenium-Plate-Bar.jpg 240w, https:\/\/metalstek.com\/wp-content\/uploads\/2024\/01\/Rhenium-Plate-Bar-70x62.jpg 70w, https:\/\/metalstek.com\/wp-content\/uploads\/2024\/01\/Rhenium-Plate-Bar-64x56.jpg 64w\" sizes=\"(max-width: 240px) 100vw, 240px\" \/>\t\t\t\t\t\t\t\t<\/a>\n\t\t\t\t\t\t\t\t\t\t\t<figcaption class=\"widget-image-caption wp-caption-text\">Plaque de rh\u00e9nium<\/figcaption>\n\t\t\t\t\t\t\t\t\t\t<\/figure>\n\t\t\t\t\t\t\t<\/div>\n\t\t\t\t<\/div>\n\t\t\t\t<\/div>\n\t\t\t\t\t<\/div>\n\t\t\t\t<\/div>\n\t\t\t\t\t<\/div>\n\t\t\t\t<\/div>\n\t\t\t\t\t<\/div>\n\t\t\t\t<\/div>\n\t\t\t\t\t<\/div>\n\t\t\t\t<\/div>\n\t\t\t\t<\/div>\n\t\t","protected":false},"excerpt":{"rendered":"<p>Assiette Plaque de tungst\u00e8ne Plaque de molybd\u00e8ne Plaque de tantale Plaque de Niobium Plaque de zirconium Plaque d&#8217;hafnium Plaque de vanadium Plaque de titane Plaque de rh\u00e9nium<\/p>\n","protected":false},"author":1,"featured_media":0,"parent":0,"menu_order":22,"comment_status":"closed","ping_status":"closed","template":"tpl-default-elementor.php","meta":{"_seopress_robots_primary_cat":"","_seopress_titles_title":"Plaques en m\u00e9tal r\u00e9fractaire, cat\u00e9gorie des t\u00f4les","_seopress_titles_desc":"Trouvez des plaques m\u00e9talliques de haute qualit\u00e9 pour vos besoins industriels chez MetalsTek ! Explorez nos options de plaques m\u00e9talliques durables et polyvalentes pour diverses applications ! ","_seopress_robots_index":"","_monsterinsights_skip_tracking":false,"_monsterinsights_sitenote_active":false,"_monsterinsights_sitenote_note":"","_monsterinsights_sitenote_category":0,"footnotes":""},"_links":{"self":[{"href":"https:\/\/metalstek.com\/fr\/wp-json\/wp\/v2\/pages\/53114"}],"collection":[{"href":"https:\/\/metalstek.com\/fr\/wp-json\/wp\/v2\/pages"}],"about":[{"href":"https:\/\/metalstek.com\/fr\/wp-json\/wp\/v2\/types\/page"}],"author":[{"embeddable":true,"href":"https:\/\/metalstek.com\/fr\/wp-json\/wp\/v2\/users\/1"}],"replies":[{"embeddable":true,"href":"https:\/\/metalstek.com\/fr\/wp-json\/wp\/v2\/comments?post=53114"}],"version-history":[{"count":1,"href":"https:\/\/metalstek.com\/fr\/wp-json\/wp\/v2\/pages\/53114\/revisions"}],"predecessor-version":[{"id":53115,"href":"https:\/\/metalstek.com\/fr\/wp-json\/wp\/v2\/pages\/53114\/revisions\/53115"}],"wp:attachment":[{"href":"https:\/\/metalstek.com\/fr\/wp-json\/wp\/v2\/media?parent=53114"}],"curies":[{"name":"wp","href":"https:\/\/api.w.org\/{rel}","templated":true}]}}