{"id":53151,"date":"2024-02-01T17:14:13","date_gmt":"2024-02-01T09:14:13","guid":{"rendered":"https:\/\/metalstek.com\/produits-lies-au-fil-metallique\/"},"modified":"2025-05-06T14:53:53","modified_gmt":"2025-05-06T06:53:53","slug":"produits-lies-au-fil-metallique","status":"publish","type":"page","link":"https:\/\/metalstek.com\/fr\/produits-lies-au-fil-metallique\/","title":{"rendered":"Produits li\u00e9s au fil m\u00e9tallique"},"content":{"rendered":"\t\t<div data-elementor-type=\"wp-page\" data-elementor-id=\"53151\" class=\"elementor elementor-53151 elementor-13270\" data-elementor-post-type=\"page\">\n\t\t\t\t<div class=\"elementor-element elementor-element-f25574a e-flex e-con-boxed elementor-repeater-item-default_padding elementor-repeater-item-none elementor-repeater-item-none_hover e-con e-parent\" data-id=\"f25574a\" data-element_type=\"container\" data-settings=\"{&quot;ang_container_spacing_size&quot;:&quot;default_padding&quot;}\" data-core-v316-plus=\"true\">\n\t\t\t\t\t<div class=\"e-con-inner\">\n\t\t<div class=\"elementor-element elementor-element-b8c98f2 e-flex e-con-boxed elementor-repeater-item-default_padding elementor-repeater-item-none elementor-repeater-item-none_hover e-con e-child\" data-id=\"b8c98f2\" data-element_type=\"container\" data-settings=\"{&quot;ang_container_spacing_size&quot;:&quot;default_padding&quot;}\">\n\t\t\t\t\t<div class=\"e-con-inner\">\n\t\t\t\t<div class=\"elementor-element elementor-element-c71d731 elementor-repeater-item-none elementor-repeater-item-none_hover elementor-widget elementor-widget-template\" data-id=\"c71d731\" data-element_type=\"widget\" data-widget_type=\"template.default\">\n\t\t\t\t<div class=\"elementor-widget-container\">\n\t\t\t\t\t<div class=\"elementor-template\">\n\t\t\t\t\t<div data-elementor-type=\"container\" data-elementor-id=\"2018\" class=\"elementor elementor-2018\" data-elementor-post-type=\"elementor_library\">\n\t\t\t\t<div class=\"elementor-element elementor-element-566b6908 e-flex e-con-boxed elementor-repeater-item-default_padding elementor-repeater-item-none elementor-repeater-item-none_hover e-con e-parent\" data-id=\"566b6908\" data-element_type=\"container\" data-settings=\"{&quot;background_background&quot;:&quot;video&quot;,&quot;background_video_link&quot;:&quot;https:\\\/\\\/metalstek.com\\\/wp-content\\\/uploads\\\/2024\\\/10\\\/1\\u670810\\u65e5-2.mp4&quot;,&quot;ang_container_spacing_size&quot;:&quot;default_padding&quot;}\" data-core-v316-plus=\"true\">\n\t\t\t\t\t<div class=\"e-con-inner\">\n\t\t<div class=\"elementor-background-video-container elementor-hidden-phone\">\n\t\t\t\t\t\t\t<video class=\"elementor-background-video-hosted elementor-html5-video\" autoplay muted playsinline loop><\/video>\n\t\t\t\t\t<\/div><div class=\"elementor-element elementor-element-20228167 e-con-full e-flex elementor-repeater-item-default_padding elementor-repeater-item-none elementor-repeater-item-none_hover e-con e-child\" data-id=\"20228167\" data-element_type=\"container\" data-settings=\"{&quot;ang_container_spacing_size&quot;:&quot;default_padding&quot;}\">\n\t\t\t\t<div class=\"elementor-element elementor-element-5aad3bb8 elementor-repeater-item-none elementor-repeater-item-none_hover elementor-widget elementor-widget-heading\" data-id=\"5aad3bb8\" data-element_type=\"widget\" id=\"bannerTitle\" data-widget_type=\"heading.default\">\n\t\t\t\t<div class=\"elementor-widget-container\">\n\t\t\t<style>\/*! elementor - v3.20.0 - 26-03-2024 *\/\n.elementor-heading-title{padding:0;margin:0;line-height:1}.elementor-widget-heading .elementor-heading-title[class*=elementor-size-]>a{color:inherit;font-size:inherit;line-height:inherit}.elementor-widget-heading .elementor-heading-title.elementor-size-small{font-size:15px}.elementor-widget-heading .elementor-heading-title.elementor-size-medium{font-size:19px}.elementor-widget-heading .elementor-heading-title.elementor-size-large{font-size:29px}.elementor-widget-heading .elementor-heading-title.elementor-size-xl{font-size:39px}.elementor-widget-heading .elementor-heading-title.elementor-size-xxl{font-size:59px}<\/style><h1 class=\"elementor-heading-title elementor-size-default\">Produits li\u00e9s au fil m\u00e9tallique<\/h1>\t\t<\/div>\n\t\t\t\t<\/div>\n\t\t\t\t<div class=\"elementor-element elementor-element-75fd0533 elementor-repeater-item-none elementor-repeater-item-none_hover elementor-widget elementor-widget-woocommerce-breadcrumb\" data-id=\"75fd0533\" data-element_type=\"widget\" data-widget_type=\"woocommerce-breadcrumb.default\">\n\t\t\t\t<div class=\"elementor-widget-container\">\n\t\t\t<link rel=\"stylesheet\" href=\"https:\/\/metalstek.com\/wp-content\/plugins\/elementor-pro\/assets\/css\/widget-woocommerce.min.css\"><nav class=\"woocommerce-breadcrumb\" aria-label=\"Breadcrumb\">Accueil<\/nav>\t\t<\/div>\n\t\t\t\t<\/div>\n\t\t\t\t<\/div>\n\t\t\t\t\t<\/div>\n\t\t\t\t<\/div>\n\t\t\t\t<\/div>\n\t\t\t\t<\/div>\n\t\t\t\t<\/div>\n\t\t\t\t<\/div>\n\t\t\t\t\t<\/div>\n\t\t\t\t<\/div>\n\t\t<div class=\"elementor-element elementor-element-70fedc9 e-flex e-con-boxed elementor-repeater-item-default_padding elementor-repeater-item-none elementor-repeater-item-none_hover e-con e-child\" data-id=\"70fedc9\" data-element_type=\"container\" data-settings=\"{&quot;ang_container_spacing_size&quot;:&quot;default_padding&quot;}\">\n\t\t\t\t\t<div class=\"e-con-inner\">\n\t\t<div class=\"elementor-element elementor-element-99869e2 e-flex e-con-boxed elementor-repeater-item-default_padding elementor-repeater-item-none elementor-repeater-item-none_hover e-con e-child\" data-id=\"99869e2\" data-element_type=\"container\" data-settings=\"{&quot;ang_container_spacing_size&quot;:&quot;default_padding&quot;}\">\n\t\t\t\t\t<div class=\"e-con-inner\">\n\t\t\t\t<div class=\"elementor-element elementor-element-86a81ad elementor-repeater-item-none elementor-repeater-item-none_hover elementor-widget elementor-widget-heading\" data-id=\"86a81ad\" data-element_type=\"widget\" data-widget_type=\"heading.default\">\n\t\t\t\t<div class=\"elementor-widget-container\">\n\t\t\t<h2 class=\"elementor-heading-title elementor-size-default\">Fil de fer<\/h2>\t\t<\/div>\n\t\t\t\t<\/div>\n\t\t<div class=\"elementor-element elementor-element-f475ddd elementor-repeater-item-none elementor-repeater-item-none_hover e-flex e-con-boxed elementor-repeater-item-default_padding elementor-invisible e-con e-child\" data-id=\"f475ddd\" data-element_type=\"container\" data-settings=\"{&quot;animation&quot;:&quot;slideInDown&quot;,&quot;ang_container_spacing_size&quot;:&quot;default_padding&quot;}\">\n\t\t\t\t\t<div class=\"e-con-inner\">\n\t\t<div class=\"elementor-element elementor-element-ef51e93 e-con-full elementor-repeater-item-none elementor-repeater-item-none_hover sd e-flex elementor-repeater-item-default_padding e-con e-child\" data-id=\"ef51e93\" data-element_type=\"container\" data-settings=\"{&quot;ang_container_spacing_size&quot;:&quot;default_padding&quot;}\">\n\t\t\t\t<div class=\"elementor-element elementor-element-59e5948 sdimg external_elementor-repeater-item-none_external elementor-repeater-item-none elementor-repeater-item-none_hover elementor-widget elementor-widget-image\" data-id=\"59e5948\" data-element_type=\"widget\" data-widget_type=\"image.default\">\n\t\t\t\t<div class=\"elementor-widget-container\">\n\t\t\t<style>\/*! elementor - v3.20.0 - 26-03-2024 *\/\n.elementor-widget-image{text-align:center}.elementor-widget-image a{display:inline-block}.elementor-widget-image a img[src$=\".svg\"]{width:48px}.elementor-widget-image img{vertical-align:middle;display:inline-block}<\/style>\t\t\t\t\t\t\t<figure class=\"wp-caption\">\n\t\t\t\t\t\t\t\t\t\t\t<a href=\"https:\/\/metalstek.com\/refractory-metals\/tantalum\/tantalum-evaporation-materials\/\">\n\t\t\t\t\t\t\t<img fetchpriority=\"high\" decoding=\"async\" width=\"1000\" height=\"1000\" src=\"https:\/\/metalstek.com\/wp-content\/uploads\/2023\/12\/Wire.jpg\" class=\"attachment-full size-full wp-image-36818\" alt=\"wire-tungsten\" srcset=\"https:\/\/metalstek.com\/wp-content\/uploads\/2023\/12\/Wire.jpg 1000w, https:\/\/metalstek.com\/wp-content\/uploads\/2023\/12\/Wire-300x300.jpg 300w, https:\/\/metalstek.com\/wp-content\/uploads\/2023\/12\/Wire-150x150.jpg 150w, https:\/\/metalstek.com\/wp-content\/uploads\/2023\/12\/Wire-768x768.jpg 768w, https:\/\/metalstek.com\/wp-content\/uploads\/2023\/12\/Wire-100x100.jpg 100w, https:\/\/metalstek.com\/wp-content\/uploads\/2023\/12\/Wire-68x68.jpg 68w, https:\/\/metalstek.com\/wp-content\/uploads\/2023\/12\/Wire-600x600.jpg 600w, https:\/\/metalstek.com\/wp-content\/uploads\/2023\/12\/Wire-64x64.jpg 64w\" sizes=\"(max-width: 1000px) 100vw, 1000px\" \/>\t\t\t\t\t\t\t\t<\/a>\n\t\t\t\t\t\t\t\t\t\t\t<figcaption class=\"widget-image-caption wp-caption-text\">Fil de tungst\u00e8ne<\/figcaption>\n\t\t\t\t\t\t\t\t\t\t<\/figure>\n\t\t\t\t\t\t\t<\/div>\n\t\t\t\t<\/div>\n\t\t\t\t<\/div>\n\t\t<div class=\"elementor-element elementor-element-89bd527 e-con-full elementor-repeater-item-none elementor-repeater-item-none_hover sd e-flex elementor-repeater-item-default_padding e-con e-child\" data-id=\"89bd527\" data-element_type=\"container\" data-settings=\"{&quot;ang_container_spacing_size&quot;:&quot;default_padding&quot;}\">\n\t\t\t\t<div class=\"elementor-element elementor-element-9edda09 sdimg external_elementor-repeater-item-none_external elementor-repeater-item-none elementor-repeater-item-none_hover elementor-widget elementor-widget-image\" data-id=\"9edda09\" data-element_type=\"widget\" data-widget_type=\"image.default\">\n\t\t\t\t<div class=\"elementor-widget-container\">\n\t\t\t\t\t\t\t\t\t\t<figure class=\"wp-caption\">\n\t\t\t\t\t\t\t\t\t\t\t<a href=\"https:\/\/metalstek.com\/refractory-metals\/tantalum\/tantalum-sputtering-targets\/\">\n\t\t\t\t\t\t\t<img decoding=\"async\" width=\"537\" height=\"437\" src=\"https:\/\/metalstek.com\/wp-content\/uploads\/2023\/12\/Moly-Wire.webp\" class=\"attachment-full size-full wp-image-36902\" alt=\"moly-wire\" srcset=\"https:\/\/metalstek.com\/wp-content\/uploads\/2023\/12\/Moly-Wire.webp 537w, https:\/\/metalstek.com\/wp-content\/uploads\/2023\/12\/Moly-Wire-300x244.webp 300w, https:\/\/metalstek.com\/wp-content\/uploads\/2023\/12\/Moly-Wire-64x52.webp 64w\" sizes=\"(max-width: 537px) 100vw, 537px\" \/>\t\t\t\t\t\t\t\t<\/a>\n\t\t\t\t\t\t\t\t\t\t\t<figcaption class=\"widget-image-caption wp-caption-text\">Fil de molybd\u00e8ne<\/figcaption>\n\t\t\t\t\t\t\t\t\t\t<\/figure>\n\t\t\t\t\t\t\t<\/div>\n\t\t\t\t<\/div>\n\t\t\t\t<\/div>\n\t\t<div class=\"elementor-element elementor-element-4c9d2ab e-con-full elementor-repeater-item-none elementor-repeater-item-none_hover sd e-flex elementor-repeater-item-default_padding e-con e-child\" data-id=\"4c9d2ab\" data-element_type=\"container\" data-settings=\"{&quot;ang_container_spacing_size&quot;:&quot;default_padding&quot;}\">\n\t\t\t\t<div class=\"elementor-element elementor-element-14c6dd8 sdimg external_elementor-repeater-item-none_external elementor-repeater-item-none elementor-repeater-item-none_hover elementor-widget elementor-widget-image\" data-id=\"14c6dd8\" data-element_type=\"widget\" data-widget_type=\"image.default\">\n\t\t\t\t<div class=\"elementor-widget-container\">\n\t\t\t\t\t\t\t\t\t\t<figure class=\"wp-caption\">\n\t\t\t\t\t\t\t\t\t\t\t<a href=\"https:\/\/metalstek.com\/refractory-metals\/tantalum\/tantalum-wire\/\">\n\t\t\t\t\t\t\t<img decoding=\"async\" width=\"501\" height=\"390\" src=\"https:\/\/metalstek.com\/wp-content\/uploads\/2024\/01\/Tantalum-Wire-e1706077358635.jpg\" class=\"attachment-full size-full wp-image-39123\" alt=\"tantalum-wire\" srcset=\"https:\/\/metalstek.com\/wp-content\/uploads\/2024\/01\/Tantalum-Wire-e1706077358635.jpg 501w, https:\/\/metalstek.com\/wp-content\/uploads\/2024\/01\/Tantalum-Wire-e1706077358635-300x234.jpg 300w, https:\/\/metalstek.com\/wp-content\/uploads\/2024\/01\/Tantalum-Wire-e1706077358635-64x50.jpg 64w\" sizes=\"(max-width: 501px) 100vw, 501px\" \/>\t\t\t\t\t\t\t\t<\/a>\n\t\t\t\t\t\t\t\t\t\t\t<figcaption class=\"widget-image-caption wp-caption-text\">Fil de tantale<\/figcaption>\n\t\t\t\t\t\t\t\t\t\t<\/figure>\n\t\t\t\t\t\t\t<\/div>\n\t\t\t\t<\/div>\n\t\t\t\t<\/div>\n\t\t<div class=\"elementor-element elementor-element-e723a97 e-con-full elementor-repeater-item-none elementor-repeater-item-none_hover sd e-flex elementor-repeater-item-default_padding e-con e-child\" data-id=\"e723a97\" data-element_type=\"container\" data-settings=\"{&quot;ang_container_spacing_size&quot;:&quot;default_padding&quot;}\">\n\t\t\t\t<div class=\"elementor-element elementor-element-9236bac sdimg external_elementor-repeater-item-none_external elementor-repeater-item-none elementor-repeater-item-none_hover elementor-widget elementor-widget-image\" data-id=\"9236bac\" data-element_type=\"widget\" data-widget_type=\"image.default\">\n\t\t\t\t<div class=\"elementor-widget-container\">\n\t\t\t\t\t\t\t\t\t\t<figure class=\"wp-caption\">\n\t\t\t\t\t\t\t\t\t\t\t<a href=\"https:\/\/metalstek.com\/refractory-metals\/tantalum\/tantalum-rod\/\">\n\t\t\t\t\t\t\t<img loading=\"lazy\" decoding=\"async\" width=\"700\" height=\"700\" src=\"https:\/\/metalstek.com\/wp-content\/uploads\/2023\/12\/Niobium-Wire1.jpg.webp\" class=\"attachment-full size-full wp-image-36983\" alt=\"niobium-wire1-jpg\" srcset=\"https:\/\/metalstek.com\/wp-content\/uploads\/2023\/12\/Niobium-Wire1.jpg.webp 700w, https:\/\/metalstek.com\/wp-content\/uploads\/2023\/12\/Niobium-Wire1.jpg-300x300.webp 300w, https:\/\/metalstek.com\/wp-content\/uploads\/2023\/12\/Niobium-Wire1.jpg-150x150.webp 150w, https:\/\/metalstek.com\/wp-content\/uploads\/2023\/12\/Niobium-Wire1.jpg-100x100.webp 100w, https:\/\/metalstek.com\/wp-content\/uploads\/2023\/12\/Niobium-Wire1.jpg-68x68.webp 68w, https:\/\/metalstek.com\/wp-content\/uploads\/2023\/12\/Niobium-Wire1.jpg-600x600.webp 600w, https:\/\/metalstek.com\/wp-content\/uploads\/2023\/12\/Niobium-Wire1.jpg-64x64.webp 64w\" sizes=\"(max-width: 700px) 100vw, 700px\" \/>\t\t\t\t\t\t\t\t<\/a>\n\t\t\t\t\t\t\t\t\t\t\t<figcaption class=\"widget-image-caption wp-caption-text\">Fil de Niobium<\/figcaption>\n\t\t\t\t\t\t\t\t\t\t<\/figure>\n\t\t\t\t\t\t\t<\/div>\n\t\t\t\t<\/div>\n\t\t\t\t<\/div>\n\t\t\t\t\t<\/div>\n\t\t\t\t<\/div>\n\t\t<div class=\"elementor-element elementor-element-f2baff0 elementor-repeater-item-none elementor-repeater-item-none_hover e-flex e-con-boxed elementor-repeater-item-default_padding elementor-invisible e-con e-child\" data-id=\"f2baff0\" data-element_type=\"container\" data-settings=\"{&quot;animation&quot;:&quot;slideInDown&quot;,&quot;ang_container_spacing_size&quot;:&quot;default_padding&quot;}\">\n\t\t\t\t\t<div class=\"e-con-inner\">\n\t\t<div class=\"elementor-element elementor-element-7559662 e-con-full elementor-repeater-item-none elementor-repeater-item-none_hover sd e-flex elementor-repeater-item-default_padding e-con e-child\" data-id=\"7559662\" data-element_type=\"container\" data-settings=\"{&quot;ang_container_spacing_size&quot;:&quot;default_padding&quot;}\">\n\t\t\t\t<div class=\"elementor-element elementor-element-4843019 sdimg external_elementor-repeater-item-none_external elementor-repeater-item-none elementor-repeater-item-none_hover elementor-widget elementor-widget-image\" data-id=\"4843019\" data-element_type=\"widget\" data-widget_type=\"image.default\">\n\t\t\t\t<div class=\"elementor-widget-container\">\n\t\t\t\t\t\t\t\t\t\t<figure class=\"wp-caption\">\n\t\t\t\t\t\t\t\t\t\t\t<a href=\"https:\/\/metalstek.com\/refractory-metals\/zirconium\/zirconium-sheet-foil-2\/\">\n\t\t\t\t\t\t\t<img loading=\"lazy\" decoding=\"async\" width=\"800\" height=\"800\" src=\"https:\/\/metalstek.com\/wp-content\/uploads\/2024\/02\/zr-Wire.jpg\" class=\"attachment-full size-full wp-image-40863\" alt=\"zr-wire\" srcset=\"https:\/\/metalstek.com\/wp-content\/uploads\/2024\/02\/zr-Wire.jpg 800w, https:\/\/metalstek.com\/wp-content\/uploads\/2024\/02\/zr-Wire-300x300.jpg 300w, https:\/\/metalstek.com\/wp-content\/uploads\/2024\/02\/zr-Wire-150x150.jpg 150w, https:\/\/metalstek.com\/wp-content\/uploads\/2024\/02\/zr-Wire-768x768.jpg 768w, https:\/\/metalstek.com\/wp-content\/uploads\/2024\/02\/zr-Wire-100x100.jpg 100w, https:\/\/metalstek.com\/wp-content\/uploads\/2024\/02\/zr-Wire-68x68.jpg 68w, https:\/\/metalstek.com\/wp-content\/uploads\/2024\/02\/zr-Wire-600x600.jpg 600w, https:\/\/metalstek.com\/wp-content\/uploads\/2024\/02\/zr-Wire-64x64.jpg 64w\" sizes=\"(max-width: 800px) 100vw, 800px\" \/>\t\t\t\t\t\t\t\t<\/a>\n\t\t\t\t\t\t\t\t\t\t\t<figcaption class=\"widget-image-caption wp-caption-text\">Fil de zirconium<\/figcaption>\n\t\t\t\t\t\t\t\t\t\t<\/figure>\n\t\t\t\t\t\t\t<\/div>\n\t\t\t\t<\/div>\n\t\t\t\t<\/div>\n\t\t<div class=\"elementor-element elementor-element-ac91db2 e-con-full elementor-repeater-item-none elementor-repeater-item-none_hover sd e-flex elementor-repeater-item-default_padding e-con e-child\" data-id=\"ac91db2\" data-element_type=\"container\" data-settings=\"{&quot;ang_container_spacing_size&quot;:&quot;default_padding&quot;}\">\n\t\t\t\t<div class=\"elementor-element elementor-element-42c0154 sdimg external_elementor-repeater-item-none_external elementor-repeater-item-none elementor-repeater-item-none_hover elementor-widget elementor-widget-image\" data-id=\"42c0154\" data-element_type=\"widget\" data-widget_type=\"image.default\">\n\t\t\t\t<div class=\"elementor-widget-container\">\n\t\t\t\t\t\t\t\t\t\t<figure class=\"wp-caption\">\n\t\t\t\t\t\t\t\t\t\t\t<a href=\"https:\/\/metalstek.com\/refractory-metals\/tantalum\/tantalum-plate-bar\/\">\n\t\t\t\t\t\t\t<img loading=\"lazy\" decoding=\"async\" width=\"559\" height=\"447\" src=\"https:\/\/metalstek.com\/wp-content\/uploads\/2024\/01\/1644459466-normal-Hafnium_Wire-removebg-preview.png\" class=\"attachment-full size-full wp-image-38923\" alt=\"1644459466-normal-hafnium_wire-removebg-preview\" srcset=\"https:\/\/metalstek.com\/wp-content\/uploads\/2024\/01\/1644459466-normal-Hafnium_Wire-removebg-preview.png 559w, https:\/\/metalstek.com\/wp-content\/uploads\/2024\/01\/1644459466-normal-Hafnium_Wire-removebg-preview-300x240.png 300w, https:\/\/metalstek.com\/wp-content\/uploads\/2024\/01\/1644459466-normal-Hafnium_Wire-removebg-preview-64x51.png 64w\" sizes=\"(max-width: 559px) 100vw, 559px\" \/>\t\t\t\t\t\t\t\t<\/a>\n\t\t\t\t\t\t\t\t\t\t\t<figcaption class=\"widget-image-caption wp-caption-text\">Fil d'hafnium<\/figcaption>\n\t\t\t\t\t\t\t\t\t\t<\/figure>\n\t\t\t\t\t\t\t<\/div>\n\t\t\t\t<\/div>\n\t\t\t\t<\/div>\n\t\t<div class=\"elementor-element elementor-element-2787319 e-con-full elementor-repeater-item-none elementor-repeater-item-none_hover sd e-flex elementor-repeater-item-default_padding e-con e-child\" data-id=\"2787319\" data-element_type=\"container\" data-settings=\"{&quot;ang_container_spacing_size&quot;:&quot;default_padding&quot;}\">\n\t\t\t\t<div class=\"elementor-element elementor-element-41a7184 sdimg external_elementor-repeater-item-none_external elementor-repeater-item-none elementor-repeater-item-none_hover elementor-widget elementor-widget-image\" data-id=\"41a7184\" data-element_type=\"widget\" data-widget_type=\"image.default\">\n\t\t\t\t<div class=\"elementor-widget-container\">\n\t\t\t\t\t\t\t\t\t\t<figure class=\"wp-caption\">\n\t\t\t\t\t\t\t\t\t\t\t<a href=\"https:\/\/metalstek.com\/refractory-metals\/tantalum\/tantalum-tube-2\/\">\n\t\t\t\t\t\t\t<img loading=\"lazy\" decoding=\"async\" width=\"800\" height=\"600\" src=\"https:\/\/metalstek.com\/wp-content\/uploads\/2024\/02\/Vanadium-Wire.jpg\" class=\"attachment-full size-full wp-image-40751\" alt=\"vanadium-wire\" srcset=\"https:\/\/metalstek.com\/wp-content\/uploads\/2024\/02\/Vanadium-Wire.jpg 800w, https:\/\/metalstek.com\/wp-content\/uploads\/2024\/02\/Vanadium-Wire-300x225.jpg 300w, https:\/\/metalstek.com\/wp-content\/uploads\/2024\/02\/Vanadium-Wire-768x576.jpg 768w, https:\/\/metalstek.com\/wp-content\/uploads\/2024\/02\/Vanadium-Wire-600x450.jpg 600w, https:\/\/metalstek.com\/wp-content\/uploads\/2024\/02\/Vanadium-Wire-64x48.jpg 64w\" sizes=\"(max-width: 800px) 100vw, 800px\" \/>\t\t\t\t\t\t\t\t<\/a>\n\t\t\t\t\t\t\t\t\t\t\t<figcaption class=\"widget-image-caption wp-caption-text\">Fil de vanadium<\/figcaption>\n\t\t\t\t\t\t\t\t\t\t<\/figure>\n\t\t\t\t\t\t\t<\/div>\n\t\t\t\t<\/div>\n\t\t\t\t<\/div>\n\t\t<div class=\"elementor-element elementor-element-b2e489a e-con-full elementor-repeater-item-none elementor-repeater-item-none_hover sd e-flex elementor-repeater-item-default_padding e-con e-child\" data-id=\"b2e489a\" data-element_type=\"container\" data-settings=\"{&quot;ang_container_spacing_size&quot;:&quot;default_padding&quot;}\">\n\t\t\t\t<div class=\"elementor-element elementor-element-580dbf5 sdimg external_elementor-repeater-item-none_external elementor-repeater-item-none elementor-repeater-item-none_hover elementor-widget elementor-widget-image\" data-id=\"580dbf5\" data-element_type=\"widget\" data-widget_type=\"image.default\">\n\t\t\t\t<div class=\"elementor-widget-container\">\n\t\t\t\t\t\t\t\t\t\t<figure class=\"wp-caption\">\n\t\t\t\t\t\t\t\t\t\t\t<a href=\"https:\/\/metalstek.com\/refractory-metals\/tantalum\/tantalum-metals-2\/\">\n\t\t\t\t\t\t\t<img loading=\"lazy\" decoding=\"async\" width=\"790\" height=\"790\" src=\"https:\/\/metalstek.com\/wp-content\/uploads\/2024\/01\/Titanium-Wire-e1718167643574.png\" class=\"attachment-full size-full wp-image-39319\" alt=\"titanium-wire\" srcset=\"https:\/\/metalstek.com\/wp-content\/uploads\/2024\/01\/Titanium-Wire-e1718167643574.png 790w, https:\/\/metalstek.com\/wp-content\/uploads\/2024\/01\/Titanium-Wire-e1718167643574-300x300.png 300w, https:\/\/metalstek.com\/wp-content\/uploads\/2024\/01\/Titanium-Wire-e1718167643574-150x150.png 150w, https:\/\/metalstek.com\/wp-content\/uploads\/2024\/01\/Titanium-Wire-e1718167643574-768x768.png 768w, https:\/\/metalstek.com\/wp-content\/uploads\/2024\/01\/Titanium-Wire-e1718167643574-100x100.png 100w, https:\/\/metalstek.com\/wp-content\/uploads\/2024\/01\/Titanium-Wire-e1718167643574-68x68.png 68w, https:\/\/metalstek.com\/wp-content\/uploads\/2024\/01\/Titanium-Wire-e1718167643574-600x600.png 600w\" sizes=\"(max-width: 790px) 100vw, 790px\" \/>\t\t\t\t\t\t\t\t<\/a>\n\t\t\t\t\t\t\t\t\t\t\t<figcaption class=\"widget-image-caption wp-caption-text\">Fil de titane<\/figcaption>\n\t\t\t\t\t\t\t\t\t\t<\/figure>\n\t\t\t\t\t\t\t<\/div>\n\t\t\t\t<\/div>\n\t\t\t\t<\/div>\n\t\t\t\t\t<\/div>\n\t\t\t\t<\/div>\n\t\t<div class=\"elementor-element elementor-element-43b2175 elementor-repeater-item-none elementor-repeater-item-none_hover e-flex e-con-boxed elementor-repeater-item-default_padding elementor-invisible e-con e-child\" data-id=\"43b2175\" data-element_type=\"container\" data-settings=\"{&quot;animation&quot;:&quot;slideInDown&quot;,&quot;ang_container_spacing_size&quot;:&quot;default_padding&quot;}\">\n\t\t\t\t\t<div class=\"e-con-inner\">\n\t\t<div class=\"elementor-element elementor-element-13de961 e-con-full elementor-repeater-item-none elementor-repeater-item-none_hover sd e-flex elementor-repeater-item-default_padding e-con e-child\" data-id=\"13de961\" data-element_type=\"container\" data-settings=\"{&quot;ang_container_spacing_size&quot;:&quot;default_padding&quot;}\">\n\t\t\t\t<div class=\"elementor-element elementor-element-199ac09 sdimg external_elementor-repeater-item-none_external elementor-repeater-item-none elementor-repeater-item-none_hover elementor-widget elementor-widget-image\" data-id=\"199ac09\" data-element_type=\"widget\" data-widget_type=\"image.default\">\n\t\t\t\t<div class=\"elementor-widget-container\">\n\t\t\t\t\t\t\t\t\t\t<figure class=\"wp-caption\">\n\t\t\t\t\t\t\t\t\t\t\t<a href=\"https:\/\/metalstek.com\/refractory-metals\/tantalum\/tantalum-powders-2\/\">\n\t\t\t\t\t\t\t<img loading=\"lazy\" decoding=\"async\" width=\"312\" height=\"219\" src=\"https:\/\/metalstek.com\/wp-content\/uploads\/2024\/02\/Rhenium-Wire1.png\" class=\"attachment-full size-full wp-image-40771\" alt=\"rhenium-wire1\" srcset=\"https:\/\/metalstek.com\/wp-content\/uploads\/2024\/02\/Rhenium-Wire1.png 312w, https:\/\/metalstek.com\/wp-content\/uploads\/2024\/02\/Rhenium-Wire1-300x211.png 300w, https:\/\/metalstek.com\/wp-content\/uploads\/2024\/02\/Rhenium-Wire1-64x45.png 64w\" sizes=\"(max-width: 312px) 100vw, 312px\" \/>\t\t\t\t\t\t\t\t<\/a>\n\t\t\t\t\t\t\t\t\t\t\t<figcaption class=\"widget-image-caption wp-caption-text\">Fil de rh\u00e9nium<\/figcaption>\n\t\t\t\t\t\t\t\t\t\t<\/figure>\n\t\t\t\t\t\t\t<\/div>\n\t\t\t\t<\/div>\n\t\t\t\t<\/div>\n\t\t\t\t\t<\/div>\n\t\t\t\t<\/div>\n\t\t\t\t\t<\/div>\n\t\t\t\t<\/div>\n\t\t\t\t\t<\/div>\n\t\t\t\t<\/div>\n\t\t\t\t\t<\/div>\n\t\t\t\t<\/div>\n\t\t\t\t<\/div>\n\t\t","protected":false},"excerpt":{"rendered":"<p>Fil de fer Fil de tungst\u00e8ne Fil de molybd\u00e8ne Fil de tantale Fil de Niobium Fil de zirconium Fil d&#8217;hafnium Fil de vanadium Fil de titane Fil de rh\u00e9nium<\/p>\n","protected":false},"author":1,"featured_media":0,"parent":0,"menu_order":21,"comment_status":"closed","ping_status":"closed","template":"tpl-default-elementor.php","meta":{"_seopress_robots_primary_cat":"","_seopress_titles_title":"","_seopress_titles_desc":"","_seopress_robots_index":"","_monsterinsights_skip_tracking":false,"_monsterinsights_sitenote_active":false,"_monsterinsights_sitenote_note":"","_monsterinsights_sitenote_category":0,"footnotes":""},"_links":{"self":[{"href":"https:\/\/metalstek.com\/fr\/wp-json\/wp\/v2\/pages\/53151"}],"collection":[{"href":"https:\/\/metalstek.com\/fr\/wp-json\/wp\/v2\/pages"}],"about":[{"href":"https:\/\/metalstek.com\/fr\/wp-json\/wp\/v2\/types\/page"}],"author":[{"embeddable":true,"href":"https:\/\/metalstek.com\/fr\/wp-json\/wp\/v2\/users\/1"}],"replies":[{"embeddable":true,"href":"https:\/\/metalstek.com\/fr\/wp-json\/wp\/v2\/comments?post=53151"}],"version-history":[{"count":1,"href":"https:\/\/metalstek.com\/fr\/wp-json\/wp\/v2\/pages\/53151\/revisions"}],"predecessor-version":[{"id":53152,"href":"https:\/\/metalstek.com\/fr\/wp-json\/wp\/v2\/pages\/53151\/revisions\/53152"}],"wp:attachment":[{"href":"https:\/\/metalstek.com\/fr\/wp-json\/wp\/v2\/media?parent=53151"}],"curies":[{"name":"wp","href":"https:\/\/api.w.org\/{rel}","templated":true}]}}